{"id":2352,"date":"2021-03-10T08:54:18","date_gmt":"2021-03-10T07:54:18","guid":{"rendered":"https:\/\/lsr-bw.de\/seniorenraete\/reutlingen\/informationen\/links\/buergerschaftliches-engagement\/"},"modified":"2021-03-10T08:57:57","modified_gmt":"2021-03-10T07:57:57","slug":"buergerschaftliches-engagement","status":"publish","type":"page","link":"https:\/\/lsr-bw.de\/seniorenraete\/reutlingen\/informationen\/links\/buergerschaftliches-engagement\/","title":{"rendered":"B\u00fcrgerschaftliches Engagement"},"content":{"rendered":"<p><a href=\"https:\/\/drk-reutlingen.de\/angebote\/ehrenamt\/\" target=\"_blank\" rel=\"noopener\">aktiv-im-ehrenamt.de<\/a><\/p>\n<hr \/>\n<p><a href=\"http:\/\/www.arbes-bw.de\/\" target=\"_blank\" rel=\"noopener\">Arbeitsgemeinschaft des B\u00fcrgerschaftlichen Engagements &#8211; ARBES e.V.<\/a><\/p>\n<hr \/>\n<p><a href=\"https:\/\/www.b-b-e.de\/\" target=\"_blank\" rel=\"noopener\">Bundesnetzwerk B\u00fcrgerschaftliches Engagement<\/a><\/p>\n<hr \/>\n<p><a href=\"https:\/\/www.paritaet-bw.de\/\" target=\"_blank\" rel=\"noopener\">Parit\u00e4tisches Bildungswerk Landesverband BW<\/a><\/p>\n<hr \/>\n<p><a href=\"https:\/\/www.reutlingen.de\/de\/Leben\/Vereine-Institutionen\/Verein?view=publish&amp;item=club&amp;id=493\" target=\"_blank\" rel=\"noopener\">treffpunkt-fuer-aeltere.de<\/a><\/p>\n","protected":false},"excerpt":{"rendered":"<p>aktiv-im-ehrenamt.de Arbeitsgemeinschaft des B\u00fcrgerschaftlichen Engagements &#8211; ARBES e.V. Bundesnetzwerk B\u00fcrgerschaftliches Engagement Parit\u00e4tisches Bildungswerk Landesverband BW treffpunkt-fuer-aeltere.de<\/p>\n","protected":false},"author":8,"featured_media":0,"parent":2285,"menu_order":4,"comment_status":"closed","ping_status":"closed","template":"","meta":[],"_links":{"self":[{"href":"https:\/\/lsr-bw.de\/seniorenraete\/reutlingen\/wp-json\/wp\/v2\/pages\/2352"}],"collection":[{"href":"https:\/\/lsr-bw.de\/seniorenraete\/reutlingen\/wp-json\/wp\/v2\/pages"}],"about":[{"href":"https:\/\/lsr-bw.de\/seniorenraete\/reutlingen\/wp-json\/wp\/v2\/types\/page"}],"author":[{"embeddable":true,"href":"https:\/\/lsr-bw.de\/seniorenraete\/reutlingen\/wp-json\/wp\/v2\/users\/8"}],"replies":[{"embeddable":true,"href":"https:\/\/lsr-bw.de\/seniorenraete\/reutlingen\/wp-json\/wp\/v2\/comments?post=2352"}],"version-history":[{"count":2,"href":"https:\/\/lsr-bw.de\/seniorenraete\/reutlingen\/wp-json\/wp\/v2\/pages\/2352\/revisions"}],"predecessor-version":[{"id":2354,"href":"https:\/\/lsr-bw.de\/seniorenraete\/reutlingen\/wp-json\/wp\/v2\/pages\/2352\/revisions\/2354"}],"up":[{"embeddable":true,"href":"https:\/\/lsr-bw.de\/seniorenraete\/reutlingen\/wp-json\/wp\/v2\/pages\/2285"}],"wp:attachment":[{"href":"https:\/\/lsr-bw.de\/seniorenraete\/reutlingen\/wp-json\/wp\/v2\/media?parent=2352"}],"curies":[{"name":"wp","href":"https:\/\/api.w.org\/{rel}","templated":true}]}}