{"id":2342,"date":"2021-03-10T08:16:23","date_gmt":"2021-03-10T07:16:23","guid":{"rendered":"https:\/\/lsr-bw.de\/seniorenraete\/reutlingen\/informationen\/links\/verbraucherportale\/"},"modified":"2021-03-10T08:20:14","modified_gmt":"2021-03-10T07:20:14","slug":"verbraucherportale","status":"publish","type":"page","link":"https:\/\/lsr-bw.de\/seniorenraete\/reutlingen\/informationen\/links\/verbraucherportale\/","title":{"rendered":"Verbraucherportale"},"content":{"rendered":"<p><a href=\"https:\/\/www.awo-wuerttemberg.net\/\" target=\"_blank\" rel=\"noopener\">Arbeiterwohlfahrt Bezirksverband W\u00fcrttemberg<\/a><\/p>\n<hr \/>\n<p><a href=\"https:\/\/www.bmbf.de\/\" target=\"_blank\" rel=\"noopener\">Bundesministerium f\u00fcr Wirtschaft und Technologie<\/a><\/p>\n<hr \/>\n<p><a href=\"https:\/\/www.bmfsfj.de\/\" target=\"_blank\" rel=\"noopener\">Bundesministerium f\u00fcr Familien, Senioren, Frauen und Jugend<\/a><\/p>\n<hr \/>\n<p><a href=\"https:\/\/www.caritas-rottenburg-stuttgart.de\/\" target=\"_blank\" rel=\"noopener\">Caritasverband der Di\u00f6zese Rottenburg-Stuttgart e.V.<\/a><\/p>\n<hr \/>\n<p><a href=\"https:\/\/www.drk-baden-wuerttemberg.de\/\" target=\"_blank\" rel=\"noopener\">Deutsches Rotes Kreuz, Landesverband BW<\/a><\/p>\n<hr \/>\n<p><a href=\"https:\/\/www.devap.de\/\" target=\"_blank\" rel=\"noopener\">DEVAP Deutscher Evangelischer Verband f\u00fcr Altenarbeit und Pflege e.V.<\/a><\/p>\n<hr \/>\n<p><a href=\"https:\/\/www.diakonie-wuerttemberg.de\/\" target=\"_blank\" rel=\"noopener\">Diakonisches Werk der evangelischen Kirche in W\u00fcrttemberg e.V.<\/a><\/p>\n<hr \/>\n<p><a href=\"http:\/\/www.forum-katholische-seniorenarbeit.de\/\" target=\"_blank\" rel=\"noopener\">Forum Katholische Seniorenarbeit der DRS<\/a><\/p>\n<hr \/>\n<p><a href=\"https:\/\/kda.de\/\" target=\"_blank\" rel=\"noopener\">Kuratorium Deutsche Altenhilfe<\/a><\/p>\n<hr \/>\n<p><a href=\"http:\/\/www.lages-wue.de\/lages-home.html\" target=\"_blank\" rel=\"noopener\">Landesarbeitsgemeinschaft evangelischer Seniorinnen und Senioren in W\u00fcrttemberg e.V.<\/a><\/p>\n<hr \/>\n<p><a href=\"https:\/\/sozialministerium.baden-wuerttemberg.de\/de\/startseite\/\" target=\"_blank\" rel=\"noopener\">Ministerium f\u00fcr Arbeit und Sozialordnung, Familien und Senioren Baden-W\u00fcrttemberg<\/a><\/p>\n<hr \/>\n<p><a href=\"https:\/\/paritaet-bw.de\/\" target=\"_blank\" rel=\"noopener\">PARITAET-BW<\/a><\/p>\n<hr \/>\n<p><a href=\"https:\/\/www.vdk.de\/bawue\/\" target=\"_blank\" rel=\"noopener\">Sozialverband VdK &#8211; Landesverband Baden-W\u00fcrttemberg<\/a><\/p>\n<hr \/>\n<p><a href=\"https:\/\/www.verbraucherzentrale-bawue.de\/\" target=\"_blank\" rel=\"noopener\">Verbraucherzentrale Baden-W\u00fcrttemberg<\/a><\/p>\n","protected":false},"excerpt":{"rendered":"<p>Arbeiterwohlfahrt Bezirksverband W\u00fcrttemberg Bundesministerium f\u00fcr Wirtschaft und Technologie Bundesministerium f\u00fcr Familien, Senioren, Frauen und Jugend Caritasverband der Di\u00f6zese Rottenburg-Stuttgart e.V. [&hellip;]<\/p>\n","protected":false},"author":8,"featured_media":0,"parent":2285,"menu_order":1,"comment_status":"closed","ping_status":"closed","template":"","meta":[],"_links":{"self":[{"href":"https:\/\/lsr-bw.de\/seniorenraete\/reutlingen\/wp-json\/wp\/v2\/pages\/2342"}],"collection":[{"href":"https:\/\/lsr-bw.de\/seniorenraete\/reutlingen\/wp-json\/wp\/v2\/pages"}],"about":[{"href":"https:\/\/lsr-bw.de\/seniorenraete\/reutlingen\/wp-json\/wp\/v2\/types\/page"}],"author":[{"embeddable":true,"href":"https:\/\/lsr-bw.de\/seniorenraete\/reutlingen\/wp-json\/wp\/v2\/users\/8"}],"replies":[{"embeddable":true,"href":"https:\/\/lsr-bw.de\/seniorenraete\/reutlingen\/wp-json\/wp\/v2\/comments?post=2342"}],"version-history":[{"count":2,"href":"https:\/\/lsr-bw.de\/seniorenraete\/reutlingen\/wp-json\/wp\/v2\/pages\/2342\/revisions"}],"predecessor-version":[{"id":2344,"href":"https:\/\/lsr-bw.de\/seniorenraete\/reutlingen\/wp-json\/wp\/v2\/pages\/2342\/revisions\/2344"}],"up":[{"embeddable":true,"href":"https:\/\/lsr-bw.de\/seniorenraete\/reutlingen\/wp-json\/wp\/v2\/pages\/2285"}],"wp:attachment":[{"href":"https:\/\/lsr-bw.de\/seniorenraete\/reutlingen\/wp-json\/wp\/v2\/media?parent=2342"}],"curies":[{"name":"wp","href":"https:\/\/api.w.org\/{rel}","templated":true}]}}