{"id":2324,"date":"2021-03-09T15:03:08","date_gmt":"2021-03-09T14:03:08","guid":{"rendered":"https:\/\/lsr-bw.de\/seniorenraete\/reutlingen\/?page_id=2324"},"modified":"2021-08-01T12:16:30","modified_gmt":"2021-08-01T11:16:30","slug":"pflege-zu-hause","status":"publish","type":"page","link":"https:\/\/lsr-bw.de\/seniorenraete\/reutlingen\/informationen\/wohnen\/pflege-zu-hause\/","title":{"rendered":"Pflege zu Hause"},"content":{"rendered":"<p>Zwei Drittel der Pflegebed\u00fcrftigen werden zu Hause versorgt. F\u00fcr diese ambulante Pflege gibt es etliche Leistungen neben dem Pflegegeld f\u00fcr ehrenamtliche Pflege oder Pflegesachleistungen f\u00fcr zugelassene Pflegedienste, darunter Leistungen f\u00fcr Pflegevertretungen und Kurzzeitpflege, Zusch\u00fcsse zu Umbau oder Umzug sowie Ausleihe von Pflegehilfsmitteln wie Pflegebett und Rollstuhl.<\/p>\n<p>Unter bestimmten Voraussetzungen zahlt die Pflegekasse des Pflegebed\u00fcrftigen Beitr\u00e4ge f\u00fcr den Pflegenden an dessen Rentenkasse. In der Einkommensteuererk\u00e4rung d\u00fcrfen pflegende Angeh\u00f6rige einen Pflegepauschalbetrag geltend machen sowie anteilig Kosten f\u00fcr Pflege- und Betreuungsleistungen als &#8222;haushaltsnahe Dienstleistungen&#8220; direkt von der Steuerschuld abziehen.<\/p>\n","protected":false},"excerpt":{"rendered":"<p>Zwei Drittel der Pflegebed\u00fcrftigen werden zu Hause versorgt. F\u00fcr diese ambulante Pflege gibt es etliche Leistungen neben dem Pflegegeld f\u00fcr [&hellip;]<\/p>\n","protected":false},"author":8,"featured_media":0,"parent":2280,"menu_order":3,"comment_status":"closed","ping_status":"closed","template":"","meta":[],"_links":{"self":[{"href":"https:\/\/lsr-bw.de\/seniorenraete\/reutlingen\/wp-json\/wp\/v2\/pages\/2324"}],"collection":[{"href":"https:\/\/lsr-bw.de\/seniorenraete\/reutlingen\/wp-json\/wp\/v2\/pages"}],"about":[{"href":"https:\/\/lsr-bw.de\/seniorenraete\/reutlingen\/wp-json\/wp\/v2\/types\/page"}],"author":[{"embeddable":true,"href":"https:\/\/lsr-bw.de\/seniorenraete\/reutlingen\/wp-json\/wp\/v2\/users\/8"}],"replies":[{"embeddable":true,"href":"https:\/\/lsr-bw.de\/seniorenraete\/reutlingen\/wp-json\/wp\/v2\/comments?post=2324"}],"version-history":[{"count":1,"href":"https:\/\/lsr-bw.de\/seniorenraete\/reutlingen\/wp-json\/wp\/v2\/pages\/2324\/revisions"}],"predecessor-version":[{"id":2325,"href":"https:\/\/lsr-bw.de\/seniorenraete\/reutlingen\/wp-json\/wp\/v2\/pages\/2324\/revisions\/2325"}],"up":[{"embeddable":true,"href":"https:\/\/lsr-bw.de\/seniorenraete\/reutlingen\/wp-json\/wp\/v2\/pages\/2280"}],"wp:attachment":[{"href":"https:\/\/lsr-bw.de\/seniorenraete\/reutlingen\/wp-json\/wp\/v2\/media?parent=2324"}],"curies":[{"name":"wp","href":"https:\/\/api.w.org\/{rel}","templated":true}]}}