{"id":2322,"date":"2021-03-09T14:59:57","date_gmt":"2021-03-09T13:59:57","guid":{"rendered":"https:\/\/lsr-bw.de\/seniorenraete\/reutlingen\/?page_id=2322"},"modified":"2021-08-01T12:15:39","modified_gmt":"2021-08-01T11:15:39","slug":"wohnalternativen","status":"publish","type":"page","link":"https:\/\/lsr-bw.de\/seniorenraete\/reutlingen\/informationen\/wohnen\/wohnalternativen\/","title":{"rendered":"Wohnalternativen"},"content":{"rendered":"<p><strong>Wie findet man passende Wohnalternativen?<\/strong><\/p>\n<p>Das klassische Altenheim, Altenpflegeheim gibt es nicht mehr. Diese Angebote wurden ersetzt durch Altenwohnheime &#8211; Seniorenresidenzen &#8211; Seniorenstifte &#8211; Seniorenzentren &#8211; Betreutes Wohnen &#8211; generationen\u00fcbergreifendes Wohnen. Auch hier steht das Bem\u00fchen, aktuell zu sein. Verschiedene Tr\u00e4ger einer Errichtung, eines Heims, eines Dienstes sind f\u00fcr den Betrieb der Einrichtung verantwortlich. Somit gibt es verschiedene Anbieter:<\/p>\n<ul>\n<li>\u00f6ffentliche Tr\u00e4ger sind die Kommunen (St\u00e4dte und Gemeinden),<\/li>\n<li>kirchliche Tr\u00e4ger mit ihren Tr\u00e4gerorganisationen Caritas und Diakonie,<\/li>\n<li>frei gemeinn\u00fctzige Tr\u00e4ger wie Arbeiterwohlfahrt, Caritas, Diakonie, Parit\u00e4tischer Wohlfahrtsverband, Rotes Kreuz,<\/li>\n<li>Privat gewerbliche Tr\u00e4ger sind einzelne oder mehrere Privatpersonen, bzw. Gesellschafter.<\/li>\n<\/ul>\n<p>Eine \u00dcbersicht \u00fcber Betreuungsangebote im Bereich der offenen und station\u00e4ren Altenhilfe und \u00fcber die dort aufgef\u00fchrten Gemeinden und St\u00e4dte finden Sie unter <a href=\"https:\/\/www.heimverzeichnis.de\" target=\"_blank\" rel=\"noopener\">heimverzeichnis.de<\/a><\/p>\n","protected":false},"excerpt":{"rendered":"<p>Wie findet man passende Wohnalternativen? Das klassische Altenheim, Altenpflegeheim gibt es nicht mehr. Diese Angebote wurden ersetzt durch Altenwohnheime &#8211; [&hellip;]<\/p>\n","protected":false},"author":8,"featured_media":0,"parent":2280,"menu_order":2,"comment_status":"closed","ping_status":"closed","template":"","meta":[],"_links":{"self":[{"href":"https:\/\/lsr-bw.de\/seniorenraete\/reutlingen\/wp-json\/wp\/v2\/pages\/2322"}],"collection":[{"href":"https:\/\/lsr-bw.de\/seniorenraete\/reutlingen\/wp-json\/wp\/v2\/pages"}],"about":[{"href":"https:\/\/lsr-bw.de\/seniorenraete\/reutlingen\/wp-json\/wp\/v2\/types\/page"}],"author":[{"embeddable":true,"href":"https:\/\/lsr-bw.de\/seniorenraete\/reutlingen\/wp-json\/wp\/v2\/users\/8"}],"replies":[{"embeddable":true,"href":"https:\/\/lsr-bw.de\/seniorenraete\/reutlingen\/wp-json\/wp\/v2\/comments?post=2322"}],"version-history":[{"count":3,"href":"https:\/\/lsr-bw.de\/seniorenraete\/reutlingen\/wp-json\/wp\/v2\/pages\/2322\/revisions"}],"predecessor-version":[{"id":2567,"href":"https:\/\/lsr-bw.de\/seniorenraete\/reutlingen\/wp-json\/wp\/v2\/pages\/2322\/revisions\/2567"}],"up":[{"embeddable":true,"href":"https:\/\/lsr-bw.de\/seniorenraete\/reutlingen\/wp-json\/wp\/v2\/pages\/2280"}],"wp:attachment":[{"href":"https:\/\/lsr-bw.de\/seniorenraete\/reutlingen\/wp-json\/wp\/v2\/media?parent=2322"}],"curies":[{"name":"wp","href":"https:\/\/api.w.org\/{rel}","templated":true}]}}