{"id":2317,"date":"2021-03-09T14:47:30","date_gmt":"2021-03-09T13:47:30","guid":{"rendered":"https:\/\/lsr-bw.de\/seniorenraete\/reutlingen\/informationen\/wohnen\/wohnen-im-alter\/"},"modified":"2021-08-01T12:08:32","modified_gmt":"2021-08-01T11:08:32","slug":"wohnen-im-alter","status":"publish","type":"page","link":"https:\/\/lsr-bw.de\/seniorenraete\/reutlingen\/informationen\/wohnen\/wohnen-im-alter\/","title":{"rendered":"Wohnen im Alter"},"content":{"rendered":"<p>Ihr Wunsch ist klar: Sie m\u00f6chten Ihren Lebensabend in den eigenen vier W\u00e4nden verbringen. Vielen von Ihnen ist das auch m\u00f6glich. Aber dieser Wunsch wirft auch viele Fragen auf, f\u00fcr die Sie heute noch keine Antworten wissen.<\/p>\n<p>Sie brauchen Entscheidungshilfen f\u00fcr die Gestaltung Ihrer individuellen Wohnzukunft und Informationen, welche Dienste den Alltag erleichtern k\u00f6nnen. Fragen rund um das Thema &#8222;Wohnen im Alter&#8220; beantwortet das Informationsangebot des Bundesministeriums f\u00fcr Familie, Senioren, Frauen und Jugend.<\/p>\n<p>Das Serviceportal <a href=\"https:\/\/www.serviceportal-zuhause-im-alter.de\" target=\"_blank\" rel=\"noopener\">www.serviceportal-zuhause-im-alter.de<\/a> sowie eine Ratgeberbrosch\u00fcre geben Auskunft dar\u00fcber, worauf es bei der Gestaltung einer barrierefreien Wohnung ankommt, wer bei Planung und Umbau hilft oder wo es Unterst\u00fctzung bei F\u00f6rderung und Finanzierung gibt.<\/p>\n<p>Unter www.serviceportal-zuhause-im-alter.de erhalten B\u00fcrgerinnen und B\u00fcrger Tipps zur Gestaltung eines altersgerechten Wohnumfeldes: Steckdosen in Greifh\u00f6he, Glasb\u00f6den in K\u00fcchenoberschr\u00e4nken oder eine Telefonkette unter Nachbarn zur gegenseitigen Unterst\u00fctzung. Viele Verbesserungen, die das Leben in der eigenen Wohnung im Alter sicherer und komfortabler machen, sind ohne gro\u00dfen Aufwand umsetzbar. Daneben bietet das Internetportal einen umfassenden \u00dcberblick \u00fcber verschiedene Wohnformen im Alter sowie Hilfs- und Serviceangebote. Au\u00dferdem werden mehr als 100 vom Bundesfamilienministerium gef\u00f6rderte Wohnprojekte in ganz Deutschland portr\u00e4tiert. Die Praxisbeispiele geben einen Eindruck der vielf\u00e4ltigen M\u00f6glichkeiten des Wohnens im Alter.<\/p>\n<p>Begleitet wird das Webportal von der Informationsbrosch\u00fcre &#8222;L\u00e4nger zuhause leben&#8220;. Sie zeigt ebenfalls Wege auf, das Wohnen im Alter m\u00f6glichst selbstst\u00e4ndig und barrierefrei zu gestalten. Erg\u00e4nzt wird das Angebot durch praktische Checklisten, Literaturlisten und Verweise auf weiterf\u00fchrende Informationen.<\/p>\n<p>Der kostenfreie Ratgeber ist \u00fcber die Internetseite des Bundesfamilienministeriums &#8211; <a href=\"https:\/\/www.bmfsfj.de\" target=\"_blank\" rel=\"noopener\">www.bmfsfj.de<\/a> &#8211; oder den Publikationsversand der Bundesregierung (Tel: 01805 \/ 77 80 90) zu bestellen.<\/p>\n<p>Das Informationsangebot ist Teil des 2010 gestarteten Programms &#8222;Soziales Wohnen im Alter&#8220; des Bundesfamilienministeriums. Gemeinsam mit Zivilgesellschaft, Seniorenorganisationen, Handwerk, Kommunen und Wohnungsverb\u00e4nden werden Projekte entwickelt, die verdeutlichen sollen, wie \u00e4ltere Menschen selbstst\u00e4ndig wohnen und zugleich aktiv am gesellschaftlichen Leben teilhaben k\u00f6nnen.<\/p>\n","protected":false},"excerpt":{"rendered":"<p>Ihr Wunsch ist klar: Sie m\u00f6chten Ihren Lebensabend in den eigenen vier W\u00e4nden verbringen. Vielen von Ihnen ist das auch [&hellip;]<\/p>\n","protected":false},"author":8,"featured_media":0,"parent":2280,"menu_order":0,"comment_status":"closed","ping_status":"closed","template":"","meta":[],"_links":{"self":[{"href":"https:\/\/lsr-bw.de\/seniorenraete\/reutlingen\/wp-json\/wp\/v2\/pages\/2317"}],"collection":[{"href":"https:\/\/lsr-bw.de\/seniorenraete\/reutlingen\/wp-json\/wp\/v2\/pages"}],"about":[{"href":"https:\/\/lsr-bw.de\/seniorenraete\/reutlingen\/wp-json\/wp\/v2\/types\/page"}],"author":[{"embeddable":true,"href":"https:\/\/lsr-bw.de\/seniorenraete\/reutlingen\/wp-json\/wp\/v2\/users\/8"}],"replies":[{"embeddable":true,"href":"https:\/\/lsr-bw.de\/seniorenraete\/reutlingen\/wp-json\/wp\/v2\/comments?post=2317"}],"version-history":[{"count":4,"href":"https:\/\/lsr-bw.de\/seniorenraete\/reutlingen\/wp-json\/wp\/v2\/pages\/2317\/revisions"}],"predecessor-version":[{"id":2563,"href":"https:\/\/lsr-bw.de\/seniorenraete\/reutlingen\/wp-json\/wp\/v2\/pages\/2317\/revisions\/2563"}],"up":[{"embeddable":true,"href":"https:\/\/lsr-bw.de\/seniorenraete\/reutlingen\/wp-json\/wp\/v2\/pages\/2280"}],"wp:attachment":[{"href":"https:\/\/lsr-bw.de\/seniorenraete\/reutlingen\/wp-json\/wp\/v2\/media?parent=2317"}],"curies":[{"name":"wp","href":"https:\/\/api.w.org\/{rel}","templated":true}]}}