{"id":2314,"date":"2021-03-09T14:46:41","date_gmt":"2021-03-09T13:46:41","guid":{"rendered":"https:\/\/lsr-bw.de\/seniorenraete\/reutlingen\/?page_id=2314"},"modified":"2021-07-30T13:36:09","modified_gmt":"2021-07-30T12:36:09","slug":"barrierefreie-teilhabe-am-gesellschaftlichen-leben","status":"publish","type":"page","link":"https:\/\/lsr-bw.de\/seniorenraete\/reutlingen\/informationen\/barrierefreiheit\/barrierefreie-teilhabe-am-gesellschaftlichen-leben\/","title":{"rendered":"Barrierefreie Teilhabe am gesellschaftlichen Leben"},"content":{"rendered":"<p>Barrierefreiheit wird h\u00e4ufig mit behinderten- oder rollstuhlgerecht gleichgesetzt. Tats\u00e4chlich bedeutet barrierefrei weit mehr und umfasst beispielsweise auch die sichere Orientierung f\u00fcr Menschen mit H\u00f6r- oder Sehbehinderung oder einfache Produktanwendungen und verst\u00e4ndliche Bedienungsanleitungen. In Deutschland steht Menschen mit Behinderung mit dem RAL G\u00fctezeichen Barrierefrei eine zuverl\u00e4ssige Orientierung f\u00fcr barrierefreie Objekte, Produkte und Dienstleistungen zur Verf\u00fcgung. Die damit verbundenen Anforderungen erleichtern allen Menschen den Zugang zu Einrichtungen oder die Nutzung von Produkten ohne fremde Hilfe und damit ihre Teilnahme am gesellschaftlichen Leben. Die G\u00fctesicherung f\u00fcr Barrierefreiheit umfasst Kriterien, die nahezu alle Lebensbereiche abdeckt. Die Erf\u00fcllung dieser Anforderungen ist die Voraussetzung f\u00fcr die Vergabe des G\u00fctezeichens. Dazu geh\u00f6ren unter anderem Informationen in Braille oder Profilschrift, schwellenfreie Zug\u00e4nge oder die leichte Erreichbarkeit von Armaturen oder Bedienungskn\u00f6pfen. Die Anforderungen beziehen \u00f6ffentliche und private Geb\u00e4ude ein und gelten auch f\u00fcr Restaurants, Hotels, Bankschalter, Arztpraxen oder Parks und Spielpl\u00e4tze. Tragen Dienstleistungen das G\u00fctezeichen, zeichnen sie sich zum Beispiel dadurch aus, dass das Verhalten gegen\u00fcber Menschen mit Behinderungen von Verst\u00e4ndnis und Nat\u00fcrlichkeit gepr\u00e4gt ist.<\/p>\n<p><em>(&#8222;die kleine&#8220; 1\/2 2014)<\/em><\/p>\n","protected":false},"excerpt":{"rendered":"<p>Barrierefreiheit wird h\u00e4ufig mit behinderten- oder rollstuhlgerecht gleichgesetzt. Tats\u00e4chlich bedeutet barrierefrei weit mehr und umfasst beispielsweise auch die sichere Orientierung [&hellip;]<\/p>\n","protected":false},"author":8,"featured_media":0,"parent":2279,"menu_order":1,"comment_status":"closed","ping_status":"closed","template":"","meta":[],"_links":{"self":[{"href":"https:\/\/lsr-bw.de\/seniorenraete\/reutlingen\/wp-json\/wp\/v2\/pages\/2314"}],"collection":[{"href":"https:\/\/lsr-bw.de\/seniorenraete\/reutlingen\/wp-json\/wp\/v2\/pages"}],"about":[{"href":"https:\/\/lsr-bw.de\/seniorenraete\/reutlingen\/wp-json\/wp\/v2\/types\/page"}],"author":[{"embeddable":true,"href":"https:\/\/lsr-bw.de\/seniorenraete\/reutlingen\/wp-json\/wp\/v2\/users\/8"}],"replies":[{"embeddable":true,"href":"https:\/\/lsr-bw.de\/seniorenraete\/reutlingen\/wp-json\/wp\/v2\/comments?post=2314"}],"version-history":[{"count":4,"href":"https:\/\/lsr-bw.de\/seniorenraete\/reutlingen\/wp-json\/wp\/v2\/pages\/2314\/revisions"}],"predecessor-version":[{"id":2561,"href":"https:\/\/lsr-bw.de\/seniorenraete\/reutlingen\/wp-json\/wp\/v2\/pages\/2314\/revisions\/2561"}],"up":[{"embeddable":true,"href":"https:\/\/lsr-bw.de\/seniorenraete\/reutlingen\/wp-json\/wp\/v2\/pages\/2279"}],"wp:attachment":[{"href":"https:\/\/lsr-bw.de\/seniorenraete\/reutlingen\/wp-json\/wp\/v2\/media?parent=2314"}],"curies":[{"name":"wp","href":"https:\/\/api.w.org\/{rel}","templated":true}]}}