{"id":2312,"date":"2021-03-09T14:44:35","date_gmt":"2021-03-09T13:44:35","guid":{"rendered":"https:\/\/lsr-bw.de\/seniorenraete\/reutlingen\/?page_id=2312"},"modified":"2021-07-30T13:34:48","modified_gmt":"2021-07-30T12:34:48","slug":"barrierefrei","status":"publish","type":"page","link":"https:\/\/lsr-bw.de\/seniorenraete\/reutlingen\/informationen\/barrierefreiheit\/barrierefrei\/","title":{"rendered":"Barrierefrei"},"content":{"rendered":"<p>Hier finden Sie barrierefreie Produkte von Rollstuhlrampen bis zum Kippspiegel, aktuelle Informationen und Kontakte zu Experten f\u00fcr ein Leben ohne H\u00fcrden. Barrierefrei ist ein umfassendes, serviceorientiertes Angebot zum Thema Barrierefreiheit. F\u00fcr alle, die sich beruflich oder privat mit barrierefreiem Bauen und Leben besch\u00e4ftigen. Denn &#8222;Barrierefrei&#8220; ist mehr als ein Trend. Barrierefreiheit ist eine komfortable Art der Lebensgestaltung f\u00fcr alle Menschen.<\/p>\n","protected":false},"excerpt":{"rendered":"<p>Hier finden Sie barrierefreie Produkte von Rollstuhlrampen bis zum Kippspiegel, aktuelle Informationen und Kontakte zu Experten f\u00fcr ein Leben ohne [&hellip;]<\/p>\n","protected":false},"author":8,"featured_media":0,"parent":2279,"menu_order":0,"comment_status":"closed","ping_status":"closed","template":"","meta":[],"_links":{"self":[{"href":"https:\/\/lsr-bw.de\/seniorenraete\/reutlingen\/wp-json\/wp\/v2\/pages\/2312"}],"collection":[{"href":"https:\/\/lsr-bw.de\/seniorenraete\/reutlingen\/wp-json\/wp\/v2\/pages"}],"about":[{"href":"https:\/\/lsr-bw.de\/seniorenraete\/reutlingen\/wp-json\/wp\/v2\/types\/page"}],"author":[{"embeddable":true,"href":"https:\/\/lsr-bw.de\/seniorenraete\/reutlingen\/wp-json\/wp\/v2\/users\/8"}],"replies":[{"embeddable":true,"href":"https:\/\/lsr-bw.de\/seniorenraete\/reutlingen\/wp-json\/wp\/v2\/comments?post=2312"}],"version-history":[{"count":2,"href":"https:\/\/lsr-bw.de\/seniorenraete\/reutlingen\/wp-json\/wp\/v2\/pages\/2312\/revisions"}],"predecessor-version":[{"id":2559,"href":"https:\/\/lsr-bw.de\/seniorenraete\/reutlingen\/wp-json\/wp\/v2\/pages\/2312\/revisions\/2559"}],"up":[{"embeddable":true,"href":"https:\/\/lsr-bw.de\/seniorenraete\/reutlingen\/wp-json\/wp\/v2\/pages\/2279"}],"wp:attachment":[{"href":"https:\/\/lsr-bw.de\/seniorenraete\/reutlingen\/wp-json\/wp\/v2\/media?parent=2312"}],"curies":[{"name":"wp","href":"https:\/\/api.w.org\/{rel}","templated":true}]}}