{"id":2310,"date":"2021-03-09T14:43:00","date_gmt":"2021-03-09T13:43:00","guid":{"rendered":"https:\/\/lsr-bw.de\/seniorenraete\/reutlingen\/?page_id=2310"},"modified":"2021-08-12T18:47:22","modified_gmt":"2021-08-12T17:47:22","slug":"hilfreich-fuer-senioren","status":"publish","type":"page","link":"https:\/\/lsr-bw.de\/seniorenraete\/reutlingen\/informationen\/gesund-sein-gesund-bleiben\/hilfreich-fuer-senioren\/","title":{"rendered":"Hilfreich f\u00fcr Senioren"},"content":{"rendered":"<h2>Anwendung von Medikamenten<\/h2>\n<p align=\"left\">\u00c4ltere Menschen k\u00f6nnen sich in der Apotheke die richtige Anwendung ihrer Medikamente zeigen lassen. Dazu r\u00e4t der Vizepr\u00e4sident der Bundesapothekerkammer, besonders bei aufwendig verpackten Medikamenten wie Augentropfen oder Mittel zum Inhalieren. Senioren haben oft Sehprobleme und k\u00f6nnen Medikamente verwechseln. Das kann lebensgef\u00e4hrlich sein. Wer wenig Kraft in den Fingern hat, sollte sich bereits in der Apotheke die Flaschen mit Kindersicherung \u00f6ffnen lassen. Hilfreich ist auch der Rat, zu Hause \u00e4hnliche Flaschen und Dosen mit farbigem Klebeband oder gut tastbaren Aufklebern aus Sandpapier oder Filz zu markieren. Apotheker k\u00f6nnen auch die Einrei\u00dfkerben der Verpackung von Wirkstoffpflastern kennzeichnen.<\/p>\n<h2>Richtig dosieren mit einem Trick<\/h2>\n<p>Wer nicht gut sieht, sollte Tropfen statt auf einen L\u00f6ffel in einen leeren Joghurtbecher fallen lassen. Die Tropfen machen beim Aufkommen am Becherboden ein Ger\u00e4usch und lassen sich so besser abz\u00e4hlen. F\u00fcr internetaffine Senioren gibt es einen Service, der die h\u00e4ufig zu klein geschriebenen Beipackzettel vorliest. Man kann dort auch gro\u00dfgedruckte Varianten ausdrucken. (tmn)<\/p>\n<p><a href=\"https:\/\/www.patienteninfo-service.de\" target=\"_blank\" rel=\"noopener\">patienteninfo-service.de<\/a><\/p>\n<h2>Medikamente im Alter: Welche Wirkstoffe schaden k\u00f6nnten<\/h2>\n<p>Mit der sogenannten PRISCUS-Liste liegt f\u00fcr Deutschland erstmals eine \u00dcbersicht von Arzneimitteln vor, die f\u00fcr \u00e4ltere Menschen ungeeignet sein k\u00f6nnten. Die Liste beschreibt mehr als 80 Wirkstoffe und deren h\u00e4ufigste Nebenwirkungen. Dar\u00fcber hinaus gibt sie Hinweise zu therapeutischen Alternativen. Das Bundesforschungsministerium hat dieses Projekt unterst\u00fctzt und damit einen wichtigen Beitrag zum Schutz vor unerw\u00fcnschten Medikamentenwirkungen geleistet.<\/p>\n<p>Informationen unter <a href=\"https:\/\/www.gelbe-liste.de\/arzneimitteltherapiesicherheit\/priscus-liste\" target=\"_blank\" rel=\"noopener\">https:\/\/www.gelbe-liste.de\/arzneimitteltherapiesicherheit\/priscus-liste<\/a><\/p>\n<h2>Ab 50 zur Netzhautkontrolle<\/h2>\n<p>Bei fast allen Menschen l\u00e4sst die Sehkraft im Alter nach. Erscheinen jedoch gerade Linien krumm, oder verdeckt ein grauer Fleck das Sehzentrum, kann dahinter eine Makula-Degeneration stecken. Sie ist nicht heilbar, l\u00e4sst sich aber aufhalten, wenn sie rechtzeitig entdeckt wird. Ab 50 Jahren sollten die Augen deshalb einmal pro Jahr auf erste Anzeichen hin kontrolliert werden, empfiehlt die Deutsche Seniorenliga. In der Regel sind die meisten Betroffenen \u00fcber 60 Jahre, bei den \u00fcber 75-J\u00e4hrigen sind es rund 40 Prozent. Zur Behandlung werden Medikamente direkt in das betroffene Auge gespritzt. Der Eingriff geschieht ambulant und ist durch eine \u00f6rtliche Bet\u00e4ubung nahezu schmerzfrei. (dpa)<\/p>\n<h2>Karussell im Kopf<\/h2>\n<p>Wenn sich beim Hinlegen oder Heben des Kopfes alles dreht, kann dahinter ein gutartiger Lagerungsschwindel stecken. Dieser wird von kleinen Kristallen verursacht, die sich im Gleichgewichtsorgan im Innenohr abgelagert haben. Auch ein Gef\u00fchl des Fallens oder \u00dcbelkeit und Brechreiz sind nach Angaben des Berufsverbands Deutscher Neurologen (BDN) m\u00f6glich. Dieser Drehschwindel ist harmlos und l\u00e4sst sich leicht beheben: Durch gezielte Bewegungen lassen sich Kristalle entfernen. Dazu lagert der Arzt Kopf und K\u00f6rper des Patienten schnell um. Dieser kann nach Anleitung sp\u00e4ter auch selbst daf\u00fcr sorgen, wenn die Beschwerden nochmals auftreten.<\/p>\n<p>Nach dem sogenannten Befreiungsman\u00f6ver ist dem BDN zufolge manchen Betroffenen ein paar Stunden bis einige Tage leicht unwohl, andere Nebenwirkungen kommen aber normalerweise nicht vor.<\/p>\n<p>Wichtig ist laut BDN, die Ursachen f\u00fcr jede Art von Schwindel genau abkl\u00e4ren zu lassen. Denn dahinter k\u00f6nnen ernste neurologische St\u00f6rungen, Ohren- oder Herz-Kreislauf-Erkrankungen sowie psychische Gr\u00fcnde stecken. (tmn)<\/p>\n<h2>Stammzellenspende<\/h2>\n<p>Sie kann nur \u00fcberleben, wenn es irgendwo auf der Welt einen Menschen mit nahezu den gleichen Gewebemerkmalen im Blut gibt, der zur Stammzellenspende bereit ist. Doch wie findet man einen solchen Spender? Es kommt nur sehr selten vor, dass zwei Menschen nahezu identische Gewebemerkmale haben. Im g\u00fcnstigsten Fall liegt die Wahrscheinlichkeit bei 1 : 20 000.<\/p>\n<p>Mitmachen kann grunds\u00e4tzlich jeder gesunde Mensch zwischen 18 und 55 Jahren. Nach dem Ausf\u00fcllen einer Einverst\u00e4ndniserkl\u00e4rung werden dem Spender f\u00fcnf Milliliter Blut abgenommen, damit seine Gewebemerkmale bestimmt (typisiert) werden k\u00f6nnen. Spender, die sich bereits in der Vergangenheit bei einer Aktion registrieren lie\u00dfen, m\u00fcssen nicht erneut an der Aktion teilnehmen. Ihre Daten stehen weiterhin f\u00fcr alle Patienten zur Verf\u00fcgung.<\/p>\n<p>Genauso wichtig ist auch die finanzielle Unterst\u00fctzung der Aktion. Allein die Registrierung und Typisierung eines Spenders kostet 50 Euro. Als gemeinn\u00fctzige Gesellschaft ist die DKMS bei der Spender-Neugewinnung allein auf Geldspenden angewiesen.<\/p>\n<p>Mehr Infos unter <a href=\"https:\/\/www.dkms.de\" target=\"_blank\" rel=\"noopener\">dkms.de<\/a><\/p>\n<h2>Freie Fahrt f\u00fcr die Gesundheit<\/h2>\n<p>Ob Linderung von Krankheitssymptomen bzw. gesundheitlichen Beschwerden, Rehabilitation oder einfach erholsame Vorsorge im stressigen Alltag \u2013 immer mehr Menschen interessieren sich in der heutigen Zeit f\u00fcr einen Gesundheitsaufenthalt. Bleibt die Frage nach dem geeigneten Reiseziel. Baden-W\u00fcrttemberg steht dabei in der Gunst der Gesundheitsurlauber mit an vorderster Stelle. Quelle: Lust aufs L\u00e4ndle-140921<\/p>\n<p>Informationen und Angebote der Heilb\u00e4der und Kurorte in Baden-W\u00fcrttemberg erhalten Sie unter: <a href=\"https:\/\/www.heilbaeder-bw.de\" target=\"_blank\" rel=\"noopener\">heilbaeder-bw.de<\/a> oder 0711 892480-00<\/p>\n","protected":false},"excerpt":{"rendered":"<p>Anwendung von Medikamenten \u00c4ltere Menschen k\u00f6nnen sich in der Apotheke die richtige Anwendung ihrer Medikamente zeigen lassen. Dazu r\u00e4t der [&hellip;]<\/p>\n","protected":false},"author":8,"featured_media":0,"parent":2278,"menu_order":2,"comment_status":"closed","ping_status":"closed","template":"","meta":[],"_links":{"self":[{"href":"https:\/\/lsr-bw.de\/seniorenraete\/reutlingen\/wp-json\/wp\/v2\/pages\/2310"}],"collection":[{"href":"https:\/\/lsr-bw.de\/seniorenraete\/reutlingen\/wp-json\/wp\/v2\/pages"}],"about":[{"href":"https:\/\/lsr-bw.de\/seniorenraete\/reutlingen\/wp-json\/wp\/v2\/types\/page"}],"author":[{"embeddable":true,"href":"https:\/\/lsr-bw.de\/seniorenraete\/reutlingen\/wp-json\/wp\/v2\/users\/8"}],"replies":[{"embeddable":true,"href":"https:\/\/lsr-bw.de\/seniorenraete\/reutlingen\/wp-json\/wp\/v2\/comments?post=2310"}],"version-history":[{"count":4,"href":"https:\/\/lsr-bw.de\/seniorenraete\/reutlingen\/wp-json\/wp\/v2\/pages\/2310\/revisions"}],"predecessor-version":[{"id":2579,"href":"https:\/\/lsr-bw.de\/seniorenraete\/reutlingen\/wp-json\/wp\/v2\/pages\/2310\/revisions\/2579"}],"up":[{"embeddable":true,"href":"https:\/\/lsr-bw.de\/seniorenraete\/reutlingen\/wp-json\/wp\/v2\/pages\/2278"}],"wp:attachment":[{"href":"https:\/\/lsr-bw.de\/seniorenraete\/reutlingen\/wp-json\/wp\/v2\/media?parent=2310"}],"curies":[{"name":"wp","href":"https:\/\/api.w.org\/{rel}","templated":true}]}}