{"id":2308,"date":"2021-03-09T14:20:58","date_gmt":"2021-03-09T13:20:58","guid":{"rendered":"https:\/\/lsr-bw.de\/seniorenraete\/reutlingen\/?page_id=2308"},"modified":"2023-07-26T15:22:16","modified_gmt":"2023-07-26T14:22:16","slug":"gesundheit","status":"publish","type":"page","link":"https:\/\/lsr-bw.de\/seniorenraete\/reutlingen\/informationen\/gesund-sein-gesund-bleiben\/gesundheit\/","title":{"rendered":"Gesundheit"},"content":{"rendered":"<h3>Krankenh\u00e4user und Kliniken<\/h3>\n<p>Zwei wohnortnahe Kreiskliniken im Landkreis Reutlingen stehen den B\u00fcrgern zur station\u00e4ren Behandlung zur Verf\u00fcgung.<\/p>\n<p><strong>Klinikum am Steinenberg Reutlingen<\/strong><br \/>\nSteinenberstra\u00dfe 31<br \/>\n72764 Reutlingen<br \/>\nTel. 07121 200-0<\/p>\n<p><strong><br \/>\nAlbklinik M\u00fcnsingen<\/strong><br \/>\nLautertalstra\u00dfe 47<br \/>\n72525 M\u00fcnsingen<br \/>\nTel. 07381 181-0<\/p>\n<p><a href=\"https:\/\/www.kreiskliniken-reutlingen.de\" target=\"_blank\" rel=\"noopener\">kreiskliniken-reutlingen.de<\/a><\/p>\n<p>&nbsp;<\/p>\n<hr \/>\n<h3>Medizinische Versorgungszentren (MVZ)<\/h3>\n<p class=\"p1\">Im Medizinischen Versorgungszentrum der Kreiskliniken Reutlingen arbeiten mehrere Arztpraxen unter einem Dach. Ihnen steht, wie in einer &#8222;normalen&#8220; Praxis auch, die medizinische Expertise der Fach\u00e4rzte und ein umfassendes Angebot ambulanter Leistungen zur Verf\u00fcgung.<\/p>\n<p><strong>Standort Reutlingen<\/strong><br \/>\nIm Klinikum am Steinenberg<br \/>\nSteinenbergstra\u00dfe 31<br \/>\n72764 Reutlingen<\/p>\n<p><strong>Standort M\u00fcnsingen<\/strong><br \/>\nIn der Albklinik M\u00fcnsingen<br \/>\nLautertalstra\u00dfe 47<br \/>\n72525 M\u00fcnsingen<\/p>\n<p><strong>Standort Hohenstein<\/strong><br \/>\nPORT Gesundheitszentrum Schw\u00e4bische Alb<br \/>\nPraxis f\u00fcr Allgemeinmedizin<br \/>\nFinkenweg 6<br \/>\n72531 Hohenstein-Bernloch<\/p>\n<p><a href=\"https:\/\/www.kreiskliniken-reutlingen.de\/mvz.html\">Mehr Informationen finden Sie hier<\/a><\/p>\n<p>&nbsp;<\/p>\n<hr \/>\n<h3><strong>Klinik f\u00fcr Psychiatrie und Psychosomatik<\/strong><\/h3>\n<p>W\u00f6rthstra\u00dfe 52\/1<br \/>\n72764 Reutlingen<br \/>\nTel. 07121 9200-0<\/p>\n<p class=\"p1\">Je nach Krankheitsbild sind die Bedu\u0308rfnisse und Beeintr\u00e4chtigungen von Menschen mit psychischen Erkrankungen ganz unterschiedlich. Die Klinik fu\u0308r Psychiatrie und Psychosomatik Reutlingen bietet fachspezifische station\u00e4re, tagesklinische und ambulante Behandlungsangebote, Pflege und Begleitung.<\/p>\n<p class=\"p1\">N\u00e4here Informationen unter: <a href=\"https:\/\/www.pprt.de\/\" target=\"_blank\" rel=\"noopener\"><span class=\"s1\">www.pprt.de<\/span><\/a><\/p>\n","protected":false},"excerpt":{"rendered":"<p>Krankenh\u00e4user und Kliniken Zwei wohnortnahe Kreiskliniken im Landkreis Reutlingen stehen den B\u00fcrgern zur station\u00e4ren Behandlung zur Verf\u00fcgung. Klinikum am Steinenberg [&hellip;]<\/p>\n","protected":false},"author":8,"featured_media":0,"parent":2278,"menu_order":1,"comment_status":"closed","ping_status":"closed","template":"","meta":[],"_links":{"self":[{"href":"https:\/\/lsr-bw.de\/seniorenraete\/reutlingen\/wp-json\/wp\/v2\/pages\/2308"}],"collection":[{"href":"https:\/\/lsr-bw.de\/seniorenraete\/reutlingen\/wp-json\/wp\/v2\/pages"}],"about":[{"href":"https:\/\/lsr-bw.de\/seniorenraete\/reutlingen\/wp-json\/wp\/v2\/types\/page"}],"author":[{"embeddable":true,"href":"https:\/\/lsr-bw.de\/seniorenraete\/reutlingen\/wp-json\/wp\/v2\/users\/8"}],"replies":[{"embeddable":true,"href":"https:\/\/lsr-bw.de\/seniorenraete\/reutlingen\/wp-json\/wp\/v2\/comments?post=2308"}],"version-history":[{"count":11,"href":"https:\/\/lsr-bw.de\/seniorenraete\/reutlingen\/wp-json\/wp\/v2\/pages\/2308\/revisions"}],"predecessor-version":[{"id":2749,"href":"https:\/\/lsr-bw.de\/seniorenraete\/reutlingen\/wp-json\/wp\/v2\/pages\/2308\/revisions\/2749"}],"up":[{"embeddable":true,"href":"https:\/\/lsr-bw.de\/seniorenraete\/reutlingen\/wp-json\/wp\/v2\/pages\/2278"}],"wp:attachment":[{"href":"https:\/\/lsr-bw.de\/seniorenraete\/reutlingen\/wp-json\/wp\/v2\/media?parent=2308"}],"curies":[{"name":"wp","href":"https:\/\/api.w.org\/{rel}","templated":true}]}}