{"id":2306,"date":"2021-03-09T14:15:04","date_gmt":"2021-03-09T13:15:04","guid":{"rendered":"https:\/\/lsr-bw.de\/seniorenraete\/reutlingen\/?page_id=2306"},"modified":"2021-07-30T13:21:06","modified_gmt":"2021-07-30T12:21:06","slug":"selbsthilfegruppen","status":"publish","type":"page","link":"https:\/\/lsr-bw.de\/seniorenraete\/reutlingen\/informationen\/gesund-sein-gesund-bleiben\/selbsthilfegruppen\/","title":{"rendered":"Selbsthilfegruppen"},"content":{"rendered":"<p>Das Forum der Selbsthilfegruppen im Landkreis Reutlingen ist ein Zusammenschluss der im Landkreis Reutlingen und der Stadt Reutlingen aktiven Selbsthilfegruppen. Es wurde am 13. November 1997 auf Initiative der Bezirksgesch\u00e4ftsstelle Neckar-Alb des Deutschen Parit\u00e4tischen Wohlfahrtsverbandes gegr\u00fcndet.<\/p>\n<p>Im Forum vereinigen sich nahezu 70 im Landkreis Reutlingen t\u00e4tige Selbsthilfegruppen mit mehreren hundert Mitgliedern. Dabei handelt es sich fast ausschlie\u00dflich um ehrenamtlich t\u00e4tige, chronisch kranke Menschen und deren Angeh\u00f6rige.<\/p>\n<p>Ziel und Aufgabenstellung dieser Arbeitsgemeinschaft ist es, den von chronischen Krankheiten betroffenen Menschen einen schnellen und umf\u00e4nglichen Zugang zu Informationen und der Beratung rund um das betreffende Krankheitsbild zu erm\u00f6glichen.<\/p>\n<p>Gleichzeitig ist das Forum Plattform und Sprachrohr f\u00fcr die gemeinsamen Belange und Interessen einer effizienten Organisation und sachgerechten Pr\u00e4sentation der Selbsthilfearbeit. In dem f\u00fcr den operativen Bereich installierten Steuerungskreis arbeiten gew\u00e4hlte Vertreter der Selbsthilfegruppen, eine Mitarbeiterin der Abteilung f\u00fcr \u00c4ltere der Stadt Reutlingen, die Kontakt- und Informationsstelle f\u00fcr gesundheitsbezogene Selbsthilfegruppen der AOK Neckar-Alb (KIGS) sowie der Parit\u00e4tische Wohlfahrtsverband eng zusammen.<\/p>\n","protected":false},"excerpt":{"rendered":"<p>Das Forum der Selbsthilfegruppen im Landkreis Reutlingen ist ein Zusammenschluss der im Landkreis Reutlingen und der Stadt Reutlingen aktiven Selbsthilfegruppen. [&hellip;]<\/p>\n","protected":false},"author":8,"featured_media":0,"parent":2278,"menu_order":0,"comment_status":"closed","ping_status":"closed","template":"","meta":[],"_links":{"self":[{"href":"https:\/\/lsr-bw.de\/seniorenraete\/reutlingen\/wp-json\/wp\/v2\/pages\/2306"}],"collection":[{"href":"https:\/\/lsr-bw.de\/seniorenraete\/reutlingen\/wp-json\/wp\/v2\/pages"}],"about":[{"href":"https:\/\/lsr-bw.de\/seniorenraete\/reutlingen\/wp-json\/wp\/v2\/types\/page"}],"author":[{"embeddable":true,"href":"https:\/\/lsr-bw.de\/seniorenraete\/reutlingen\/wp-json\/wp\/v2\/users\/8"}],"replies":[{"embeddable":true,"href":"https:\/\/lsr-bw.de\/seniorenraete\/reutlingen\/wp-json\/wp\/v2\/comments?post=2306"}],"version-history":[{"count":3,"href":"https:\/\/lsr-bw.de\/seniorenraete\/reutlingen\/wp-json\/wp\/v2\/pages\/2306\/revisions"}],"predecessor-version":[{"id":2555,"href":"https:\/\/lsr-bw.de\/seniorenraete\/reutlingen\/wp-json\/wp\/v2\/pages\/2306\/revisions\/2555"}],"up":[{"embeddable":true,"href":"https:\/\/lsr-bw.de\/seniorenraete\/reutlingen\/wp-json\/wp\/v2\/pages\/2278"}],"wp:attachment":[{"href":"https:\/\/lsr-bw.de\/seniorenraete\/reutlingen\/wp-json\/wp\/v2\/media?parent=2306"}],"curies":[{"name":"wp","href":"https:\/\/api.w.org\/{rel}","templated":true}]}}