{"id":2299,"date":"2021-03-09T14:09:33","date_gmt":"2021-03-09T13:09:33","guid":{"rendered":"https:\/\/lsr-bw.de\/seniorenraete\/reutlingen\/?page_id=2299"},"modified":"2021-07-30T13:15:54","modified_gmt":"2021-07-30T12:15:54","slug":"diakonischer-betreuungsverein-im-lk-reutlingen","status":"publish","type":"page","link":"https:\/\/lsr-bw.de\/seniorenraete\/reutlingen\/informationen\/leben-im-alter\/diakonischer-betreuungsverein-im-lk-reutlingen\/","title":{"rendered":"Diakonischer Betreuungsverein im LK Reutlingen"},"content":{"rendered":"<p>Jeder kann in eine Lebenssituation geraten, in der er nicht mehr in der Lage ist, selbstst\u00e4ndig Entscheidungen zu treffen und diese umzusetzen. Manche Menschen k\u00f6nnen das bereits von Geburt an oder wegen Krankheitsfolgen in der Kindheit nicht und werden dazu auch im Erwachsenenalter nicht in der Lage sein. Das elterliche Vertretungsrecht endet jedoch mit Vollendung des 18. Lebensjahres. Der Diakonische Betreuungsverein im Landkreis Reutlingen e.V. ist eine unabh\u00e4ngige Informations- und Beratungsstelle f\u00fcr Fragen zur rechtlichen Betreuung und zu rechtlichen Vorsorgeinstrumenten (Vorsorgevollmacht, Betreuungsverf\u00fcgung, Patientenverf\u00fcgung). Das Angebot steht allen Ratsuchenden zur Verf\u00fcgung. Konfessionelle Bindung oder eine Mitgliedschaft im Verein sind nicht Voraussetzung, um die Dienste des Vereins in Anspruch nehmen zu d\u00fcrfen.<\/p>\n<p>Mehr Informationen unter <a href=\"https:\/\/www.betreuungsverein-rt.de\/\" target=\"_blank\" rel=\"noopener\">betreuungsverein-rt.de<\/a><\/p>\n","protected":false},"excerpt":{"rendered":"<p>Jeder kann in eine Lebenssituation geraten, in der er nicht mehr in der Lage ist, selbstst\u00e4ndig Entscheidungen zu treffen und [&hellip;]<\/p>\n","protected":false},"author":8,"featured_media":0,"parent":2277,"menu_order":2,"comment_status":"closed","ping_status":"closed","template":"","meta":[],"_links":{"self":[{"href":"https:\/\/lsr-bw.de\/seniorenraete\/reutlingen\/wp-json\/wp\/v2\/pages\/2299"}],"collection":[{"href":"https:\/\/lsr-bw.de\/seniorenraete\/reutlingen\/wp-json\/wp\/v2\/pages"}],"about":[{"href":"https:\/\/lsr-bw.de\/seniorenraete\/reutlingen\/wp-json\/wp\/v2\/types\/page"}],"author":[{"embeddable":true,"href":"https:\/\/lsr-bw.de\/seniorenraete\/reutlingen\/wp-json\/wp\/v2\/users\/8"}],"replies":[{"embeddable":true,"href":"https:\/\/lsr-bw.de\/seniorenraete\/reutlingen\/wp-json\/wp\/v2\/comments?post=2299"}],"version-history":[{"count":2,"href":"https:\/\/lsr-bw.de\/seniorenraete\/reutlingen\/wp-json\/wp\/v2\/pages\/2299\/revisions"}],"predecessor-version":[{"id":2552,"href":"https:\/\/lsr-bw.de\/seniorenraete\/reutlingen\/wp-json\/wp\/v2\/pages\/2299\/revisions\/2552"}],"up":[{"embeddable":true,"href":"https:\/\/lsr-bw.de\/seniorenraete\/reutlingen\/wp-json\/wp\/v2\/pages\/2277"}],"wp:attachment":[{"href":"https:\/\/lsr-bw.de\/seniorenraete\/reutlingen\/wp-json\/wp\/v2\/media?parent=2299"}],"curies":[{"name":"wp","href":"https:\/\/api.w.org\/{rel}","templated":true}]}}