{"id":2297,"date":"2021-03-09T14:07:41","date_gmt":"2021-03-09T13:07:41","guid":{"rendered":"https:\/\/lsr-bw.de\/seniorenraete\/reutlingen\/?page_id=2297"},"modified":"2021-03-25T11:41:17","modified_gmt":"2021-03-25T10:41:17","slug":"netzwerk-wohnberatung","status":"publish","type":"page","link":"https:\/\/lsr-bw.de\/seniorenraete\/reutlingen\/informationen\/leben-im-alter\/netzwerk-wohnberatung\/","title":{"rendered":"Netzwerk Wohnberatung"},"content":{"rendered":"<p>Netzwerk Wohnberatung hilft kostenlos.<\/p>\n<p>Koordination des Netzwerks Wohnberatung:<\/p>\n<p><strong>Stadt Reutlingen \u2013 Abteilung f\u00fcr \u00c4ltere<\/strong><br \/>\nGustav-Werner-Stra\u00dfe 25<br \/>\n72764 Reutlingen<br \/>\nTel. 07121 303-2300<br \/>\nE-Mail: sozialamt.aeltere@reutlingen.de<\/p>\n","protected":false},"excerpt":{"rendered":"<p>Netzwerk Wohnberatung hilft kostenlos. Koordination des Netzwerks Wohnberatung: Stadt Reutlingen \u2013 Abteilung f\u00fcr \u00c4ltere Gustav-Werner-Stra\u00dfe 25 72764 Reutlingen Tel. 07121 [&hellip;]<\/p>\n","protected":false},"author":8,"featured_media":0,"parent":2277,"menu_order":1,"comment_status":"closed","ping_status":"closed","template":"","meta":[],"_links":{"self":[{"href":"https:\/\/lsr-bw.de\/seniorenraete\/reutlingen\/wp-json\/wp\/v2\/pages\/2297"}],"collection":[{"href":"https:\/\/lsr-bw.de\/seniorenraete\/reutlingen\/wp-json\/wp\/v2\/pages"}],"about":[{"href":"https:\/\/lsr-bw.de\/seniorenraete\/reutlingen\/wp-json\/wp\/v2\/types\/page"}],"author":[{"embeddable":true,"href":"https:\/\/lsr-bw.de\/seniorenraete\/reutlingen\/wp-json\/wp\/v2\/users\/8"}],"replies":[{"embeddable":true,"href":"https:\/\/lsr-bw.de\/seniorenraete\/reutlingen\/wp-json\/wp\/v2\/comments?post=2297"}],"version-history":[{"count":2,"href":"https:\/\/lsr-bw.de\/seniorenraete\/reutlingen\/wp-json\/wp\/v2\/pages\/2297\/revisions"}],"predecessor-version":[{"id":2446,"href":"https:\/\/lsr-bw.de\/seniorenraete\/reutlingen\/wp-json\/wp\/v2\/pages\/2297\/revisions\/2446"}],"up":[{"embeddable":true,"href":"https:\/\/lsr-bw.de\/seniorenraete\/reutlingen\/wp-json\/wp\/v2\/pages\/2277"}],"wp:attachment":[{"href":"https:\/\/lsr-bw.de\/seniorenraete\/reutlingen\/wp-json\/wp\/v2\/media?parent=2297"}],"curies":[{"name":"wp","href":"https:\/\/api.w.org\/{rel}","templated":true}]}}