{"id":2292,"date":"2021-03-09T13:46:04","date_gmt":"2021-03-09T12:46:04","guid":{"rendered":"https:\/\/lsr-bw.de\/seniorenraete\/reutlingen\/?page_id=2292"},"modified":"2021-03-25T11:35:21","modified_gmt":"2021-03-25T10:35:21","slug":"verbraucherberatung-in-reutlingen","status":"publish","type":"page","link":"https:\/\/lsr-bw.de\/seniorenraete\/reutlingen\/informationen\/beratungsstellen\/verbraucherberatung-in-reutlingen\/","title":{"rendered":"Verbraucherberatung in Reutlingen"},"content":{"rendered":"<p>Ulm oder Stuttgart, das waren bislang die am n\u00e4chsten gelegenen Beratungsstellen der Verbraucherzentrale Baden-W\u00fcrttemberg f\u00fcr Ratsuchende aus der Region Neckar-Alb. Ab sofort sind die Wege k\u00fcrzer: Mitten in Reutlingen, in der Kanzleistra\u00dfe 20, hat die Verbraucherzentrale eine Beratungsstelle.<\/p>\n","protected":false},"excerpt":{"rendered":"<p>Ulm oder Stuttgart, das waren bislang die am n\u00e4chsten gelegenen Beratungsstellen der Verbraucherzentrale Baden-W\u00fcrttemberg f\u00fcr Ratsuchende aus der Region Neckar-Alb. [&hellip;]<\/p>\n","protected":false},"author":8,"featured_media":0,"parent":2276,"menu_order":3,"comment_status":"closed","ping_status":"closed","template":"","meta":[],"_links":{"self":[{"href":"https:\/\/lsr-bw.de\/seniorenraete\/reutlingen\/wp-json\/wp\/v2\/pages\/2292"}],"collection":[{"href":"https:\/\/lsr-bw.de\/seniorenraete\/reutlingen\/wp-json\/wp\/v2\/pages"}],"about":[{"href":"https:\/\/lsr-bw.de\/seniorenraete\/reutlingen\/wp-json\/wp\/v2\/types\/page"}],"author":[{"embeddable":true,"href":"https:\/\/lsr-bw.de\/seniorenraete\/reutlingen\/wp-json\/wp\/v2\/users\/8"}],"replies":[{"embeddable":true,"href":"https:\/\/lsr-bw.de\/seniorenraete\/reutlingen\/wp-json\/wp\/v2\/comments?post=2292"}],"version-history":[{"count":3,"href":"https:\/\/lsr-bw.de\/seniorenraete\/reutlingen\/wp-json\/wp\/v2\/pages\/2292\/revisions"}],"predecessor-version":[{"id":2444,"href":"https:\/\/lsr-bw.de\/seniorenraete\/reutlingen\/wp-json\/wp\/v2\/pages\/2292\/revisions\/2444"}],"up":[{"embeddable":true,"href":"https:\/\/lsr-bw.de\/seniorenraete\/reutlingen\/wp-json\/wp\/v2\/pages\/2276"}],"wp:attachment":[{"href":"https:\/\/lsr-bw.de\/seniorenraete\/reutlingen\/wp-json\/wp\/v2\/media?parent=2292"}],"curies":[{"name":"wp","href":"https:\/\/api.w.org\/{rel}","templated":true}]}}