{"id":2288,"date":"2021-03-09T13:43:22","date_gmt":"2021-03-09T12:43:22","guid":{"rendered":"https:\/\/lsr-bw.de\/seniorenraete\/reutlingen\/?page_id=2288"},"modified":"2021-07-30T13:10:50","modified_gmt":"2021-07-30T12:10:50","slug":"leben-in-reutlingen","status":"publish","type":"page","link":"https:\/\/lsr-bw.de\/seniorenraete\/reutlingen\/informationen\/beratungsstellen\/leben-in-reutlingen\/","title":{"rendered":"Leben in Reutlingen"},"content":{"rendered":"<p>Ein selbstbestimmtes Leben zu f\u00fchren ist der Wunsch vieler Menschen. Die Abteilung f\u00fcr \u00c4ltere unterst\u00fctzt \u00e4ltere Menschen in diesem Wunsch und informiert, ber\u00e4t und vermittelt zu allen Themen des Alter(n)s.<\/p>\n<p><strong>Auskunft erteilt Ihnen:<\/strong><br \/>\nBereich: Abteilung f\u00fcr \u00c4ltere unter Tel. 07121 303-2300<br \/>\nAusf\u00fchrliche Informationen auf der <a href=\"https:\/\/www.reutlingen.de\/de\/Leben\/Soziales-Beratung\/Leben-im-Alter\" target=\"_blank\" rel=\"noopener\">Internetseite<\/a><\/p>\n","protected":false},"excerpt":{"rendered":"<p>Ein selbstbestimmtes Leben zu f\u00fchren ist der Wunsch vieler Menschen. Die Abteilung f\u00fcr \u00c4ltere unterst\u00fctzt \u00e4ltere Menschen in diesem Wunsch [&hellip;]<\/p>\n","protected":false},"author":8,"featured_media":0,"parent":2276,"menu_order":1,"comment_status":"closed","ping_status":"closed","template":"","meta":[],"_links":{"self":[{"href":"https:\/\/lsr-bw.de\/seniorenraete\/reutlingen\/wp-json\/wp\/v2\/pages\/2288"}],"collection":[{"href":"https:\/\/lsr-bw.de\/seniorenraete\/reutlingen\/wp-json\/wp\/v2\/pages"}],"about":[{"href":"https:\/\/lsr-bw.de\/seniorenraete\/reutlingen\/wp-json\/wp\/v2\/types\/page"}],"author":[{"embeddable":true,"href":"https:\/\/lsr-bw.de\/seniorenraete\/reutlingen\/wp-json\/wp\/v2\/users\/8"}],"replies":[{"embeddable":true,"href":"https:\/\/lsr-bw.de\/seniorenraete\/reutlingen\/wp-json\/wp\/v2\/comments?post=2288"}],"version-history":[{"count":2,"href":"https:\/\/lsr-bw.de\/seniorenraete\/reutlingen\/wp-json\/wp\/v2\/pages\/2288\/revisions"}],"predecessor-version":[{"id":2550,"href":"https:\/\/lsr-bw.de\/seniorenraete\/reutlingen\/wp-json\/wp\/v2\/pages\/2288\/revisions\/2550"}],"up":[{"embeddable":true,"href":"https:\/\/lsr-bw.de\/seniorenraete\/reutlingen\/wp-json\/wp\/v2\/pages\/2276"}],"wp:attachment":[{"href":"https:\/\/lsr-bw.de\/seniorenraete\/reutlingen\/wp-json\/wp\/v2\/media?parent=2288"}],"curies":[{"name":"wp","href":"https:\/\/api.w.org\/{rel}","templated":true}]}}