{"id":2286,"date":"2021-03-09T13:41:40","date_gmt":"2021-03-09T12:41:40","guid":{"rendered":"https:\/\/lsr-bw.de\/seniorenraete\/reutlingen\/informationen\/beratungsstellen\/pflegestuetzpunkt-landkreis-reutlingen\/"},"modified":"2021-07-30T13:10:01","modified_gmt":"2021-07-30T12:10:01","slug":"pflegestuetzpunkt-landkreis-reutlingen","status":"publish","type":"page","link":"https:\/\/lsr-bw.de\/seniorenraete\/reutlingen\/informationen\/beratungsstellen\/pflegestuetzpunkt-landkreis-reutlingen\/","title":{"rendered":"Pflegest\u00fctzpunkt Landkreis Reutlingen"},"content":{"rendered":"<p>Der Pflegest\u00fctzpunkt ist eine Anlaufstelle f\u00fcr Fragen rund um Alter, Pflegebed\u00fcrftigkeit und Unterst\u00fctzungsm\u00f6glichkeiten. Auch wer sich vorsorglich informieren will, wie man im Alter selbstbestimmt und m\u00f6glichst lange in der vertrauten Umgebung leben kann, wird hier gut beraten. Mehr Details zu den Pflegest\u00fctzpunkten und weitere Informationen erhalten Sie <a href=\"https:\/\/www.kreis-reutlingen.de\/pflegestuetzpunkt\" target=\"_blank\" rel=\"noopener\">auf der Internetseite.<\/a><\/p>\n","protected":false},"excerpt":{"rendered":"<p>Der Pflegest\u00fctzpunkt ist eine Anlaufstelle f\u00fcr Fragen rund um Alter, Pflegebed\u00fcrftigkeit und Unterst\u00fctzungsm\u00f6glichkeiten. Auch wer sich vorsorglich informieren will, wie [&hellip;]<\/p>\n","protected":false},"author":8,"featured_media":0,"parent":2276,"menu_order":0,"comment_status":"closed","ping_status":"closed","template":"","meta":[],"_links":{"self":[{"href":"https:\/\/lsr-bw.de\/seniorenraete\/reutlingen\/wp-json\/wp\/v2\/pages\/2286"}],"collection":[{"href":"https:\/\/lsr-bw.de\/seniorenraete\/reutlingen\/wp-json\/wp\/v2\/pages"}],"about":[{"href":"https:\/\/lsr-bw.de\/seniorenraete\/reutlingen\/wp-json\/wp\/v2\/types\/page"}],"author":[{"embeddable":true,"href":"https:\/\/lsr-bw.de\/seniorenraete\/reutlingen\/wp-json\/wp\/v2\/users\/8"}],"replies":[{"embeddable":true,"href":"https:\/\/lsr-bw.de\/seniorenraete\/reutlingen\/wp-json\/wp\/v2\/comments?post=2286"}],"version-history":[{"count":2,"href":"https:\/\/lsr-bw.de\/seniorenraete\/reutlingen\/wp-json\/wp\/v2\/pages\/2286\/revisions"}],"predecessor-version":[{"id":2549,"href":"https:\/\/lsr-bw.de\/seniorenraete\/reutlingen\/wp-json\/wp\/v2\/pages\/2286\/revisions\/2549"}],"up":[{"embeddable":true,"href":"https:\/\/lsr-bw.de\/seniorenraete\/reutlingen\/wp-json\/wp\/v2\/pages\/2276"}],"wp:attachment":[{"href":"https:\/\/lsr-bw.de\/seniorenraete\/reutlingen\/wp-json\/wp\/v2\/media?parent=2286"}],"curies":[{"name":"wp","href":"https:\/\/api.w.org\/{rel}","templated":true}]}}