{"id":2284,"date":"2021-03-09T13:28:15","date_gmt":"2021-03-09T12:28:15","guid":{"rendered":"https:\/\/lsr-bw.de\/seniorenraete\/reutlingen\/informationen\/dementielle-erkrankung\/"},"modified":"2021-08-18T15:15:56","modified_gmt":"2021-08-18T14:15:56","slug":"dementielle-erkrankung","status":"publish","type":"page","link":"https:\/\/lsr-bw.de\/seniorenraete\/reutlingen\/informationen\/dementielle-erkrankung\/","title":{"rendered":"Dementielle Erkrankung"},"content":{"rendered":"<h2>Demenz<\/h2>\n<p>Der Begriff Demenz fasst verschiedene Erkrankungen zusammen, die mit dem Verfall der geistigen Leistungsf\u00e4higkeit und einer Pers\u00f6nlichkeitsver\u00e4nderung einhergehen. Die h\u00e4ufigste Form der Demenz ist die Alzheimer-Krankheit. Von Demenz betroffen sind derzeit rund 1,4 Millionen Deutsche. Ist es im Alter von 60 bis 64 Jahren derzeit ein Prozent der Bev\u00f6lkerung, liegt bei den 85- bis 89-J\u00e4hrigen die Zahl bei \u00fcber 20 Prozent. Laut Wissenschaftlichem Institut der AOK k\u00f6nnen bis 2050 bis zu drei Millionen Menschen dement sein.<\/p>\n<p>Die AOK unterst\u00fctzt ihre Versicherten durch eine umfassende Pflegeberatung. F\u00fcr pflegende Angeh\u00f6rige gibt es individuelle Schulungen. Das AOK-Pflegeportal im Netz gibt praktische Hilfen wie Anleitungen zu Pflegebegriffen. Und mit dem Pflege-Navigator findet man das passende Heim oder den passenden Pflegedienst.<\/p>\n<p><a href=\"https:\/\/www.aok.de\/pk\/bw\/pflege\/?cid=bw-pflege-201609\" target=\"_blank\" rel=\"noopener\">aok-bw.de\/pflege<\/a><\/p>\n<p>Besonders hinweisen m\u00f6chten wir auf den preisgekr\u00f6nten Dokumentarfilm \u201eVergiss mein nicht\u201c der 2013 in die deutschen Kinos kam. Regisseur David Sieveking portr\u00e4tiert darin seine an Demenz erkrankte Mutter. Ist die Gesellschaft auf die Jahrhundertherausforderung Demenz vorbereitet? Gibt es ein Patentrezept f\u00fcr den Umgang mit Demenzkranken? Erfahren Sie mehr und erleben Sie die Mutmacherin Sophie Rosentreter auf <a href=\"https:\/\/www.aok.de\/pk\/bw\/\" target=\"_blank\" rel=\"noopener\">aok-bw.de<\/a><\/p>\n<p>Sophie Rosentreters Firma bietet Tipps und \u201eF\u00fchlprodukte\u201c unter <a href=\"https:\/\/ilsesweitewelt.de\/\" target=\"_blank\" rel=\"noopener\">ilsesweitewelt.de<\/a><\/p>\n","protected":false},"excerpt":{"rendered":"<p>Demenz Der Begriff Demenz fasst verschiedene Erkrankungen zusammen, die mit dem Verfall der geistigen Leistungsf\u00e4higkeit und einer Pers\u00f6nlichkeitsver\u00e4nderung einhergehen. Die [&hellip;]<\/p>\n","protected":false},"author":8,"featured_media":0,"parent":192,"menu_order":8,"comment_status":"closed","ping_status":"closed","template":"","meta":[],"_links":{"self":[{"href":"https:\/\/lsr-bw.de\/seniorenraete\/reutlingen\/wp-json\/wp\/v2\/pages\/2284"}],"collection":[{"href":"https:\/\/lsr-bw.de\/seniorenraete\/reutlingen\/wp-json\/wp\/v2\/pages"}],"about":[{"href":"https:\/\/lsr-bw.de\/seniorenraete\/reutlingen\/wp-json\/wp\/v2\/types\/page"}],"author":[{"embeddable":true,"href":"https:\/\/lsr-bw.de\/seniorenraete\/reutlingen\/wp-json\/wp\/v2\/users\/8"}],"replies":[{"embeddable":true,"href":"https:\/\/lsr-bw.de\/seniorenraete\/reutlingen\/wp-json\/wp\/v2\/comments?post=2284"}],"version-history":[{"count":4,"href":"https:\/\/lsr-bw.de\/seniorenraete\/reutlingen\/wp-json\/wp\/v2\/pages\/2284\/revisions"}],"predecessor-version":[{"id":2582,"href":"https:\/\/lsr-bw.de\/seniorenraete\/reutlingen\/wp-json\/wp\/v2\/pages\/2284\/revisions\/2582"}],"up":[{"embeddable":true,"href":"https:\/\/lsr-bw.de\/seniorenraete\/reutlingen\/wp-json\/wp\/v2\/pages\/192"}],"wp:attachment":[{"href":"https:\/\/lsr-bw.de\/seniorenraete\/reutlingen\/wp-json\/wp\/v2\/media?parent=2284"}],"curies":[{"name":"wp","href":"https:\/\/api.w.org\/{rel}","templated":true}]}}