{"id":2283,"date":"2021-03-09T13:28:15","date_gmt":"2021-03-09T12:28:15","guid":{"rendered":"https:\/\/lsr-bw.de\/seniorenraete\/reutlingen\/informationen\/hospiz-und-palliativversorgung\/"},"modified":"2021-03-25T15:49:10","modified_gmt":"2021-03-25T14:49:10","slug":"hospiz-und-palliativversorgung","status":"publish","type":"page","link":"https:\/\/lsr-bw.de\/seniorenraete\/reutlingen\/informationen\/hospiz-und-palliativversorgung\/","title":{"rendered":"Hospiz- und Palliativversorgung"},"content":{"rendered":"<p>Palliativmedizin ist die angemessene medizinische Versorgung von Patienten mit fortgeschrittenen, unheilbaren Erkrankungen und ist eine eindeutige Absage an die aktive Sterbehilfe. Palliativstationen sind Abteilungen eines Krankenhauses. Sie nutzen die vorhandenen Strukturen und haben in erster Linie das Ziel, eine Situation wieder so in den Griff zu bekommen, dass die weitere ambulante oder h\u00e4usliche Betreuung von Patienten m\u00f6glich ist.<\/p>\n<p><strong>Mehr Information unter:<\/strong> <a href=\"https:\/\/www.dgpalliativmedizin.de\/\" target=\"_blank\" rel=\"noopener\">dgpalliativmedizin.de<\/a><\/p>\n<p><strong>Informationen \u00fcber Palliativversorgung im Landkreis erhalten Sie unter:<\/strong><\/p>\n<p><a href=\"https:\/\/www.kreiskliniken-reutlingen.de\/\" target=\"_blank\" rel=\"noopener\">kreiskliniken-reutlingen.de<\/a><br \/>\n<a href=\"https:\/\/hospiz-reutlingen.de\/startseite\" target=\"_blank\" rel=\"noopener\">hospiz-reutlingen.de<\/a><br \/>\n<a href=\"https:\/\/www.reutlingen.de\/willkommen\" target=\"_blank\" rel=\"noopener\">reutlingen.de<\/a><br \/>\n<a href=\"https:\/\/www.stiftung-patientenschutz.de\/\" target=\"_blank\" rel=\"noopener\">stiftung-patientenschutz.de<\/a><br \/>\n<a href=\"https:\/\/www.bosch-stiftung.de\/de\" target=\"_blank\" rel=\"noopener\">bosch-stiftung.de<\/a><br \/>\n<a href=\"https:\/\/www.deutsche-alzheimer.de\/\" target=\"_blank\" rel=\"noopener\">deutsche-alzheimer.de<\/a><\/p>\n<h2>Stiftung Palliativpflege<\/h2>\n<p>Zweck der Stiftung ist die F\u00f6rderung der \u00f6ffentlichen Gesundheitspflege auf dem Gebiet der Palliativversorgung. Im Schwerpunkt steht die finanzielle und ideelle F\u00f6rderung von Einrichtungen und Diensten der ambulanten Palliativversorgung in der Stadt und im Landkreis Reutlingen.<\/p>\n<p><strong>Mehr Informationen unter:<\/strong> <a href=\"http:\/\/stiftung-palliativ.de\/\" target=\"_blank\" rel=\"noopener\">stiftung-palliativ.de<\/a><\/p>\n","protected":false},"excerpt":{"rendered":"<p>Palliativmedizin ist die angemessene medizinische Versorgung von Patienten mit fortgeschrittenen, unheilbaren Erkrankungen und ist eine eindeutige Absage an die aktive [&hellip;]<\/p>\n","protected":false},"author":8,"featured_media":0,"parent":192,"menu_order":7,"comment_status":"closed","ping_status":"closed","template":"","meta":[],"_links":{"self":[{"href":"https:\/\/lsr-bw.de\/seniorenraete\/reutlingen\/wp-json\/wp\/v2\/pages\/2283"}],"collection":[{"href":"https:\/\/lsr-bw.de\/seniorenraete\/reutlingen\/wp-json\/wp\/v2\/pages"}],"about":[{"href":"https:\/\/lsr-bw.de\/seniorenraete\/reutlingen\/wp-json\/wp\/v2\/types\/page"}],"author":[{"embeddable":true,"href":"https:\/\/lsr-bw.de\/seniorenraete\/reutlingen\/wp-json\/wp\/v2\/users\/8"}],"replies":[{"embeddable":true,"href":"https:\/\/lsr-bw.de\/seniorenraete\/reutlingen\/wp-json\/wp\/v2\/comments?post=2283"}],"version-history":[{"count":3,"href":"https:\/\/lsr-bw.de\/seniorenraete\/reutlingen\/wp-json\/wp\/v2\/pages\/2283\/revisions"}],"predecessor-version":[{"id":2449,"href":"https:\/\/lsr-bw.de\/seniorenraete\/reutlingen\/wp-json\/wp\/v2\/pages\/2283\/revisions\/2449"}],"up":[{"embeddable":true,"href":"https:\/\/lsr-bw.de\/seniorenraete\/reutlingen\/wp-json\/wp\/v2\/pages\/192"}],"wp:attachment":[{"href":"https:\/\/lsr-bw.de\/seniorenraete\/reutlingen\/wp-json\/wp\/v2\/media?parent=2283"}],"curies":[{"name":"wp","href":"https:\/\/api.w.org\/{rel}","templated":true}]}}