{"id":2282,"date":"2021-03-09T13:28:15","date_gmt":"2021-03-09T12:28:15","guid":{"rendered":"https:\/\/lsr-bw.de\/seniorenraete\/reutlingen\/informationen\/senioren-im-internet\/"},"modified":"2021-08-01T12:19:02","modified_gmt":"2021-08-01T11:19:02","slug":"senioren-im-internet","status":"publish","type":"page","link":"https:\/\/lsr-bw.de\/seniorenraete\/reutlingen\/informationen\/senioren-im-internet\/","title":{"rendered":"Senioren im Internet"},"content":{"rendered":"<p>&#8222;Weitere Informationen finden Sie im Internet&#8220;- Dieser Satz ist mittlerweile fast \u00fcberall zu finden. Beim Fernsehen, Radioh\u00f6ren oder Zeitunglesen \u2013 das Internet ist allgegenw\u00e4rtig und aus dem Alltag nicht mehr wegzudenken. Auch immer mehr Menschen jenseits der 60 entdecken die Online-Welt f\u00fcr sich. Gesucht werden im Netz meist Informationen und Ratschl\u00e4ge, die im Alltag helfen.<\/p>\n<p>Zudem stehen Nachrichten, Regionales sowie Service- und Verbraucherinformationen hoch im Kurs. Dabei sind die Interessen breit gef\u00e4chert: Themen wie Gesundheit, Freizeit und Reisen geh\u00f6ren ebenso dazu wie Finanzen, Wohnen und Technik.<\/p>\n<p>Ein Ziel des Kreisseniorenrates ist es, die Nutzung des Internets, insbesondere f\u00fcr die \u00e4ltere Generation, zu verbreiten. Leider nutzen in Baden-W\u00fcrttemberg nur ca. 30% der \u00fcber 65- J\u00e4hrigen das Internet. Dabei haben Studien ergeben, dass das Internet \u2013 im Gegensatz zum Fernsehen \u2013 der Vereinsamung entgegenwirkt.<br \/>\nWollen auch Sie in die Welt des Internets eintauchen?<\/p>\n<p><a href=\"http:\/\/www.treffpunkt-internet-reutlingen.de\/\" target=\"_blank\" rel=\"noopener\"><strong>treffpunkt-internet-reutlingen<\/strong><\/a><br \/>\nBeratung f\u00fcr SeniorenInnen aus Reutlingen und Umgebung in Fragen rund um PC und Internet.<\/p>\n<hr \/>\n<p><a href=\"http:\/\/www.reutlingenwiki.de\/\" target=\"_blank\" rel=\"noopener\"><strong>reutlingenwiki<\/strong><\/a><br \/>\nEin nicht-kommerzielles, offenes Informationsportal f\u00fcr Reutlingen. Jede und jeder kann sich mit seinem Wissen und seinen Erfahrungen beteiligen.<\/p>\n<hr \/>\n<p><a href=\"http:\/\/seniorenfreundlich.de\/\" target=\"_blank\" rel=\"noopener\"><strong>seniorenfreundlich<\/strong><\/a><br \/>\nInformations- und Ideensammlung zum Leben von Seniorinnen und Senioren in Deutschland, aus pers\u00f6nlicher Sicht eines Seniors.<\/p>\n<hr \/>\n<p><strong>feierabend &#8211; Webtreff f\u00fcr die besten Jahre<\/strong><br \/>\n<a href=\"https:\/\/www.vhs-bw.de\/\" target=\"_blank\" rel=\"noopener\">vhs-bw<\/a><br \/>\nInformationen zur Arbeit des Volkshochschulverband Baden-W\u00fcrttemberg e.V.<\/p>\n<hr \/>\n<p><a href=\"https:\/\/www.evz.de\/einkaufen-internet\/vorsicht-falle\/\" target=\"_blank\" rel=\"noopener\"><strong>vorsicht-im-netz<\/strong><\/a><br \/>\nEine Seite des Europ\u00e4ischen Verbraucherzentrums Deutschland. Es arbeitet in einem europaweiten Netzwerk und ist erste Anlaufstelle f\u00fcr Verbraucher in allen grenz\u00fcberschreitenden Fragen.<\/p>\n<hr \/>\n<p><a href=\"https:\/\/levato.de\/\" target=\"_blank\" rel=\"noopener\"><strong>starthilfe50<\/strong><\/a><br \/>\nVermittelt Medienkompetenz im Umgang mit dem PC und dem Internet 50plus-ans-netz Internet-Kurse f\u00fcr (\u00e4ltere) Erwachsene.<\/p>\n<hr \/>\n<p><a href=\"https:\/\/www.bagso.de\/\" target=\"_blank\" rel=\"noopener\"><strong>bagso<\/strong><\/a><br \/>\nKostenlose Bestellung des Ratgebers \u201eWegweiser durch die digitale Welt \u2013 F\u00fcr \u00e4ltere B\u00fcrgerinnen und B\u00fcrger\u201c<\/p>\n","protected":false},"excerpt":{"rendered":"<p>&#8222;Weitere Informationen finden Sie im Internet&#8220;- Dieser Satz ist mittlerweile fast \u00fcberall zu finden. Beim Fernsehen, Radioh\u00f6ren oder Zeitunglesen \u2013 [&hellip;]<\/p>\n","protected":false},"author":8,"featured_media":0,"parent":192,"menu_order":6,"comment_status":"closed","ping_status":"closed","template":"","meta":[],"_links":{"self":[{"href":"https:\/\/lsr-bw.de\/seniorenraete\/reutlingen\/wp-json\/wp\/v2\/pages\/2282"}],"collection":[{"href":"https:\/\/lsr-bw.de\/seniorenraete\/reutlingen\/wp-json\/wp\/v2\/pages"}],"about":[{"href":"https:\/\/lsr-bw.de\/seniorenraete\/reutlingen\/wp-json\/wp\/v2\/types\/page"}],"author":[{"embeddable":true,"href":"https:\/\/lsr-bw.de\/seniorenraete\/reutlingen\/wp-json\/wp\/v2\/users\/8"}],"replies":[{"embeddable":true,"href":"https:\/\/lsr-bw.de\/seniorenraete\/reutlingen\/wp-json\/wp\/v2\/comments?post=2282"}],"version-history":[{"count":5,"href":"https:\/\/lsr-bw.de\/seniorenraete\/reutlingen\/wp-json\/wp\/v2\/pages\/2282\/revisions"}],"predecessor-version":[{"id":2570,"href":"https:\/\/lsr-bw.de\/seniorenraete\/reutlingen\/wp-json\/wp\/v2\/pages\/2282\/revisions\/2570"}],"up":[{"embeddable":true,"href":"https:\/\/lsr-bw.de\/seniorenraete\/reutlingen\/wp-json\/wp\/v2\/pages\/192"}],"wp:attachment":[{"href":"https:\/\/lsr-bw.de\/seniorenraete\/reutlingen\/wp-json\/wp\/v2\/media?parent=2282"}],"curies":[{"name":"wp","href":"https:\/\/api.w.org\/{rel}","templated":true}]}}