{"id":2274,"date":"2021-03-09T13:24:26","date_gmt":"2021-03-09T12:24:26","guid":{"rendered":"https:\/\/lsr-bw.de\/seniorenraete\/reutlingen\/?page_id=2274"},"modified":"2021-07-29T10:36:57","modified_gmt":"2021-07-29T09:36:57","slug":"serviceplus","status":"publish","type":"page","link":"https:\/\/lsr-bw.de\/seniorenraete\/reutlingen\/unsere-aufgaben\/serviceplus\/","title":{"rendered":"ServicePlus"},"content":{"rendered":"<h2>ServicePlus \u2013 Seniorenfreundliche Handwerksbetriebe im Kreis Reutlingen<\/h2>\n<p>Viele \u00c4ltere und Menschen mit Einschr\u00e4nkungen m\u00f6chten m\u00f6glichst lange in ihrer eigenen Wohnung und bekannten Umgebung bleiben. Ganz besonders, wenn die Mobilit\u00e4t nachl\u00e4sst und die gewohnten vier W\u00e4nde zum Mittelpunkt des Lebens werden.<\/p>\n<p>Durch die Teilnahme an einer ServicePlus-Schulung haben sich Betriebe f\u00fcr den fachgerechten Umgang mit dieser Zielgruppe fit gemacht. Seit mehr als 10 Jahren gibt es \u201eServicePlus\u201c als landkreis\u00fcbergreifende Kooperation zwischen den Kreisseniorenr\u00e4ten und den Kreishandwerkerschaften aus den Landkreisen Esslingen, G\u00f6ppingen, Rems-Murr und Reutlingen sowie dem DRK G\u00f6ppingen, dem Partner ikk classic, dem Landkreis Esslingen und der Kreissparkasse Esslingen-N\u00fcrtingen. Grundgedanke von Service Plus ist, den Handwerkern ein m\u00f6glichst breites Hintergrund- und Fachwissen bez\u00fcglich der Anspr\u00fcche und der Erfordernisse an den Wohnraum \u00e4lterer Menschen und Menschen mit Beeintr\u00e4chtigungen zu vermitteln. ServicePlus geschulte Betriebe bieten zus\u00e4tzlich zu ihrer Fachkompetenz Beratung im Hinblick auf die besonderen Anforderungen von \u00e4lteren Menschen und Menschen mit Einschr\u00e4nkungen (Hilfsmittel, Wohnanpassung, Umbauma\u00dfnahmen usw.).<\/p>\n<p>Weitere Informationen hierzu und eine \u00dcbersicht der zertifizierten ServicePlus-Fachbetriebe k\u00f6nnen Sie <a href=\"https:\/\/www.serviceplus-bw.de\/\" target=\"_blank\" rel=\"noopener\">\u00fcber den Link<\/a> erhalten.<\/p>\n","protected":false},"excerpt":{"rendered":"<p>ServicePlus \u2013 Seniorenfreundliche Handwerksbetriebe im Kreis Reutlingen Viele \u00c4ltere und Menschen mit Einschr\u00e4nkungen m\u00f6chten m\u00f6glichst lange in ihrer eigenen Wohnung [&hellip;]<\/p>\n","protected":false},"author":8,"featured_media":0,"parent":174,"menu_order":2,"comment_status":"closed","ping_status":"closed","template":"","meta":[],"_links":{"self":[{"href":"https:\/\/lsr-bw.de\/seniorenraete\/reutlingen\/wp-json\/wp\/v2\/pages\/2274"}],"collection":[{"href":"https:\/\/lsr-bw.de\/seniorenraete\/reutlingen\/wp-json\/wp\/v2\/pages"}],"about":[{"href":"https:\/\/lsr-bw.de\/seniorenraete\/reutlingen\/wp-json\/wp\/v2\/types\/page"}],"author":[{"embeddable":true,"href":"https:\/\/lsr-bw.de\/seniorenraete\/reutlingen\/wp-json\/wp\/v2\/users\/8"}],"replies":[{"embeddable":true,"href":"https:\/\/lsr-bw.de\/seniorenraete\/reutlingen\/wp-json\/wp\/v2\/comments?post=2274"}],"version-history":[{"count":1,"href":"https:\/\/lsr-bw.de\/seniorenraete\/reutlingen\/wp-json\/wp\/v2\/pages\/2274\/revisions"}],"predecessor-version":[{"id":2275,"href":"https:\/\/lsr-bw.de\/seniorenraete\/reutlingen\/wp-json\/wp\/v2\/pages\/2274\/revisions\/2275"}],"up":[{"embeddable":true,"href":"https:\/\/lsr-bw.de\/seniorenraete\/reutlingen\/wp-json\/wp\/v2\/pages\/174"}],"wp:attachment":[{"href":"https:\/\/lsr-bw.de\/seniorenraete\/reutlingen\/wp-json\/wp\/v2\/media?parent=2274"}],"curies":[{"name":"wp","href":"https:\/\/api.w.org\/{rel}","templated":true}]}}