{"id":2039,"date":"2021-02-02T14:19:03","date_gmt":"2021-02-02T14:19:11","guid":{"rendered":"https:\/\/lsr-bw.de\/seniorenraete\/reutlingen\/?page_id=2039"},"modified":"2025-01-28T16:30:50","modified_gmt":"2025-01-28T15:30:50","slug":"vorsorge","status":"publish","type":"page","link":"https:\/\/lsr-bw.de\/seniorenraete\/reutlingen\/unsere-aufgaben\/vorsorge\/","title":{"rendered":"Vorsorge"},"content":{"rendered":"<h2 class=\"p1\">Patientenverfu\u0308gung \/ Gesundheitsvollmacht \/ Betreuungsverfu\u0308gung<\/h2>\n<p class=\"p2\">Der Kreisseniorenrat Reutlingen hat das Thema \u201ePatientenverfu\u0308gung &#8230;\u201c seit Jahren im Kreis etabliert und im \u201eArbeitskreis Vorsorge Reutlingen\u201c eine Vorsorgemappe erarbeitet und erstellt.<\/p>\n<p class=\"p2\">Das Thema &#8222;Patientenverfu\u0308gung&#8220; im Zusammenhang mit einer gesetzlichen Regelung, wurde durch die \u00f6ffentliche Diskussion mehr ins Bewusstsein der Bev\u00f6lkerung geru\u0308ckt. Genau so wichtig ist eine Vorsorgevollmacht. Der Kreisseniorenrat weist immer wieder auf die Wichtigkeit hin, sich nicht nur im finanziellen Bereich auf die Zukunft vorzubereiten.<\/p>\n<p class=\"p2\">Besonders betont der Kreisseniorenrat, dass diese fu\u0308r eine unter Umst\u00e4nden letzte Lebensphase so wichtigen Entscheidungen, die schriftlich niedergelegt werden sollten, unbedingt nur nach fachkundiger Beratung getroffen werden sollen. Der Kreisseniorenrat ist daher froh, dass der \u201eArbeitskreis Vorsorge Reutlingen\u201c seit Jahren hervorragende Beratung und ausgefeilte Formulare anbietet.<\/p>\n<p class=\"p2\">Der Arbeitskreis informiert Sie u\u0308ber verschiedene M\u00f6glichkeiten zur konkreten Vorsorge fu\u0308r ein weitgehend selbstbestimmtes Leben bei Krankheit und Pflegebedu\u0308rftigkeit:<\/p>\n<h4 class=\"p1\"><strong>Patientenverfu\u0308gung<\/strong><\/h4>\n<p class=\"p1\">Sie k\u00f6nnen im Voraus fu\u0308r den Fall der Entscheidungsunf\u00e4higkeit Ihren Willen fu\u0308r den behandelnden Arzt schriftlich festlegen. Gleichzeitig k\u00f6nnen Sie eine Vertrauensperson benennen, die Ihre Wu\u0308nsche kennt.<\/p>\n<h4 class=\"p1\"><strong>Gesundheitsvollmacht<\/strong><\/h4>\n<p class=\"p1\">Sie k\u00f6nnen im Voraus einer selbstgew\u00e4hlten Vertrauensperson fu\u0308r die \u00e4rztliche Behandlung eine Vollmacht erteilen.<\/p>\n<h4 class=\"p1\"><strong>Betreuungsverfu\u0308gung<\/strong><\/h4>\n<p class=\"p1\">Sie k\u00f6nnen im Voraus vorsorglich einen Betreuer benennen, der vom Vormundschaftsgericht fu\u0308r die Zeit bestellt wird, in der Sie Ihre Angelegenheiten nicht mehr selbst wahrnehmen k\u00f6nnen. Auch wenn Sie niemanden kennen, k\u00f6nnen Sie Ihre Wu\u0308nsche niederschreiben.<\/p>\n<h4 class=\"p1\"><strong>Vollmacht<\/strong><\/h4>\n<p class=\"p1\">Auf Wunsch wird Ihnen ein geeignetes Informationsmaterial zur Verfu\u0308gung gestellt.<\/p>\n<hr \/>\n<p class=\"p1\">Ausfu\u0308hrliche, sachliche Informationen und pers\u00f6nliche Gespr\u00e4chstermine mit dem Arbeitskreis Vorsorge Reutlingen k\u00f6nnen Sie vereinbaren bei:<\/p>\n<p><strong>Ambulanter Hospizdienst Reutlingen e.V.<\/strong><br \/>\nOberlinstra\u00dfe 20<br \/>\n72762 Reutlingen<br \/>\n<strong>Telefon:<\/strong> 07121 \/ 27 83 38<\/p>\n<hr \/>\n<p><strong>Diakonischer Betreuungsverein im Landkreis Reutlingen e.V.<\/strong><br \/>\nPlanie 17<br \/>\n72764 Reutlingen<br \/>\n<strong>Telefon:<\/strong> 07121 \/ 4 41 37<\/p>\n<hr \/>\n<p><strong>DRK-Alzheimer Beratung<\/strong><br \/>\nObere W\u00e4ssere 1<br \/>\n72764 Reutlingen<br \/>\n<strong>Telefon:<\/strong> 07121 \/ 34 53 97 31<\/p>\n<hr \/>\n<p><strong>Seniorentreff M\u00fcnsingen<\/strong><br \/>\nUracher Stra\u00dfe 1<br \/>\n72525 M\u00fcnsingen<br \/>\n<strong>Telefon:<\/strong> 07381 \/ 33 40<\/p>\n<hr \/>\n<p><strong>Seniorentreff Sonnenb\u00fchl-Undingen e.V.<\/strong><br \/>\nSonnenstra\u00dfe 39<br \/>\n72820 Sonnenb\u00fchl<br \/>\n<strong>Telefon:<\/strong> 07128 \/ 809<\/p>\n<hr \/>\n<p><strong>Stadt Reutlingen, Abt. f\u00fcr \u00c4ltere<\/strong><br \/>\nRathaus\/Marktplatz 22<br \/>\n72764 Reutlingen<br \/>\n<strong>Telefon:<\/strong> 07121 \/ 303-2200<\/p>\n<hr \/>\n<h4 class=\"p1\"><strong>Patientenverfu\u0308gung<\/strong><\/h4>\n<p class=\"p2\">In diesen Verfu\u0308gungen erkl\u00e4ren Sie m\u00f6glichst genau, welche Behandlung Sie bei bestimmten Krankheitszust\u00e4nden, die Sie selbst entscheidungsunf\u00e4hig machen, wu\u0308nschen und welche nicht. Lassen Sie sich bei der Abfassung beraten von \u00c4rzten, Krankenkassen, Wohlfahrtsverb\u00e4nden oder Patientenschutzorganisationen. Damit Ihre Vorstellungen dann auch umgesetzt werden, brauchen Sie zus\u00e4tzlich einen Betreuer per Betreuungsverfu\u0308gung oder Bevollm\u00e4chtigten per Vorsorgevollmacht fu\u0308r Gesundheitsfragen. Patientenverfu\u0308gungen k\u00f6nnen hinterlegt werden bei der <a href=\"http:\/\/www.vorsorgedatenbank.de\/\" target=\"_blank\" rel=\"noopener\">Stiftung VorsorgeDatenbank<\/a><\/p>\n<h4 class=\"p1\"><strong>Sicher verwahrt<\/strong><\/h4>\n<p class=\"p1\">Das beste Dokument ist sein Papier nicht wert, wenn man es im Notfall nicht findet. Vollmachten, Verfu\u0308gungen und Testamente k\u00f6nnen zu Hause aufbewahrt werden, sicherer ist es, sie von Notaren oder Gerichten verwahren und von diesen in den zentralen Registern der Bundesnotarkammer in Berlin eintragen zu lassen.<\/p>\n<p class=\"p1\">Fu\u0308r Betreuungsverfu\u0308gungen und Vollmachten gibt es das <a href=\"https:\/\/www.vorsorgeregister.de\/\" target=\"_blank\" rel=\"noopener\">Zentrale Vorsorgeregister<\/a><\/p>\n<p class=\"p1\">Fu\u0308r Testamente und Erbvertr\u00e4ge seit Anfang dieses Jahres das <a href=\"https:\/\/testamentsregister.de\/\" target=\"_blank\" rel=\"noopener\">zentrale Testamentsregister<\/a><\/p>\n<p class=\"p1\">Fu\u0308r die Registrierung werden einmalig Gebu\u0308hren erhoben.<\/p>\n","protected":false},"excerpt":{"rendered":"<p>Patientenverfu\u0308gung \/ Gesundheitsvollmacht \/ Betreuungsverfu\u0308gung Der Kreisseniorenrat Reutlingen hat das Thema \u201ePatientenverfu\u0308gung &#8230;\u201c seit Jahren im Kreis etabliert und im [&hellip;]<\/p>\n","protected":false},"author":8,"featured_media":0,"parent":174,"menu_order":0,"comment_status":"closed","ping_status":"closed","template":"","meta":[],"_links":{"self":[{"href":"https:\/\/lsr-bw.de\/seniorenraete\/reutlingen\/wp-json\/wp\/v2\/pages\/2039"}],"collection":[{"href":"https:\/\/lsr-bw.de\/seniorenraete\/reutlingen\/wp-json\/wp\/v2\/pages"}],"about":[{"href":"https:\/\/lsr-bw.de\/seniorenraete\/reutlingen\/wp-json\/wp\/v2\/types\/page"}],"author":[{"embeddable":true,"href":"https:\/\/lsr-bw.de\/seniorenraete\/reutlingen\/wp-json\/wp\/v2\/users\/8"}],"replies":[{"embeddable":true,"href":"https:\/\/lsr-bw.de\/seniorenraete\/reutlingen\/wp-json\/wp\/v2\/comments?post=2039"}],"version-history":[{"count":14,"href":"https:\/\/lsr-bw.de\/seniorenraete\/reutlingen\/wp-json\/wp\/v2\/pages\/2039\/revisions"}],"predecessor-version":[{"id":2769,"href":"https:\/\/lsr-bw.de\/seniorenraete\/reutlingen\/wp-json\/wp\/v2\/pages\/2039\/revisions\/2769"}],"up":[{"embeddable":true,"href":"https:\/\/lsr-bw.de\/seniorenraete\/reutlingen\/wp-json\/wp\/v2\/pages\/174"}],"wp:attachment":[{"href":"https:\/\/lsr-bw.de\/seniorenraete\/reutlingen\/wp-json\/wp\/v2\/media?parent=2039"}],"curies":[{"name":"wp","href":"https:\/\/api.w.org\/{rel}","templated":true}]}}