{"id":2023,"date":"2021-02-02T13:46:34","date_gmt":"2021-02-02T13:46:34","guid":{"rendered":"https:\/\/lsr-bw.de\/seniorenraete\/reutlingen\/?page_id=2023"},"modified":"2021-03-25T11:30:28","modified_gmt":"2021-03-25T10:30:28","slug":"ueber-uns","status":"publish","type":"page","link":"https:\/\/lsr-bw.de\/seniorenraete\/reutlingen\/wer-wir-sind\/ueber-uns\/","title":{"rendered":"\u00dcber uns"},"content":{"rendered":"<p>Der Kreissenioren Rat tritt f\u00fcr die Interessen \u00e4lterer Menschen im Kreisgebiet ein. Dies bedeutet: Meinungsbildung initiieren und den Erfahrungsaustausch auf sozialem und wirtschaftlichem Gebiet pflegen.<\/p>\n<p>Der Kreisseniorenrat macht die Einwohner, die staatlichen und kommunalen Beh\u00f6rden auf die Probleme \u00e4lterer Menschen aufmerksam. Gleichzeitig arbeitet er auch an deren L\u00f6sung mit. In den wichtigen Gremien der Sozialen Dienste und der \u00d6ffentlichen Verwaltung ist der Kreisseniorenrat ein Ansprechpartner und F\u00fcrsprecher der \u00c4lteren. Im Rahmen seiner \u00d6ffentlichkeitsarbeit informiert der Kreisseniorenrat gezielt die \u00e4lteren Menschen \u00fcber sie betreffende Angelegenheiten. Dazu z\u00e4hlen Hinweise zu Veranstaltungen und Fortbildungen sowie Hintergrundinformationen zu Projekten f\u00fcr Senioren. Desweiteren versuchen wir die Interessierten mit besonderen &#8222;links&#8220; auf dem Laufenden zu halten. Der Kreisseniorenrat Reutlingen e.V. ist Mitglied im <a href=\"https:\/\/www.lsr-bw.de\" target=\"_blank\" rel=\"noopener\">Landesseniorenrat Baden-W\u00fcrttemberg e.V.<\/a><\/p>\n<p><strong>Die Organe des Kreisseniorenrats e.V. sind<\/strong><\/p>\n<ul>\n<li>die Mitgliederversammlung<\/li>\n<li>der Beirat<\/li>\n<li>der Vorstand<\/li>\n<\/ul>\n","protected":false},"excerpt":{"rendered":"<p>Der Kreissenioren Rat tritt f\u00fcr die Interessen \u00e4lterer Menschen im Kreisgebiet ein. Dies bedeutet: Meinungsbildung initiieren und den Erfahrungsaustausch auf [&hellip;]<\/p>\n","protected":false},"author":8,"featured_media":0,"parent":110,"menu_order":0,"comment_status":"closed","ping_status":"closed","template":"","meta":[],"_links":{"self":[{"href":"https:\/\/lsr-bw.de\/seniorenraete\/reutlingen\/wp-json\/wp\/v2\/pages\/2023"}],"collection":[{"href":"https:\/\/lsr-bw.de\/seniorenraete\/reutlingen\/wp-json\/wp\/v2\/pages"}],"about":[{"href":"https:\/\/lsr-bw.de\/seniorenraete\/reutlingen\/wp-json\/wp\/v2\/types\/page"}],"author":[{"embeddable":true,"href":"https:\/\/lsr-bw.de\/seniorenraete\/reutlingen\/wp-json\/wp\/v2\/users\/8"}],"replies":[{"embeddable":true,"href":"https:\/\/lsr-bw.de\/seniorenraete\/reutlingen\/wp-json\/wp\/v2\/comments?post=2023"}],"version-history":[{"count":4,"href":"https:\/\/lsr-bw.de\/seniorenraete\/reutlingen\/wp-json\/wp\/v2\/pages\/2023\/revisions"}],"predecessor-version":[{"id":2251,"href":"https:\/\/lsr-bw.de\/seniorenraete\/reutlingen\/wp-json\/wp\/v2\/pages\/2023\/revisions\/2251"}],"up":[{"embeddable":true,"href":"https:\/\/lsr-bw.de\/seniorenraete\/reutlingen\/wp-json\/wp\/v2\/pages\/110"}],"wp:attachment":[{"href":"https:\/\/lsr-bw.de\/seniorenraete\/reutlingen\/wp-json\/wp\/v2\/media?parent=2023"}],"curies":[{"name":"wp","href":"https:\/\/api.w.org\/{rel}","templated":true}]}}