{"id":110,"date":"2020-10-19T07:11:40","date_gmt":"2020-10-19T07:11:40","guid":{"rendered":"https:\/\/lsr-bw.de\/seniorenraete\/reutlingen\/?page_id=110"},"modified":"2021-07-29T10:27:40","modified_gmt":"2021-07-29T09:27:40","slug":"wer-wir-sind","status":"publish","type":"page","link":"https:\/\/lsr-bw.de\/seniorenraete\/reutlingen\/wer-wir-sind\/","title":{"rendered":"Wer wir sind"},"content":{"rendered":"<h2>Herzlich Willkommen<\/h2>\n<p>Der Kreisseniorenrat Reutlingen e.V. ist eine Arbeitsgemeinschaft f\u00fcr Organisationen, Verb\u00e4nde und Einrichtungen des Landkreises, die auf dem Gebiet der Seniorenarbeit t\u00e4tig sind. Institutionen, die sich mit der Altenarbeit und der Altenhilfe befassen, sowie interessierte Einzelpersonen sind herzlich bei uns willkommen.<\/p>\n<p>Der Kreisseniorenrat Reutlingen arbeitet unabh\u00e4ngig und ist parteipolitisch und weltanschaulich neutral. Seine Mitglieder \u00fcben ihr Amt auf freiwilliger Basis ehrenamtlich aus. \u00dcber die Mitgliedschaft im Landesseniorenrat Stuttgart ist der Kreisseniorenrat Reutlingen in \u00fcberregionale soziale und politische Themen eingebunden. Der Kreisseniorenrat Reutlingen f\u00f6rdert und unterst\u00fctzt Gruppen und Institutionen, die sich im sozialen und kulturellen Bereich engagieren. Der Verein unterh\u00e4lt selbst keine Einrichtungen der Altenarbeit. Die Basisarbeit f\u00fcr und mit Senioren wird in den aktiven Gruppen der Arbeitsgemeinschaft geleistet. Ziel ist, die Zusammenarbeit der Einrichtungen im Interesse der B\u00fcrgerinnen und B\u00fcrger \u00fcber 60 Jahre im Landkreis so eng wie m\u00f6glich zu gestalten. Der Kreisseniorenrat unterst\u00fctzt alle Seniorengruppen in den Kreisgemeinden, die vor Ort direkte und hervorragende Arbeit leisten.<\/p>\n","protected":false},"excerpt":{"rendered":"<p>Der Landesseniorenrat Baden-W\u00fcrttemberg ist ein Zusammenschluss von Kreis- und Stadtseniorenr\u00e4ten, Seniorenverb\u00e4nden und Landesorganisationen, die auf dem Gebiet der Altenarbeit t\u00e4tig sind.<\/p>\n","protected":false},"author":8,"featured_media":0,"parent":0,"menu_order":1,"comment_status":"closed","ping_status":"closed","template":"","meta":[],"_links":{"self":[{"href":"https:\/\/lsr-bw.de\/seniorenraete\/reutlingen\/wp-json\/wp\/v2\/pages\/110"}],"collection":[{"href":"https:\/\/lsr-bw.de\/seniorenraete\/reutlingen\/wp-json\/wp\/v2\/pages"}],"about":[{"href":"https:\/\/lsr-bw.de\/seniorenraete\/reutlingen\/wp-json\/wp\/v2\/types\/page"}],"author":[{"embeddable":true,"href":"https:\/\/lsr-bw.de\/seniorenraete\/reutlingen\/wp-json\/wp\/v2\/users\/8"}],"replies":[{"embeddable":true,"href":"https:\/\/lsr-bw.de\/seniorenraete\/reutlingen\/wp-json\/wp\/v2\/comments?post=110"}],"version-history":[{"count":15,"href":"https:\/\/lsr-bw.de\/seniorenraete\/reutlingen\/wp-json\/wp\/v2\/pages\/110\/revisions"}],"predecessor-version":[{"id":2545,"href":"https:\/\/lsr-bw.de\/seniorenraete\/reutlingen\/wp-json\/wp\/v2\/pages\/110\/revisions\/2545"}],"wp:attachment":[{"href":"https:\/\/lsr-bw.de\/seniorenraete\/reutlingen\/wp-json\/wp\/v2\/media?parent=110"}],"curies":[{"name":"wp","href":"https:\/\/api.w.org\/{rel}","templated":true}]}}