{"id":2072,"date":"2021-02-03T11:56:36","date_gmt":"2021-02-03T11:56:36","guid":{"rendered":"https:\/\/lsr-bw.de\/seniorenraete\/ortenaukreis\/?page_id=2072"},"modified":"2026-01-28T09:12:59","modified_gmt":"2026-01-28T09:12:59","slug":"impressum","status":"publish","type":"page","link":"https:\/\/lsr-bw.de\/seniorenraete\/ortenaukreis\/impressum\/","title":{"rendered":"Impressum"},"content":{"rendered":"<h2><strong>Postanschrift des Kreisseniorenrates im Ortenaukreis<\/strong><\/h2>\n<p>Badstra\u00dfe 20<br \/>\n77652 Offenburg<br \/>\nTelefon: 0781 805-1473<br \/>\nTelefax: 0781 805-1480<\/p>\n<p>tanja.neureuther@ortenaukreis.de<\/p>\n<p><strong>Vorstand<\/strong><br \/>\nVorstandsvorsitzender:\u00a0 Gerd Baumer<\/p>\n<p>Stellvertreterin:\u00a0 \u00a0 \u00a0 \u00a0 \u00a0 \u00a0 \u00a0 \u00a0 Monika Koebele<br \/>\nStellvertreter:\u00a0 \u00a0 \u00a0 \u00a0 \u00a0 \u00a0 \u00a0 \u00a0 \u00a0 \u00a0 Karl Stiegeler<\/p>\n<p>Gesch\u00e4ftsstelle:\u00a0 \u00a0 \u00a0 \u00a0 \u00a0 \u00a0 \u00a0 \u00a0 \u00a0Anskar Hail<br \/>\nRechnungsf\u00fchrer:\u00a0 \u00a0 \u00a0 \u00a0 \u00a0 \u00a0 Heinrich Stoehr<\/p>\n<p>Schriftf\u00fchrung:\u00a0 \u00a0 \u00a0 \u00a0 \u00a0 \u00a0 \u00a0 \u00a0 \u00a0Irene Hildenbrand<\/p>\n<p><strong>Inhaltlich Verantwortlicher gem\u00e4\u00df \u00a7 6<\/strong><br \/>\n<strong>Mediendienste-Staatsvertrag (MDStV):<\/strong><br \/>\nZeitschrift\u00a0 und Website:<br \/>\nGerd Baumer<br \/>\nR\u00fcdigerstra\u00dfe 12<\/p>\n<p>77694 Kehl am Rhein<\/p>\n<p>Der Kreisseniorenrat Baden-W\u00fcrttemberg e.V. \u00fcbernimmt keine Haftung oder Garantie f\u00fcr die Aktualit\u00e4t, Richtigkeit und Vollst\u00e4ndigkeit der zur Verf\u00fcgung gestellten Informationen. Die Vervielf\u00e4ltigung und Verbreitung von Informationen oder Daten, insbesondere die Verwendung von Texten, Textteilen oder Bildmaterial, bedarf der Einwilligung des Kreisseniorenrates Ortenaukreis e.V.<br \/>\nBeachten Sie bitte, dass Ihre Mitteilung an uns \u00fcber E-Mail nicht automatisch verschl\u00fcsselt wird. Ohne Verschl\u00fcsselung ist die Kenntnisnahme durch Dritte nicht ausgeschlossen. Soweit wir Ihrer Sendung entnehmen k\u00f6nnen, dass Sie eine Antwort w\u00fcnschen, gehen wir davon aus, dass Sie mit einer Beantwortung durch eine ebenfalls unverschl\u00fcsselte E-Mail einverstanden sind, wenn unsere Antwort auch nach ihrem Inhalt keiner Verschl\u00fcsselung bedarf.<\/p>\n<p><a href=\"https:\/\/lsr-bw.de\/seniorenraete\/ortenaukreis\/wp-admin\/\" target=\"_blank\" rel=\"noopener\">Login f\u00fcr Redaktion<\/a><\/p>\n","protected":false},"excerpt":{"rendered":"<p>Postanschrift des Kreisseniorenrates im Ortenaukreis Badstra\u00dfe 20 77652 Offenburg Telefon: 0781 805-1473 Telefax: 0781 805-1480 tanja.neureuther@ortenaukreis.de Vorstand Vorstandsvorsitzender:\u00a0 Gerd Baumer [&hellip;]<\/p>\n","protected":false},"author":7,"featured_media":0,"parent":0,"menu_order":6,"comment_status":"closed","ping_status":"closed","template":"","meta":{"footnotes":""},"class_list":["post-2072","page","type-page","status-publish","hentry"],"_links":{"self":[{"href":"https:\/\/lsr-bw.de\/seniorenraete\/ortenaukreis\/wp-json\/wp\/v2\/pages\/2072","targetHints":{"allow":["GET"]}}],"collection":[{"href":"https:\/\/lsr-bw.de\/seniorenraete\/ortenaukreis\/wp-json\/wp\/v2\/pages"}],"about":[{"href":"https:\/\/lsr-bw.de\/seniorenraete\/ortenaukreis\/wp-json\/wp\/v2\/types\/page"}],"author":[{"embeddable":true,"href":"https:\/\/lsr-bw.de\/seniorenraete\/ortenaukreis\/wp-json\/wp\/v2\/users\/7"}],"replies":[{"embeddable":true,"href":"https:\/\/lsr-bw.de\/seniorenraete\/ortenaukreis\/wp-json\/wp\/v2\/comments?post=2072"}],"version-history":[{"count":16,"href":"https:\/\/lsr-bw.de\/seniorenraete\/ortenaukreis\/wp-json\/wp\/v2\/pages\/2072\/revisions"}],"predecessor-version":[{"id":3768,"href":"https:\/\/lsr-bw.de\/seniorenraete\/ortenaukreis\/wp-json\/wp\/v2\/pages\/2072\/revisions\/3768"}],"wp:attachment":[{"href":"https:\/\/lsr-bw.de\/seniorenraete\/ortenaukreis\/wp-json\/wp\/v2\/media?parent=2072"}],"curies":[{"name":"wp","href":"https:\/\/api.w.org\/{rel}","templated":true}]}}