{"id":2055,"date":"2021-02-03T11:12:53","date_gmt":"2021-02-03T11:12:53","guid":{"rendered":"https:\/\/lsr-bw.de\/seniorenraete\/ortenaukreis\/?page_id=2055"},"modified":"2025-07-14T20:16:08","modified_gmt":"2025-07-14T20:16:08","slug":"vorsorgende-papiere","status":"publish","type":"page","link":"https:\/\/lsr-bw.de\/seniorenraete\/ortenaukreis\/informationen\/vorsorgende-papiere\/","title":{"rendered":"Vorsorgende Papiere- die neue Vorsorgemappe 2024 und die Brosch\u00fcre zu Wohnraumanpassung"},"content":{"rendered":"<p><img loading=\"lazy\" decoding=\"async\" class=\"alignright size-thumbnail wp-image-3698\" src=\"https:\/\/lsr-bw.de\/seniorenraete\/ortenaukreis\/wp-content\/uploads\/2025\/07\/emailphoto_1570785-150x150.jpg\" alt=\"\" width=\"150\" height=\"150\" \/><\/p>\n<h4>Ein Leben lang zu Hause wohnen-Ma\u00dfnahmen zur Wohnraumanpassung<\/h4>\n<p>lesen Sie unter folgendem Link:<\/p>\n<p><a href=\"https:\/\/www.total-lokal.de\/publikationen\/projekt\/7765203901\">https:\/\/www.total-lokal.de\/publikationen\/projekt\/7765203901<\/a><\/p>\n<h4>Vorsorgemappe online<\/h4>\n<div class=\"kb-row-layout-wrap kb-row-layout-id4833_3c6ca3-40 alignnone wp-block-kadence-rowlayout\">\n<div class=\"kt-row-column-wrap kt-has-2-columns kt-row-layout-equal kt-tab-layout-inherit kt-mobile-layout-row kt-row-valign-top\">\n<div class=\"wp-block-kadence-column kadence-column4833_3b0bfc-f0 inner-column-1\">\n<div class=\"kt-inside-inner-col\">\n<div class=\"wp-block-kadence-infobox kt-info-box4833_76bed3-30\">\n<div class=\"kt-blocks-info-box-link-wrap kt-blocks-info-box-media-align-top kt-info-halign-center\">\n<div class=\"kt-infobox-textcontent\">\n<h4 class=\"kt-blocks-info-box-text\">Die regionale Vorsorgemappe k\u00f6nnen Sie hier direkt online lesen. Einfach anklicken:<\/h4>\n<h3 class=\"kt-blocks-info-box-learnmore-wrap\"><strong><a href=\"https:\/\/lsr-bw.de\/seniorenraete\/ortenaukreis\/wp-content\/uploads\/2024\/05\/2024_og.pdf\">2024_og<\/a><\/strong><\/h3>\n<\/div>\n<\/div>\n<\/div>\n<\/div>\n<\/div>\n<div class=\"wp-block-kadence-column kadence-column4833_e24531-1c inner-column-2\">\n<div class=\"kt-inside-inner-col\">\n<p>Die regionale Vorsorgemappe bietet Leserinnen und Lesern einen \u00dcberblick \u00fcber die verschiedenen M\u00f6glichkeiten der pers\u00f6nlichen Vorsorge- und Nachlassplanung. Im Informationsteil wird gut verst\u00e4ndlich erkl\u00e4rt, inwieweit sich die einzelnen Vorsorgearten unterscheiden. Der Formularteil enth\u00e4lt alle notwendigen Formulare, die direkt ausgef\u00fcllt werden k\u00f6nnen.<\/p>\n<div class=\"wp-block-kadence-iconlist kt-svg-icon-list-items kt-svg-icon-list-items4833_e4921a-8d kt-svg-icon-list-columns-2 alignnone kt-list-icon-aligntop\">\n<ul class=\"kt-svg-icon-list\">\n<li class=\"wp-block-kadence-listitem kt-svg-icon-list-item-wrap kt-svg-icon-list-item-4833_3b456d-66 kt-svg-icon-list-style-default\"><span class=\"kt-svg-icon-list-text\">Vorsorgevollmacht<\/span><\/li>\n<li class=\"wp-block-kadence-listitem kt-svg-icon-list-item-wrap kt-svg-icon-list-item-4833_1f1efb-b7 kt-svg-icon-list-style-default\"><span class=\"kt-svg-icon-list-text\">Betreuungsverf\u00fcgung<\/span><\/li>\n<li class=\"wp-block-kadence-listitem kt-svg-icon-list-item-wrap kt-svg-icon-list-item-4833_b95abe-8f kt-svg-icon-list-style-default\"><span class=\"kt-svg-icon-list-text\">Patientenverf\u00fcgung<\/span><\/li>\n<li class=\"wp-block-kadence-listitem kt-svg-icon-list-item-wrap kt-svg-icon-list-item-4833_152ead-08 kt-svg-icon-list-style-default\"><span class=\"kt-svg-icon-list-text\">Erbrecht und Testament<\/span><\/li>\n<li class=\"wp-block-kadence-listitem kt-svg-icon-list-item-wrap kt-svg-icon-list-item-4833_24653f-f4 kt-svg-icon-list-style-default\"><span class=\"kt-svg-icon-list-text\">Bestattungsvorsorge<\/span><\/li>\n<li class=\"wp-block-kadence-listitem kt-svg-icon-list-item-wrap kt-svg-icon-list-item-4833_ff0c04-0b kt-svg-icon-list-style-default\"><span class=\"kt-svg-icon-list-text\">und viele weitere Themen<\/span><\/li>\n<\/ul>\n<\/div>\n<p>Unternehmen und Dienstleister aus der Region haben ihr Angebot in der Publikation pr\u00e4sentiert und mit einer Anzeigenschaltung wesentlich zum Erscheinen der Vorsorgemappe beigetragen.<\/p>\n<div class=\"tb-field\" data-toolset-blocks-field=\"f4884bab76d20191c13c0d52c1ad5e20\" data-last-update=\"1.4\">\n<p>&nbsp;<\/p>\n<\/div>\n<\/div>\n<\/div>\n<\/div>\n<\/div>\n","protected":false},"excerpt":{"rendered":"<p>Ein Leben lang zu Hause wohnen-Ma\u00dfnahmen zur Wohnraumanpassung lesen Sie unter folgendem Link: https:\/\/www.total-lokal.de\/publikationen\/projekt\/7765203901 Vorsorgemappe online Die regionale Vorsorgemappe k\u00f6nnen [&hellip;]<\/p>\n","protected":false},"author":7,"featured_media":0,"parent":192,"menu_order":2,"comment_status":"closed","ping_status":"closed","template":"","meta":{"footnotes":""},"class_list":["post-2055","page","type-page","status-publish","hentry"],"_links":{"self":[{"href":"https:\/\/lsr-bw.de\/seniorenraete\/ortenaukreis\/wp-json\/wp\/v2\/pages\/2055","targetHints":{"allow":["GET"]}}],"collection":[{"href":"https:\/\/lsr-bw.de\/seniorenraete\/ortenaukreis\/wp-json\/wp\/v2\/pages"}],"about":[{"href":"https:\/\/lsr-bw.de\/seniorenraete\/ortenaukreis\/wp-json\/wp\/v2\/types\/page"}],"author":[{"embeddable":true,"href":"https:\/\/lsr-bw.de\/seniorenraete\/ortenaukreis\/wp-json\/wp\/v2\/users\/7"}],"replies":[{"embeddable":true,"href":"https:\/\/lsr-bw.de\/seniorenraete\/ortenaukreis\/wp-json\/wp\/v2\/comments?post=2055"}],"version-history":[{"count":19,"href":"https:\/\/lsr-bw.de\/seniorenraete\/ortenaukreis\/wp-json\/wp\/v2\/pages\/2055\/revisions"}],"predecessor-version":[{"id":3703,"href":"https:\/\/lsr-bw.de\/seniorenraete\/ortenaukreis\/wp-json\/wp\/v2\/pages\/2055\/revisions\/3703"}],"up":[{"embeddable":true,"href":"https:\/\/lsr-bw.de\/seniorenraete\/ortenaukreis\/wp-json\/wp\/v2\/pages\/192"}],"wp:attachment":[{"href":"https:\/\/lsr-bw.de\/seniorenraete\/ortenaukreis\/wp-json\/wp\/v2\/media?parent=2055"}],"curies":[{"name":"wp","href":"https:\/\/api.w.org\/{rel}","templated":true}]}}