{"id":2051,"date":"2021-02-03T11:09:53","date_gmt":"2021-02-03T11:09:53","guid":{"rendered":"https:\/\/lsr-bw.de\/seniorenraete\/ortenaukreis\/?page_id=2051"},"modified":"2021-05-27T19:12:00","modified_gmt":"2021-05-27T19:12:00","slug":"notfalldose","status":"publish","type":"page","link":"https:\/\/lsr-bw.de\/seniorenraete\/ortenaukreis\/informationen\/notfalldose\/","title":{"rendered":"Notfalldose"},"content":{"rendered":"<p><span data-sheets-value=\"[null,2,&quot;Im Seniorenb\\u00fcro der Stadt Offenburg ist die Notfalldose kostenfrei f\\u00fcr die B\\u00fcrger*innen Offenbugs erh\\u00e4ltlich. Die Dose, die im K\\u00fchlschrank aufbewahrt werden soll, erh\\u00e4lt wichtige Informationen, so z.B. \\u201eFolgende Person verl\\u00e4sst sich auf meinen (t\\u00e4glichen) Kontakt\\u201c Hier kann es der Partner\/die Partnerin sein, die bei der Tagespflege begleitet wird, und wo es wichtig ist, dass zum vereinbarten Zeitpunkt zu Hause zu sein, oder die Enkelin\/der Enkel den man zu einem vereinbarten Zeitpunkt von der KiTa abholt, aber auch ein Familienmitglied welches r\\u00e4umlich weiter entfernt lebt und regelm\\u00e4\\u00dfig zu einem vereinbarten Tag und Uhrzeit sich telefonisch meldet. Ist man dann, auf Grund des Notfalls nicht zu Hause kann dies bei den zuvor erw\\u00e4hnten Beispielen entsprechende Auswirkungen haben. Auch die Frage haben sie ein Haustier und wer versorgt es f\\u00fcr die Zeit in der sie in der Klinik sind ist f\\u00fcr viele Menschen ein wichtiger Aspekt. Seit fast zwei Jahren ist die Notfalldose schon im Seniorenb\\u00fcro in Offenburg erh\\u00e4ltlich und f\\u00fcr manche B\\u00fcrgerin und machen B\\u00fcrger war sie bereits sehr hilfreich \\u2013 Kommen Sie durch, wir freuen uns auf Ihren Besuch. &quot;]\" data-sheets-userformat=\"{&quot;2&quot;:14721,&quot;3&quot;:{&quot;1&quot;:0,&quot;3&quot;:1},&quot;10&quot;:1,&quot;11&quot;:4,&quot;14&quot;:{&quot;1&quot;:3,&quot;3&quot;:1},&quot;15&quot;:&quot;Arial&quot;,&quot;16&quot;:11}\">Im Seniorenb\u00fcro der Stadt Offenburg ist die Notfalldose kostenfrei f\u00fcr die B\u00fcrger*innen Offenbugs erh\u00e4ltlich. Die Dose, die im K\u00fchlschrank aufbewahrt werden soll, erh\u00e4lt wichtige Informationen, so z.B. \u201eFolgende Person verl\u00e4sst sich auf meinen (t\u00e4glichen) Kontakt\u201c Hier kann es der Partner\/die Partnerin sein, die bei der Tagespflege begleitet wird, und wo es wichtig ist, dass zum vereinbarten Zeitpunkt zu Hause zu sein, oder die Enkelin\/der Enkel den man zu einem vereinbarten Zeitpunkt von der KiTa abholt, aber auch ein Familienmitglied welches r\u00e4umlich weiter entfernt lebt und regelm\u00e4\u00dfig zu einem vereinbarten Tag und Uhrzeit sich telefonisch meldet. Ist man dann, auf Grund des Notfalls nicht zu Hause kann dies bei den zuvor erw\u00e4hnten Beispielen entsprechende Auswirkungen haben. Auch die Frage haben sie ein Haustier und wer versorgt es f\u00fcr die Zeit in der sie in der Klinik sind ist f\u00fcr viele Menschen ein wichtiger Aspekt. Seit fast zwei Jahren ist die Notfalldose schon im Seniorenb\u00fcro in Offenburg erh\u00e4ltlich und f\u00fcr manche B\u00fcrgerin und machen B\u00fcrger war sie bereits sehr hilfreich \u2013 Kommen Sie durch, wir freuen uns auf Ihren Besuch. <\/span><\/p>\n<p><img loading=\"lazy\" decoding=\"async\" class=\"aligncenter wp-image-2411 size-large\" src=\"https:\/\/lsr-bw.de\/seniorenraete\/ortenaukreis\/wp-content\/uploads\/2021\/05\/IMG_20210527_210635-1024x768.jpg\" alt=\"\" width=\"1024\" height=\"768\" srcset=\"https:\/\/lsr-bw.de\/seniorenraete\/ortenaukreis\/wp-content\/uploads\/2021\/05\/IMG_20210527_210635-1024x768.jpg 1024w, https:\/\/lsr-bw.de\/seniorenraete\/ortenaukreis\/wp-content\/uploads\/2021\/05\/IMG_20210527_210635-300x225.jpg 300w, https:\/\/lsr-bw.de\/seniorenraete\/ortenaukreis\/wp-content\/uploads\/2021\/05\/IMG_20210527_210635-768x576.jpg 768w, https:\/\/lsr-bw.de\/seniorenraete\/ortenaukreis\/wp-content\/uploads\/2021\/05\/IMG_20210527_210635-1536x1152.jpg 1536w, https:\/\/lsr-bw.de\/seniorenraete\/ortenaukreis\/wp-content\/uploads\/2021\/05\/IMG_20210527_210635-2048x1536.jpg 2048w\" sizes=\"auto, (max-width: 1024px) 100vw, 1024px\" \/><\/p>\n","protected":false},"excerpt":{"rendered":"<p>Im Seniorenb\u00fcro der Stadt Offenburg ist die Notfalldose kostenfrei f\u00fcr die B\u00fcrger*innen Offenbugs erh\u00e4ltlich. Die Dose, die im K\u00fchlschrank aufbewahrt [&hellip;]<\/p>\n","protected":false},"author":7,"featured_media":0,"parent":192,"menu_order":0,"comment_status":"closed","ping_status":"closed","template":"","meta":{"footnotes":""},"class_list":["post-2051","page","type-page","status-publish","hentry"],"_links":{"self":[{"href":"https:\/\/lsr-bw.de\/seniorenraete\/ortenaukreis\/wp-json\/wp\/v2\/pages\/2051","targetHints":{"allow":["GET"]}}],"collection":[{"href":"https:\/\/lsr-bw.de\/seniorenraete\/ortenaukreis\/wp-json\/wp\/v2\/pages"}],"about":[{"href":"https:\/\/lsr-bw.de\/seniorenraete\/ortenaukreis\/wp-json\/wp\/v2\/types\/page"}],"author":[{"embeddable":true,"href":"https:\/\/lsr-bw.de\/seniorenraete\/ortenaukreis\/wp-json\/wp\/v2\/users\/7"}],"replies":[{"embeddable":true,"href":"https:\/\/lsr-bw.de\/seniorenraete\/ortenaukreis\/wp-json\/wp\/v2\/comments?post=2051"}],"version-history":[{"count":4,"href":"https:\/\/lsr-bw.de\/seniorenraete\/ortenaukreis\/wp-json\/wp\/v2\/pages\/2051\/revisions"}],"predecessor-version":[{"id":2413,"href":"https:\/\/lsr-bw.de\/seniorenraete\/ortenaukreis\/wp-json\/wp\/v2\/pages\/2051\/revisions\/2413"}],"up":[{"embeddable":true,"href":"https:\/\/lsr-bw.de\/seniorenraete\/ortenaukreis\/wp-json\/wp\/v2\/pages\/192"}],"wp:attachment":[{"href":"https:\/\/lsr-bw.de\/seniorenraete\/ortenaukreis\/wp-json\/wp\/v2\/media?parent=2051"}],"curies":[{"name":"wp","href":"https:\/\/api.w.org\/{rel}","templated":true}]}}