{"id":2039,"date":"2021-02-03T10:48:07","date_gmt":"2021-02-03T10:48:07","guid":{"rendered":"https:\/\/lsr-bw.de\/seniorenraete\/ortenaukreis\/?page_id=2039"},"modified":"2021-05-05T15:10:57","modified_gmt":"2021-05-05T15:10:57","slug":"aktuelle-projekte-aktivitaeten","status":"publish","type":"page","link":"https:\/\/lsr-bw.de\/seniorenraete\/ortenaukreis\/unsere-aufgaben\/aktuelle-projekte-aktivitaeten\/","title":{"rendered":"Projekte und Aktivit\u00e4ten des Kreisseniorenrates"},"content":{"rendered":"<p><span data-sheets-value=\"[null,2,&quot;\\u2022\\u0009Unsere Zeitschrift \\u201eSenioren Ortenau aktuell\\u201c \\u2022\\u0009Ver\\u00f6ffentlichungen auf unserer Website \\u2022\\u0009Mitwirkung in Aussch\\u00fcssen des Ortenaukreises \\u2022\\u0009Kreisverkehrswacht Mobilit\\u00e4tstraining f\\u00fcr Senioren \\u2022\\u0009Kriminalpr\\u00e4vention z.B. B\\u00e4ckert\\u00fctenaktion \\u2022\\u0009Teilnahme an Seniorenveranstaltungen\/Seniorentagen \\u2022\\u0009Teilnahme an Sitzungen des Landesseniorenrates \\u2022\\u0009Partnerschaft mit der BAGSO \\u2022\\u0009Anregung zur Gr\\u00fcndung weiterer Seniorenr\\u00e4te&quot;]\" data-sheets-userformat=\"[null,null,15293,{&quot;1&quot;:0},null,{&quot;1&quot;:[{&quot;1&quot;:2,&quot;2&quot;:0,&quot;5&quot;:[null,2,0]},[null,0,0,3],[null,1,0,null,1]]},{&quot;1&quot;:[{&quot;1&quot;:2,&quot;2&quot;:0,&quot;5&quot;:[null,2,0]},[null,0,0,3],[null,1,0,null,1]]},{&quot;1&quot;:[{&quot;1&quot;:2,&quot;2&quot;:0,&quot;5&quot;:[null,2,0]},[null,0,0,3],[null,1,0,null,1]]},{&quot;1&quot;:[{&quot;1&quot;:2,&quot;2&quot;:0,&quot;5&quot;:[null,2,0]},[null,0,0,3],[null,1,0,null,1]]},null,1,4,0,null,{&quot;1&quot;:3,&quot;3&quot;:1},&quot;Arial&quot;,11]\">\u2022 Unsere Zeitschrift \u201eSenioren Ortenau aktuell\u201c<\/span><\/p>\n<p><span data-sheets-value=\"[null,2,&quot;\\u2022\\u0009Unsere Zeitschrift \\u201eSenioren Ortenau aktuell\\u201c \\u2022\\u0009Ver\\u00f6ffentlichungen auf unserer Website \\u2022\\u0009Mitwirkung in Aussch\\u00fcssen des Ortenaukreises \\u2022\\u0009Kreisverkehrswacht Mobilit\\u00e4tstraining f\\u00fcr Senioren \\u2022\\u0009Kriminalpr\\u00e4vention z.B. B\\u00e4ckert\\u00fctenaktion \\u2022\\u0009Teilnahme an Seniorenveranstaltungen\/Seniorentagen \\u2022\\u0009Teilnahme an Sitzungen des Landesseniorenrates \\u2022\\u0009Partnerschaft mit der BAGSO \\u2022\\u0009Anregung zur Gr\\u00fcndung weiterer Seniorenr\\u00e4te&quot;]\" data-sheets-userformat=\"[null,null,15293,{&quot;1&quot;:0},null,{&quot;1&quot;:[{&quot;1&quot;:2,&quot;2&quot;:0,&quot;5&quot;:[null,2,0]},[null,0,0,3],[null,1,0,null,1]]},{&quot;1&quot;:[{&quot;1&quot;:2,&quot;2&quot;:0,&quot;5&quot;:[null,2,0]},[null,0,0,3],[null,1,0,null,1]]},{&quot;1&quot;:[{&quot;1&quot;:2,&quot;2&quot;:0,&quot;5&quot;:[null,2,0]},[null,0,0,3],[null,1,0,null,1]]},{&quot;1&quot;:[{&quot;1&quot;:2,&quot;2&quot;:0,&quot;5&quot;:[null,2,0]},[null,0,0,3],[null,1,0,null,1]]},null,1,4,0,null,{&quot;1&quot;:3,&quot;3&quot;:1},&quot;Arial&quot;,11]\">\u2022 Aktuelle Ver\u00f6ffentlichungen auf unserer Website <\/span><\/p>\n<p><span data-sheets-value=\"[null,2,&quot;\\u2022\\u0009Unsere Zeitschrift \\u201eSenioren Ortenau aktuell\\u201c \\u2022\\u0009Ver\\u00f6ffentlichungen auf unserer Website \\u2022\\u0009Mitwirkung in Aussch\\u00fcssen des Ortenaukreises \\u2022\\u0009Kreisverkehrswacht Mobilit\\u00e4tstraining f\\u00fcr Senioren \\u2022\\u0009Kriminalpr\\u00e4vention z.B. B\\u00e4ckert\\u00fctenaktion \\u2022\\u0009Teilnahme an Seniorenveranstaltungen\/Seniorentagen \\u2022\\u0009Teilnahme an Sitzungen des Landesseniorenrates \\u2022\\u0009Partnerschaft mit der BAGSO \\u2022\\u0009Anregung zur Gr\\u00fcndung weiterer Seniorenr\\u00e4te&quot;]\" data-sheets-userformat=\"[null,null,15293,{&quot;1&quot;:0},null,{&quot;1&quot;:[{&quot;1&quot;:2,&quot;2&quot;:0,&quot;5&quot;:[null,2,0]},[null,0,0,3],[null,1,0,null,1]]},{&quot;1&quot;:[{&quot;1&quot;:2,&quot;2&quot;:0,&quot;5&quot;:[null,2,0]},[null,0,0,3],[null,1,0,null,1]]},{&quot;1&quot;:[{&quot;1&quot;:2,&quot;2&quot;:0,&quot;5&quot;:[null,2,0]},[null,0,0,3],[null,1,0,null,1]]},{&quot;1&quot;:[{&quot;1&quot;:2,&quot;2&quot;:0,&quot;5&quot;:[null,2,0]},[null,0,0,3],[null,1,0,null,1]]},null,1,4,0,null,{&quot;1&quot;:3,&quot;3&quot;:1},&quot;Arial&quot;,11]\">\u2022 Mitwirkung in Aussch\u00fcssen des Landratsamtes Ortenaukreis<\/span><\/p>\n<p><span data-sheets-value=\"[null,2,&quot;\\u2022\\u0009Unsere Zeitschrift \\u201eSenioren Ortenau aktuell\\u201c \\u2022\\u0009Ver\\u00f6ffentlichungen auf unserer Website \\u2022\\u0009Mitwirkung in Aussch\\u00fcssen des Ortenaukreises \\u2022\\u0009Kreisverkehrswacht Mobilit\\u00e4tstraining f\\u00fcr Senioren \\u2022\\u0009Kriminalpr\\u00e4vention z.B. B\\u00e4ckert\\u00fctenaktion \\u2022\\u0009Teilnahme an Seniorenveranstaltungen\/Seniorentagen \\u2022\\u0009Teilnahme an Sitzungen des Landesseniorenrates \\u2022\\u0009Partnerschaft mit der BAGSO \\u2022\\u0009Anregung zur Gr\\u00fcndung weiterer Seniorenr\\u00e4te&quot;]\" data-sheets-userformat=\"[null,null,15293,{&quot;1&quot;:0},null,{&quot;1&quot;:[{&quot;1&quot;:2,&quot;2&quot;:0,&quot;5&quot;:[null,2,0]},[null,0,0,3],[null,1,0,null,1]]},{&quot;1&quot;:[{&quot;1&quot;:2,&quot;2&quot;:0,&quot;5&quot;:[null,2,0]},[null,0,0,3],[null,1,0,null,1]]},{&quot;1&quot;:[{&quot;1&quot;:2,&quot;2&quot;:0,&quot;5&quot;:[null,2,0]},[null,0,0,3],[null,1,0,null,1]]},{&quot;1&quot;:[{&quot;1&quot;:2,&quot;2&quot;:0,&quot;5&quot;:[null,2,0]},[null,0,0,3],[null,1,0,null,1]]},null,1,4,0,null,{&quot;1&quot;:3,&quot;3&quot;:1},&quot;Arial&quot;,11]\"> \u2022 \u00dcber die Kreisverkehrswacht Mobilit\u00e4tstraining f\u00fcr Senioren<\/span><\/p>\n<p><span data-sheets-value=\"[null,2,&quot;\\u2022\\u0009Unsere Zeitschrift \\u201eSenioren Ortenau aktuell\\u201c \\u2022\\u0009Ver\\u00f6ffentlichungen auf unserer Website \\u2022\\u0009Mitwirkung in Aussch\\u00fcssen des Ortenaukreises \\u2022\\u0009Kreisverkehrswacht Mobilit\\u00e4tstraining f\\u00fcr Senioren \\u2022\\u0009Kriminalpr\\u00e4vention z.B. B\\u00e4ckert\\u00fctenaktion \\u2022\\u0009Teilnahme an Seniorenveranstaltungen\/Seniorentagen \\u2022\\u0009Teilnahme an Sitzungen des Landesseniorenrates \\u2022\\u0009Partnerschaft mit der BAGSO \\u2022\\u0009Anregung zur Gr\\u00fcndung weiterer Seniorenr\\u00e4te&quot;]\" data-sheets-userformat=\"[null,null,15293,{&quot;1&quot;:0},null,{&quot;1&quot;:[{&quot;1&quot;:2,&quot;2&quot;:0,&quot;5&quot;:[null,2,0]},[null,0,0,3],[null,1,0,null,1]]},{&quot;1&quot;:[{&quot;1&quot;:2,&quot;2&quot;:0,&quot;5&quot;:[null,2,0]},[null,0,0,3],[null,1,0,null,1]]},{&quot;1&quot;:[{&quot;1&quot;:2,&quot;2&quot;:0,&quot;5&quot;:[null,2,0]},[null,0,0,3],[null,1,0,null,1]]},{&quot;1&quot;:[{&quot;1&quot;:2,&quot;2&quot;:0,&quot;5&quot;:[null,2,0]},[null,0,0,3],[null,1,0,null,1]]},null,1,4,0,null,{&quot;1&quot;:3,&quot;3&quot;:1},&quot;Arial&quot;,11]\"> \u2022 Kriminalpr\u00e4vention z.B. B\u00e4ckert\u00fctenaktion<\/span><\/p>\n<p><span data-sheets-value=\"[null,2,&quot;\\u2022\\u0009Unsere Zeitschrift \\u201eSenioren Ortenau aktuell\\u201c \\u2022\\u0009Ver\\u00f6ffentlichungen auf unserer Website \\u2022\\u0009Mitwirkung in Aussch\\u00fcssen des Ortenaukreises \\u2022\\u0009Kreisverkehrswacht Mobilit\\u00e4tstraining f\\u00fcr Senioren \\u2022\\u0009Kriminalpr\\u00e4vention z.B. B\\u00e4ckert\\u00fctenaktion \\u2022\\u0009Teilnahme an Seniorenveranstaltungen\/Seniorentagen \\u2022\\u0009Teilnahme an Sitzungen des Landesseniorenrates \\u2022\\u0009Partnerschaft mit der BAGSO \\u2022\\u0009Anregung zur Gr\\u00fcndung weiterer Seniorenr\\u00e4te&quot;]\" data-sheets-userformat=\"[null,null,15293,{&quot;1&quot;:0},null,{&quot;1&quot;:[{&quot;1&quot;:2,&quot;2&quot;:0,&quot;5&quot;:[null,2,0]},[null,0,0,3],[null,1,0,null,1]]},{&quot;1&quot;:[{&quot;1&quot;:2,&quot;2&quot;:0,&quot;5&quot;:[null,2,0]},[null,0,0,3],[null,1,0,null,1]]},{&quot;1&quot;:[{&quot;1&quot;:2,&quot;2&quot;:0,&quot;5&quot;:[null,2,0]},[null,0,0,3],[null,1,0,null,1]]},{&quot;1&quot;:[{&quot;1&quot;:2,&quot;2&quot;:0,&quot;5&quot;:[null,2,0]},[null,0,0,3],[null,1,0,null,1]]},null,1,4,0,null,{&quot;1&quot;:3,&quot;3&quot;:1},&quot;Arial&quot;,11]\"> \u2022 Teilnahme an Seniorenveranstaltungen\/Seniorentagen landesweit<\/span><\/p>\n<p><span data-sheets-value=\"[null,2,&quot;\\u2022\\u0009Unsere Zeitschrift \\u201eSenioren Ortenau aktuell\\u201c \\u2022\\u0009Ver\\u00f6ffentlichungen auf unserer Website \\u2022\\u0009Mitwirkung in Aussch\\u00fcssen des Ortenaukreises \\u2022\\u0009Kreisverkehrswacht Mobilit\\u00e4tstraining f\\u00fcr Senioren \\u2022\\u0009Kriminalpr\\u00e4vention z.B. B\\u00e4ckert\\u00fctenaktion \\u2022\\u0009Teilnahme an Seniorenveranstaltungen\/Seniorentagen \\u2022\\u0009Teilnahme an Sitzungen des Landesseniorenrates \\u2022\\u0009Partnerschaft mit der BAGSO \\u2022\\u0009Anregung zur Gr\\u00fcndung weiterer Seniorenr\\u00e4te&quot;]\" data-sheets-userformat=\"[null,null,15293,{&quot;1&quot;:0},null,{&quot;1&quot;:[{&quot;1&quot;:2,&quot;2&quot;:0,&quot;5&quot;:[null,2,0]},[null,0,0,3],[null,1,0,null,1]]},{&quot;1&quot;:[{&quot;1&quot;:2,&quot;2&quot;:0,&quot;5&quot;:[null,2,0]},[null,0,0,3],[null,1,0,null,1]]},{&quot;1&quot;:[{&quot;1&quot;:2,&quot;2&quot;:0,&quot;5&quot;:[null,2,0]},[null,0,0,3],[null,1,0,null,1]]},{&quot;1&quot;:[{&quot;1&quot;:2,&quot;2&quot;:0,&quot;5&quot;:[null,2,0]},[null,0,0,3],[null,1,0,null,1]]},null,1,4,0,null,{&quot;1&quot;:3,&quot;3&quot;:1},&quot;Arial&quot;,11]\">\u2022 Teilnahme an Sitzungen des Landesseniorenrates<\/span><\/p>\n<p><span data-sheets-value=\"[null,2,&quot;\\u2022\\u0009Unsere Zeitschrift \\u201eSenioren Ortenau aktuell\\u201c \\u2022\\u0009Ver\\u00f6ffentlichungen auf unserer Website \\u2022\\u0009Mitwirkung in Aussch\\u00fcssen des Ortenaukreises \\u2022\\u0009Kreisverkehrswacht Mobilit\\u00e4tstraining f\\u00fcr Senioren \\u2022\\u0009Kriminalpr\\u00e4vention z.B. B\\u00e4ckert\\u00fctenaktion \\u2022\\u0009Teilnahme an Seniorenveranstaltungen\/Seniorentagen \\u2022\\u0009Teilnahme an Sitzungen des Landesseniorenrates \\u2022\\u0009Partnerschaft mit der BAGSO \\u2022\\u0009Anregung zur Gr\\u00fcndung weiterer Seniorenr\\u00e4te&quot;]\" data-sheets-userformat=\"[null,null,15293,{&quot;1&quot;:0},null,{&quot;1&quot;:[{&quot;1&quot;:2,&quot;2&quot;:0,&quot;5&quot;:[null,2,0]},[null,0,0,3],[null,1,0,null,1]]},{&quot;1&quot;:[{&quot;1&quot;:2,&quot;2&quot;:0,&quot;5&quot;:[null,2,0]},[null,0,0,3],[null,1,0,null,1]]},{&quot;1&quot;:[{&quot;1&quot;:2,&quot;2&quot;:0,&quot;5&quot;:[null,2,0]},[null,0,0,3],[null,1,0,null,1]]},{&quot;1&quot;:[{&quot;1&quot;:2,&quot;2&quot;:0,&quot;5&quot;:[null,2,0]},[null,0,0,3],[null,1,0,null,1]]},null,1,4,0,null,{&quot;1&quot;:3,&quot;3&quot;:1},&quot;Arial&quot;,11]\"> \u2022 Partnerschaft mit der BAGSO <\/span><\/p>\n<p><span data-sheets-value=\"[null,2,&quot;\\u2022\\u0009Unsere Zeitschrift \\u201eSenioren Ortenau aktuell\\u201c \\u2022\\u0009Ver\\u00f6ffentlichungen auf unserer Website \\u2022\\u0009Mitwirkung in Aussch\\u00fcssen des Ortenaukreises \\u2022\\u0009Kreisverkehrswacht Mobilit\\u00e4tstraining f\\u00fcr Senioren \\u2022\\u0009Kriminalpr\\u00e4vention z.B. B\\u00e4ckert\\u00fctenaktion \\u2022\\u0009Teilnahme an Seniorenveranstaltungen\/Seniorentagen \\u2022\\u0009Teilnahme an Sitzungen des Landesseniorenrates \\u2022\\u0009Partnerschaft mit der BAGSO \\u2022\\u0009Anregung zur Gr\\u00fcndung weiterer Seniorenr\\u00e4te&quot;]\" data-sheets-userformat=\"[null,null,15293,{&quot;1&quot;:0},null,{&quot;1&quot;:[{&quot;1&quot;:2,&quot;2&quot;:0,&quot;5&quot;:[null,2,0]},[null,0,0,3],[null,1,0,null,1]]},{&quot;1&quot;:[{&quot;1&quot;:2,&quot;2&quot;:0,&quot;5&quot;:[null,2,0]},[null,0,0,3],[null,1,0,null,1]]},{&quot;1&quot;:[{&quot;1&quot;:2,&quot;2&quot;:0,&quot;5&quot;:[null,2,0]},[null,0,0,3],[null,1,0,null,1]]},{&quot;1&quot;:[{&quot;1&quot;:2,&quot;2&quot;:0,&quot;5&quot;:[null,2,0]},[null,0,0,3],[null,1,0,null,1]]},null,1,4,0,null,{&quot;1&quot;:3,&quot;3&quot;:1},&quot;Arial&quot;,11]\">\u2022 Anregung zur Gr\u00fcndung weiterer Seniorenr\u00e4te<\/span><\/p>\n","protected":false},"excerpt":{"rendered":"<p>\u2022 Unsere Zeitschrift \u201eSenioren Ortenau aktuell\u201c \u2022 Aktuelle Ver\u00f6ffentlichungen auf unserer Website \u2022 Mitwirkung in Aussch\u00fcssen des Landratsamtes Ortenaukreis \u2022 [&hellip;]<\/p>\n","protected":false},"author":7,"featured_media":0,"parent":174,"menu_order":2,"comment_status":"closed","ping_status":"closed","template":"","meta":{"footnotes":""},"class_list":["post-2039","page","type-page","status-publish","hentry"],"_links":{"self":[{"href":"https:\/\/lsr-bw.de\/seniorenraete\/ortenaukreis\/wp-json\/wp\/v2\/pages\/2039","targetHints":{"allow":["GET"]}}],"collection":[{"href":"https:\/\/lsr-bw.de\/seniorenraete\/ortenaukreis\/wp-json\/wp\/v2\/pages"}],"about":[{"href":"https:\/\/lsr-bw.de\/seniorenraete\/ortenaukreis\/wp-json\/wp\/v2\/types\/page"}],"author":[{"embeddable":true,"href":"https:\/\/lsr-bw.de\/seniorenraete\/ortenaukreis\/wp-json\/wp\/v2\/users\/7"}],"replies":[{"embeddable":true,"href":"https:\/\/lsr-bw.de\/seniorenraete\/ortenaukreis\/wp-json\/wp\/v2\/comments?post=2039"}],"version-history":[{"count":3,"href":"https:\/\/lsr-bw.de\/seniorenraete\/ortenaukreis\/wp-json\/wp\/v2\/pages\/2039\/revisions"}],"predecessor-version":[{"id":2373,"href":"https:\/\/lsr-bw.de\/seniorenraete\/ortenaukreis\/wp-json\/wp\/v2\/pages\/2039\/revisions\/2373"}],"up":[{"embeddable":true,"href":"https:\/\/lsr-bw.de\/seniorenraete\/ortenaukreis\/wp-json\/wp\/v2\/pages\/174"}],"wp:attachment":[{"href":"https:\/\/lsr-bw.de\/seniorenraete\/ortenaukreis\/wp-json\/wp\/v2\/media?parent=2039"}],"curies":[{"name":"wp","href":"https:\/\/api.w.org\/{rel}","templated":true}]}}