{"id":2036,"date":"2021-02-03T10:32:54","date_gmt":"2021-02-03T10:32:54","guid":{"rendered":"https:\/\/lsr-bw.de\/seniorenraete\/ortenaukreis\/?page_id=2036"},"modified":"2023-10-21T14:29:34","modified_gmt":"2023-10-21T14:29:34","slug":"information","status":"publish","type":"page","link":"https:\/\/lsr-bw.de\/seniorenraete\/ortenaukreis\/unsere-aufgaben\/information\/","title":{"rendered":"Information"},"content":{"rendered":"<p>Eine wichtige Aufgabe erf\u00fcllt der Kreisseniorenrat durch Informations- und \u00d6ffentlichkeitsarbeit. Er bem\u00fcht sich um Koordination, Beratung und Anregung von Ma\u00dfnahmen f\u00fcr \u00e4ltere Menschen.<\/p>\n<h2>\u00d6ffentlichkeitsarbeit<\/h2>\n<p>Durch aktuelle Ver\u00f6ffentlichungen auf dieser Website<\/p>\n<p>Er gibt drei mal j\u00e4hrlich (April\/August\/Dezember)\u00a0 ein informatives Mitteilungsblatt unter dem Titel &#8222;Senioren Ortenau &#8211; Aktuell&#8220; heraus.<\/p>\n<h2>Mitgliedschaft<\/h2>\n<p>Wollen Sie bei uns Mitglied werden? klicken Sie an: <a href=\"https:\/\/lsr-bw.de\/seniorenraete\/ortenaukreis\/wp-content\/uploads\/2023\/10\/2023_10_16-Mitgliedschaftsantrag-Kreisseniorenrat-Ortenaukreis-DEZ0305-16.10.2023-1-1.pdf\">2023_10_16 Mitgliedschaftsantrag Kreisseniorenrat Ortenaukreis &#8211; DEZ0305 &#8211; 16.10.2023 &#8211;<\/a><\/p>\n<p>Der Kreisseniorenrat ist Mitglied des Landesseniorenrates Baden-W\u00fcrttemberg.<\/p>\n<h2>Information f\u00fcr Kommunen &#8211; Warum sollten Sie Mitglied werden?<\/h2>\n<p><a href=\"https:\/\/lsr-bw.de\/seniorenraete\/ortenaukreis\/wp-content\/uploads\/2023\/10\/Info-Kommunen-KSR-2023.pdf\">Info Kommunen KSR 2023<\/a><\/p>\n<h2>Vernetzung<\/h2>\n<p>Den St\u00e4dten und Gemeinden im Ortenaukreis empfehlen wir die Bildung von Seniorenr\u00e4ten. Mit caritativen Seniorenorganisationen im Ortenaukreis sind wir durch unsere Vorstandsmitglieder vernetzt.<\/p>\n","protected":false},"excerpt":{"rendered":"<p>Eine wichtige Aufgabe erf\u00fcllt der Kreisseniorenrat durch Informations- und \u00d6ffentlichkeitsarbeit. Er bem\u00fcht sich um Koordination, Beratung und Anregung von Ma\u00dfnahmen [&hellip;]<\/p>\n","protected":false},"author":7,"featured_media":0,"parent":174,"menu_order":1,"comment_status":"closed","ping_status":"closed","template":"","meta":{"footnotes":""},"class_list":["post-2036","page","type-page","status-publish","hentry"],"_links":{"self":[{"href":"https:\/\/lsr-bw.de\/seniorenraete\/ortenaukreis\/wp-json\/wp\/v2\/pages\/2036","targetHints":{"allow":["GET"]}}],"collection":[{"href":"https:\/\/lsr-bw.de\/seniorenraete\/ortenaukreis\/wp-json\/wp\/v2\/pages"}],"about":[{"href":"https:\/\/lsr-bw.de\/seniorenraete\/ortenaukreis\/wp-json\/wp\/v2\/types\/page"}],"author":[{"embeddable":true,"href":"https:\/\/lsr-bw.de\/seniorenraete\/ortenaukreis\/wp-json\/wp\/v2\/users\/7"}],"replies":[{"embeddable":true,"href":"https:\/\/lsr-bw.de\/seniorenraete\/ortenaukreis\/wp-json\/wp\/v2\/comments?post=2036"}],"version-history":[{"count":7,"href":"https:\/\/lsr-bw.de\/seniorenraete\/ortenaukreis\/wp-json\/wp\/v2\/pages\/2036\/revisions"}],"predecessor-version":[{"id":3274,"href":"https:\/\/lsr-bw.de\/seniorenraete\/ortenaukreis\/wp-json\/wp\/v2\/pages\/2036\/revisions\/3274"}],"up":[{"embeddable":true,"href":"https:\/\/lsr-bw.de\/seniorenraete\/ortenaukreis\/wp-json\/wp\/v2\/pages\/174"}],"wp:attachment":[{"href":"https:\/\/lsr-bw.de\/seniorenraete\/ortenaukreis\/wp-json\/wp\/v2\/media?parent=2036"}],"curies":[{"name":"wp","href":"https:\/\/api.w.org\/{rel}","templated":true}]}}