{"id":2032,"date":"2021-02-03T10:30:26","date_gmt":"2021-02-03T10:30:26","guid":{"rendered":"https:\/\/lsr-bw.de\/seniorenraete\/ortenaukreis\/?page_id=2032"},"modified":"2021-03-08T09:45:49","modified_gmt":"2021-03-08T09:45:49","slug":"interessenvertretung","status":"publish","type":"page","link":"https:\/\/lsr-bw.de\/seniorenraete\/ortenaukreis\/unsere-aufgaben\/interessenvertretung\/","title":{"rendered":"Interessenvertretung"},"content":{"rendered":"<p>Der Kreisseniorenrat vertritt die Interessen der \u00e4lteren Menschen im Ortenaukreis. Er versteht sich als Organ der Meinungsbildung, des Erfahrungsaustausches und der Vermittlung und Anregung auf sozialem, wirtschaftlichem, kulturellem und politischen Gebiet.<\/p>\n<p>Der Kreisseniorenrat steht dem Ortenaukreis sachkompetent in Fragen, die \u00e4ltere Menschen betreffen, beratend zur Verf\u00fcgung und will an deren L\u00f6sung mitarbeiten.<br \/>\nBildungsarbeit. Er kann Veranstaltungen allein oder in Zusammenarbeit mit anderen Institutionen durchf\u00fchren.<\/p>\n","protected":false},"excerpt":{"rendered":"<p>Der Kreisseniorenrat vertritt die Interessen der \u00e4lteren Menschen im Ortenaukreis. Er versteht sich als Organ der Meinungsbildung, des Erfahrungsaustausches und [&hellip;]<\/p>\n","protected":false},"author":7,"featured_media":0,"parent":174,"menu_order":0,"comment_status":"closed","ping_status":"closed","template":"","meta":{"footnotes":""},"class_list":["post-2032","page","type-page","status-publish","hentry"],"_links":{"self":[{"href":"https:\/\/lsr-bw.de\/seniorenraete\/ortenaukreis\/wp-json\/wp\/v2\/pages\/2032","targetHints":{"allow":["GET"]}}],"collection":[{"href":"https:\/\/lsr-bw.de\/seniorenraete\/ortenaukreis\/wp-json\/wp\/v2\/pages"}],"about":[{"href":"https:\/\/lsr-bw.de\/seniorenraete\/ortenaukreis\/wp-json\/wp\/v2\/types\/page"}],"author":[{"embeddable":true,"href":"https:\/\/lsr-bw.de\/seniorenraete\/ortenaukreis\/wp-json\/wp\/v2\/users\/7"}],"replies":[{"embeddable":true,"href":"https:\/\/lsr-bw.de\/seniorenraete\/ortenaukreis\/wp-json\/wp\/v2\/comments?post=2032"}],"version-history":[{"count":3,"href":"https:\/\/lsr-bw.de\/seniorenraete\/ortenaukreis\/wp-json\/wp\/v2\/pages\/2032\/revisions"}],"predecessor-version":[{"id":2167,"href":"https:\/\/lsr-bw.de\/seniorenraete\/ortenaukreis\/wp-json\/wp\/v2\/pages\/2032\/revisions\/2167"}],"up":[{"embeddable":true,"href":"https:\/\/lsr-bw.de\/seniorenraete\/ortenaukreis\/wp-json\/wp\/v2\/pages\/174"}],"wp:attachment":[{"href":"https:\/\/lsr-bw.de\/seniorenraete\/ortenaukreis\/wp-json\/wp\/v2\/media?parent=2032"}],"curies":[{"name":"wp","href":"https:\/\/api.w.org\/{rel}","templated":true}]}}