{"id":174,"date":"2020-11-16T05:51:03","date_gmt":"2020-11-16T05:51:31","guid":{"rendered":"https:\/\/lsr-bw.de\/seniorenraete\/ortenaukreis\/?page_id=174"},"modified":"2025-10-09T07:02:23","modified_gmt":"2025-10-09T07:02:23","slug":"unsere-aufgaben","status":"publish","type":"page","link":"https:\/\/lsr-bw.de\/seniorenraete\/ortenaukreis\/unsere-aufgaben\/","title":{"rendered":"Unsere Aufgaben"},"content":{"rendered":"<h4><strong>Unser Motto: &#8222;Lust auf Zukunft&#8220; (Franz Alt)<\/strong><\/h4>\n<h4><strong>Unser Prinzip: &#8222;Wachsen, reifen, alt werden, sterben, Zeit vergeht, das ist vorbestimmt, unvermeidlich&#8220;<\/strong><\/h4>\n<h4><strong>Es gibt nur eine L\u00f6sung, damit das Alter keine absurde Parodie unseres fr\u00fcheren Lebens ist, sondern dass wir weiterhin Ziele verfolgen, die unsere Existenz einen Sinn verleihen: &#8222;<em>Einsatz f\u00fcr Einzelpersonen, Gruppen oder Anliegen, soziale politische Arbeit, intellektuell oder kreativ. Im hohen Alter m\u00fcssen wir uns w\u00fcnschen, dass wir uns noch Leidenschaft genug haben, um uns davon abzuhalten, uns selbst zur\u00fcckzuziehen. <\/em>Das Leben ist wertvoll, solange wir es dem Leben anderer zuschreiben, durch Liebe, Freundschaft, Emp\u00f6rung, Mitgef\u00fchl&#8220;<\/strong><\/h4>\n<p><strong>aus Simone de Beauvoir &#8211; das Alter<\/strong><\/p>\n<p>Wir im Ortenaukreis verstehen uns als eine Organisation der Meinungsbildung und des Erfahrungsaustausches auf sozialem, wirtschaftlichem, kulturellem und politischem Gebiet. Wir b\u00fcndeln Interessen, informieren und vernetzen \u00e4ltere Menschen.<\/p>\n<p>Interessenvertretung beginnt und wirkt vor Ort. Darum wirken wir auf die Bildung von Seniorenr\u00e4ten in den Landkreisen, Stadtkreisen und Gemeinden hin und unterst\u00fctzen bei deren Etablierung. Mit bestehenden Seniorenr\u00e4ten arbeiten wir eng zusammen und unterst\u00fctzen sie in ihrer Arbeit. <span data-sheets-value=\"[null,2,&quot;Der Kreisseniorenrat erf\\u00fcllt in der heutigen Gesellschaft wichtige Aufgaben. \\u000aSeine Aufgaben setzen sich aus:\\u000a\\u2022\\u0009Interessenvertretung f\\u00fcr \\u00e4ltere Menschen\\u000a\\u2022\\u0009Bildungsarbeit\\u000a\\u2022\\u0009Information\\u000a\\u2022\\u0009\\u00d6ffentlichkeitsarbeit\\u000a\\u2022\\u0009Mitgliedschaft\\u000a\\u2022\\u0009Vernetzung, ...\\u000azusammen.&quot;]\" data-sheets-userformat=\"[null,null,14781,{&quot;1&quot;:0,&quot;3&quot;:1},null,{&quot;1&quot;:[{&quot;1&quot;:2,&quot;2&quot;:0,&quot;5&quot;:[null,2,0]},[null,0,0,3],[null,1,0,null,1]]},{&quot;1&quot;:[{&quot;1&quot;:2,&quot;2&quot;:0,&quot;5&quot;:[null,2,0]},[null,0,0,3],[null,1,0,null,1]]},{&quot;1&quot;:[{&quot;1&quot;:2,&quot;2&quot;:0,&quot;5&quot;:[null,2,0]},[null,0,0,3],[null,1,0,null,1]]},{&quot;1&quot;:[{&quot;1&quot;:2,&quot;2&quot;:0,&quot;5&quot;:[null,2,0]},[null,0,0,3],[null,1,0,null,1]]},null,1,4,null,null,{&quot;1&quot;:3,&quot;3&quot;:1},&quot;Arial&quot;,11]\">Der Kreisseniorenrat erf\u00fcllt bei der derzeitigen demografischen Entwicklung wichtige Aufgaben.<\/span><\/p>\n<p><strong>Unsere Aufgaben sind u.a. folgende:<\/strong><\/p>\n<ul>\n<li><span data-sheets-value=\"[null,2,&quot;Der Kreisseniorenrat erf\\u00fcllt in der heutigen Gesellschaft wichtige Aufgaben. \\u000aSeine Aufgaben setzen sich aus:\\u000a\\u2022\\u0009Interessenvertretung f\\u00fcr \\u00e4ltere Menschen\\u000a\\u2022\\u0009Bildungsarbeit\\u000a\\u2022\\u0009Information\\u000a\\u2022\\u0009\\u00d6ffentlichkeitsarbeit\\u000a\\u2022\\u0009Mitgliedschaft\\u000a\\u2022\\u0009Vernetzung, ...\\u000azusammen.&quot;]\" data-sheets-userformat=\"[null,null,14781,{&quot;1&quot;:0,&quot;3&quot;:1},null,{&quot;1&quot;:[{&quot;1&quot;:2,&quot;2&quot;:0,&quot;5&quot;:[null,2,0]},[null,0,0,3],[null,1,0,null,1]]},{&quot;1&quot;:[{&quot;1&quot;:2,&quot;2&quot;:0,&quot;5&quot;:[null,2,0]},[null,0,0,3],[null,1,0,null,1]]},{&quot;1&quot;:[{&quot;1&quot;:2,&quot;2&quot;:0,&quot;5&quot;:[null,2,0]},[null,0,0,3],[null,1,0,null,1]]},{&quot;1&quot;:[{&quot;1&quot;:2,&quot;2&quot;:0,&quot;5&quot;:[null,2,0]},[null,0,0,3],[null,1,0,null,1]]},null,1,4,null,null,{&quot;1&quot;:3,&quot;3&quot;:1},&quot;Arial&quot;,11]\">Interessenvertretung f\u00fcr \u00e4ltere Menschen<\/span><\/li>\n<li><span data-sheets-value=\"[null,2,&quot;Der Kreisseniorenrat erf\\u00fcllt in der heutigen Gesellschaft wichtige Aufgaben. \\u000aSeine Aufgaben setzen sich aus:\\u000a\\u2022\\u0009Interessenvertretung f\\u00fcr \\u00e4ltere Menschen\\u000a\\u2022\\u0009Bildungsarbeit\\u000a\\u2022\\u0009Information\\u000a\\u2022\\u0009\\u00d6ffentlichkeitsarbeit\\u000a\\u2022\\u0009Mitgliedschaft\\u000a\\u2022\\u0009Vernetzung, ...\\u000azusammen.&quot;]\" data-sheets-userformat=\"[null,null,14781,{&quot;1&quot;:0,&quot;3&quot;:1},null,{&quot;1&quot;:[{&quot;1&quot;:2,&quot;2&quot;:0,&quot;5&quot;:[null,2,0]},[null,0,0,3],[null,1,0,null,1]]},{&quot;1&quot;:[{&quot;1&quot;:2,&quot;2&quot;:0,&quot;5&quot;:[null,2,0]},[null,0,0,3],[null,1,0,null,1]]},{&quot;1&quot;:[{&quot;1&quot;:2,&quot;2&quot;:0,&quot;5&quot;:[null,2,0]},[null,0,0,3],[null,1,0,null,1]]},{&quot;1&quot;:[{&quot;1&quot;:2,&quot;2&quot;:0,&quot;5&quot;:[null,2,0]},[null,0,0,3],[null,1,0,null,1]]},null,1,4,null,null,{&quot;1&quot;:3,&quot;3&quot;:1},&quot;Arial&quot;,11]\">Bildungsarbeit<\/span><\/li>\n<li><span data-sheets-value=\"[null,2,&quot;Der Kreisseniorenrat erf\\u00fcllt in der heutigen Gesellschaft wichtige Aufgaben. \\u000aSeine Aufgaben setzen sich aus:\\u000a\\u2022\\u0009Interessenvertretung f\\u00fcr \\u00e4ltere Menschen\\u000a\\u2022\\u0009Bildungsarbeit\\u000a\\u2022\\u0009Information\\u000a\\u2022\\u0009\\u00d6ffentlichkeitsarbeit\\u000a\\u2022\\u0009Mitgliedschaft\\u000a\\u2022\\u0009Vernetzung, ...\\u000azusammen.&quot;]\" data-sheets-userformat=\"[null,null,14781,{&quot;1&quot;:0,&quot;3&quot;:1},null,{&quot;1&quot;:[{&quot;1&quot;:2,&quot;2&quot;:0,&quot;5&quot;:[null,2,0]},[null,0,0,3],[null,1,0,null,1]]},{&quot;1&quot;:[{&quot;1&quot;:2,&quot;2&quot;:0,&quot;5&quot;:[null,2,0]},[null,0,0,3],[null,1,0,null,1]]},{&quot;1&quot;:[{&quot;1&quot;:2,&quot;2&quot;:0,&quot;5&quot;:[null,2,0]},[null,0,0,3],[null,1,0,null,1]]},{&quot;1&quot;:[{&quot;1&quot;:2,&quot;2&quot;:0,&quot;5&quot;:[null,2,0]},[null,0,0,3],[null,1,0,null,1]]},null,1,4,null,null,{&quot;1&quot;:3,&quot;3&quot;:1},&quot;Arial&quot;,11]\">Information<\/span><\/li>\n<li><span data-sheets-value=\"[null,2,&quot;Der Kreisseniorenrat erf\\u00fcllt in der heutigen Gesellschaft wichtige Aufgaben. \\u000aSeine Aufgaben setzen sich aus:\\u000a\\u2022\\u0009Interessenvertretung f\\u00fcr \\u00e4ltere Menschen\\u000a\\u2022\\u0009Bildungsarbeit\\u000a\\u2022\\u0009Information\\u000a\\u2022\\u0009\\u00d6ffentlichkeitsarbeit\\u000a\\u2022\\u0009Mitgliedschaft\\u000a\\u2022\\u0009Vernetzung, ...\\u000azusammen.&quot;]\" data-sheets-userformat=\"[null,null,14781,{&quot;1&quot;:0,&quot;3&quot;:1},null,{&quot;1&quot;:[{&quot;1&quot;:2,&quot;2&quot;:0,&quot;5&quot;:[null,2,0]},[null,0,0,3],[null,1,0,null,1]]},{&quot;1&quot;:[{&quot;1&quot;:2,&quot;2&quot;:0,&quot;5&quot;:[null,2,0]},[null,0,0,3],[null,1,0,null,1]]},{&quot;1&quot;:[{&quot;1&quot;:2,&quot;2&quot;:0,&quot;5&quot;:[null,2,0]},[null,0,0,3],[null,1,0,null,1]]},{&quot;1&quot;:[{&quot;1&quot;:2,&quot;2&quot;:0,&quot;5&quot;:[null,2,0]},[null,0,0,3],[null,1,0,null,1]]},null,1,4,null,null,{&quot;1&quot;:3,&quot;3&quot;:1},&quot;Arial&quot;,11]\">\u00d6ffentlichkeitsarbeit<\/span><\/li>\n<li><span data-sheets-value=\"[null,2,&quot;Der Kreisseniorenrat erf\\u00fcllt in der heutigen Gesellschaft wichtige Aufgaben. \\u000aSeine Aufgaben setzen sich aus:\\u000a\\u2022\\u0009Interessenvertretung f\\u00fcr \\u00e4ltere Menschen\\u000a\\u2022\\u0009Bildungsarbeit\\u000a\\u2022\\u0009Information\\u000a\\u2022\\u0009\\u00d6ffentlichkeitsarbeit\\u000a\\u2022\\u0009Mitgliedschaft\\u000a\\u2022\\u0009Vernetzung, ...\\u000azusammen.&quot;]\" data-sheets-userformat=\"[null,null,14781,{&quot;1&quot;:0,&quot;3&quot;:1},null,{&quot;1&quot;:[{&quot;1&quot;:2,&quot;2&quot;:0,&quot;5&quot;:[null,2,0]},[null,0,0,3],[null,1,0,null,1]]},{&quot;1&quot;:[{&quot;1&quot;:2,&quot;2&quot;:0,&quot;5&quot;:[null,2,0]},[null,0,0,3],[null,1,0,null,1]]},{&quot;1&quot;:[{&quot;1&quot;:2,&quot;2&quot;:0,&quot;5&quot;:[null,2,0]},[null,0,0,3],[null,1,0,null,1]]},{&quot;1&quot;:[{&quot;1&quot;:2,&quot;2&quot;:0,&quot;5&quot;:[null,2,0]},[null,0,0,3],[null,1,0,null,1]]},null,1,4,null,null,{&quot;1&quot;:3,&quot;3&quot;:1},&quot;Arial&quot;,11]\">Mitgliedschaft<\/span><\/li>\n<li><span data-sheets-value=\"[null,2,&quot;Der Kreisseniorenrat erf\\u00fcllt in der heutigen Gesellschaft wichtige Aufgaben. \\u000aSeine Aufgaben setzen sich aus:\\u000a\\u2022\\u0009Interessenvertretung f\\u00fcr \\u00e4ltere Menschen\\u000a\\u2022\\u0009Bildungsarbeit\\u000a\\u2022\\u0009Information\\u000a\\u2022\\u0009\\u00d6ffentlichkeitsarbeit\\u000a\\u2022\\u0009Mitgliedschaft\\u000a\\u2022\\u0009Vernetzung, ...\\u000azusammen.&quot;]\" data-sheets-userformat=\"[null,null,14781,{&quot;1&quot;:0,&quot;3&quot;:1},null,{&quot;1&quot;:[{&quot;1&quot;:2,&quot;2&quot;:0,&quot;5&quot;:[null,2,0]},[null,0,0,3],[null,1,0,null,1]]},{&quot;1&quot;:[{&quot;1&quot;:2,&quot;2&quot;:0,&quot;5&quot;:[null,2,0]},[null,0,0,3],[null,1,0,null,1]]},{&quot;1&quot;:[{&quot;1&quot;:2,&quot;2&quot;:0,&quot;5&quot;:[null,2,0]},[null,0,0,3],[null,1,0,null,1]]},{&quot;1&quot;:[{&quot;1&quot;:2,&quot;2&quot;:0,&quot;5&quot;:[null,2,0]},[null,0,0,3],[null,1,0,null,1]]},null,1,4,null,null,{&quot;1&quot;:3,&quot;3&quot;:1},&quot;Arial&quot;,11]\">Vernetzung<br \/>\n<\/span><\/li>\n<\/ul>\n","protected":false},"excerpt":{"rendered":"<p>Wir verstehen uns als eine Organisation der Meinungsbildung und des Erfahrungsaustausches auf sozialem, wirtschaftlichem, kulturellem und politischem Gebiet. Wir b\u00fcndeln Interessen, informieren und vernetzen \u00e4ltere Menschen.<\/p>\n","protected":false},"author":7,"featured_media":0,"parent":0,"menu_order":2,"comment_status":"closed","ping_status":"closed","template":"","meta":{"footnotes":""},"class_list":["post-174","page","type-page","status-publish","hentry"],"_links":{"self":[{"href":"https:\/\/lsr-bw.de\/seniorenraete\/ortenaukreis\/wp-json\/wp\/v2\/pages\/174","targetHints":{"allow":["GET"]}}],"collection":[{"href":"https:\/\/lsr-bw.de\/seniorenraete\/ortenaukreis\/wp-json\/wp\/v2\/pages"}],"about":[{"href":"https:\/\/lsr-bw.de\/seniorenraete\/ortenaukreis\/wp-json\/wp\/v2\/types\/page"}],"author":[{"embeddable":true,"href":"https:\/\/lsr-bw.de\/seniorenraete\/ortenaukreis\/wp-json\/wp\/v2\/users\/7"}],"replies":[{"embeddable":true,"href":"https:\/\/lsr-bw.de\/seniorenraete\/ortenaukreis\/wp-json\/wp\/v2\/comments?post=174"}],"version-history":[{"count":13,"href":"https:\/\/lsr-bw.de\/seniorenraete\/ortenaukreis\/wp-json\/wp\/v2\/pages\/174\/revisions"}],"predecessor-version":[{"id":3728,"href":"https:\/\/lsr-bw.de\/seniorenraete\/ortenaukreis\/wp-json\/wp\/v2\/pages\/174\/revisions\/3728"}],"wp:attachment":[{"href":"https:\/\/lsr-bw.de\/seniorenraete\/ortenaukreis\/wp-json\/wp\/v2\/media?parent=174"}],"curies":[{"name":"wp","href":"https:\/\/api.w.org\/{rel}","templated":true}]}}