{"id":110,"date":"2020-10-19T07:11:17","date_gmt":"2020-10-19T07:11:40","guid":{"rendered":"https:\/\/lsr-bw.de\/seniorenraete\/ortenaukreis\/?page_id=110"},"modified":"2022-11-02T08:56:16","modified_gmt":"2022-11-02T08:56:16","slug":"wer-wir-sind","status":"publish","type":"page","link":"https:\/\/lsr-bw.de\/seniorenraete\/ortenaukreis\/wer-wir-sind\/","title":{"rendered":"Wer wir sind"},"content":{"rendered":"<p>Der Kreisseniorenrat steht dem Ortenaukreis in Fragen, die \u00e4ltere Menschen betreffen, beratend und unterst\u00fctzend zur Verf\u00fcgung. Er wurde 1984 als Arbeitsgemeinschaft gegr\u00fcndet und arbeitet parteipolitisch und konfessionell unabh\u00e4ngig und neutral.<\/p>\n<p>Der Kreisseniorenrat trifft sich mindestens sechs Mal pro Jahr zu Sitzungen. Dabei werden Themen behandelt, welche Menschen in der dritten Lebensphase, aber auch die Gesellschaft allgemein betreffen, etwa Altersarmut, Sucht im Alter, Lebensvorsorge, Pflege, Wohnen im Alter, Pedelctraining, Digitalisierung, Einrichtung von Seniorenr\u00e4ten in der Ortenau, Seniorenfreundliche Handwerker, usw.<\/p>\n<p>Durch den Dialog mit dem Landratsamt, insbesondere mit dem Sozialdezernat, sowie \u00fcber die kommunalen Seniorenr\u00e4te auch mit den Kommunen, wurden die Anregungen der Senioren in die lokale und regionale Politik gebracht, die angesichts des wachsenden Anteils an Senioren im Ortenaukreis die Bedeutung dieses Dialogs betont.<br \/>\nDer Kreisseniorenrat ist Mitglied des Landesseniorenrats Baden-W\u00fcrttemberg.<\/p>\n","protected":false},"excerpt":{"rendered":"<p>Der Landesseniorenrat Baden-W\u00fcrttemberg ist ein Zusammenschluss von Kreis- und Stadtseniorenr\u00e4ten, Seniorenverb\u00e4nden und Landesorganisationen, die auf dem Gebiet der Altenarbeit t\u00e4tig sind.<\/p>\n","protected":false},"author":7,"featured_media":2792,"parent":0,"menu_order":1,"comment_status":"closed","ping_status":"closed","template":"","meta":{"footnotes":""},"class_list":["post-110","page","type-page","status-publish","has-post-thumbnail","hentry"],"_links":{"self":[{"href":"https:\/\/lsr-bw.de\/seniorenraete\/ortenaukreis\/wp-json\/wp\/v2\/pages\/110","targetHints":{"allow":["GET"]}}],"collection":[{"href":"https:\/\/lsr-bw.de\/seniorenraete\/ortenaukreis\/wp-json\/wp\/v2\/pages"}],"about":[{"href":"https:\/\/lsr-bw.de\/seniorenraete\/ortenaukreis\/wp-json\/wp\/v2\/types\/page"}],"author":[{"embeddable":true,"href":"https:\/\/lsr-bw.de\/seniorenraete\/ortenaukreis\/wp-json\/wp\/v2\/users\/7"}],"replies":[{"embeddable":true,"href":"https:\/\/lsr-bw.de\/seniorenraete\/ortenaukreis\/wp-json\/wp\/v2\/comments?post=110"}],"version-history":[{"count":13,"href":"https:\/\/lsr-bw.de\/seniorenraete\/ortenaukreis\/wp-json\/wp\/v2\/pages\/110\/revisions"}],"predecessor-version":[{"id":3003,"href":"https:\/\/lsr-bw.de\/seniorenraete\/ortenaukreis\/wp-json\/wp\/v2\/pages\/110\/revisions\/3003"}],"wp:featuredmedia":[{"embeddable":true,"href":"https:\/\/lsr-bw.de\/seniorenraete\/ortenaukreis\/wp-json\/wp\/v2\/media\/2792"}],"wp:attachment":[{"href":"https:\/\/lsr-bw.de\/seniorenraete\/ortenaukreis\/wp-json\/wp\/v2\/media?parent=110"}],"curies":[{"name":"wp","href":"https:\/\/api.w.org\/{rel}","templated":true}]}}