{"id":2456,"date":"2021-08-21T21:02:43","date_gmt":"2021-08-21T20:02:43","guid":{"rendered":"https:\/\/lsr-bw.de\/seniorenraete\/hohenlohekreis\/?page_id=2456"},"modified":"2021-08-21T21:08:15","modified_gmt":"2021-08-21T20:08:15","slug":"seniorenvertretung-im-einsatz-fuer-aeltere-politik-fuer-senioren-und-seniorinnen","status":"publish","type":"page","link":"https:\/\/lsr-bw.de\/seniorenraete\/hohenlohekreis\/informationen\/seniorenvertretung-im-einsatz-fuer-aeltere-politik-fuer-senioren-und-seniorinnen\/","title":{"rendered":"Seniorenvertretung im Einsatz f\u00fcr \u00c4ltere &#8211; Politik f\u00fcr Senioren und Seniorinnen"},"content":{"rendered":"<ul>\n<li><strong>Landesseniorenrat<\/strong><br \/>\nDer LSR vertritt die Interessen \u00e4lterer Menschen in Baden-W\u00fcrttemberg.<br \/>\nEr versteht sich als eine Organisation der Meinungsbildung und des Erfahrungsaustausches<br \/>\nauf sozialem, wirtschaftlichem, kulturellem und politischem Gebiet. Breite Information zu seiner Arbeit finden Sie <a href=\"https:\/\/lsr-bw.de\">hier<\/a><\/li>\n<\/ul>\n<p>&nbsp;<\/p>\n<ul>\n<li><span data-sheets-value=\"[null,2,&quot;Die Weltgesundheitsorganisation (WHO) hat unter Beteiligung von 33 L\\u00e4ndern, darunter auch die Bundesrepublik Deutschland, im Jahr 2005 in Rio de Janeiro eine Strategie erarbeitet mit dem Ziel, in allen Teilen der Welt den St\\u00e4dten und Landkreisen eine breit strukturierte Hilfe an die Hand zu geben, um eine altersfreundliche Umgebung zu schaffen. Bei ihrem Besuch in Limerick konnte eine Delegation des Vereins der K\\u00fcnzelsauer Seniorinnen und Senioren feststellen, dass dieses Programm in einer ganzen Reihe irischer St\\u00e4dte und Counties ganz konsequent umgesetzt wird. Beeindruckt waren die Besucher vor allem auch von der Breite des Programms, das alle Bereiche erfasst, die auch bei uns im Zusammenhang mit einer \\&quot;alternden Gesellschaft\\&quot; diskutiert werden. Das Strategiepapier finden Sie hier.&quot;]\" data-sheets-userformat=\"[null,null,14653,{&quot;1&quot;:0,&quot;3&quot;:1},null,{&quot;1&quot;:[{&quot;1&quot;:2,&quot;2&quot;:0,&quot;5&quot;:[null,2,0]},[null,0,0,3],[null,1,0,null,1]]},{&quot;1&quot;:[{&quot;1&quot;:2,&quot;2&quot;:0,&quot;5&quot;:[null,2,0]},[null,0,0,3],[null,1,0,null,1]]},{&quot;1&quot;:[{&quot;1&quot;:2,&quot;2&quot;:0,&quot;5&quot;:[null,2,0]},[null,0,0,3],[null,1,0,null,1]]},{&quot;1&quot;:[{&quot;1&quot;:2,&quot;2&quot;:0,&quot;5&quot;:[null,2,0]},[null,0,0,3],[null,1,0,null,1]]},null,null,4,null,null,{&quot;1&quot;:3,&quot;3&quot;:1},&quot;Arial&quot;,11]\"><strong>Age Friendly Limerick<\/strong><br \/>\nDie Weltgesundheitsorganisation (WHO) hat unter Beteiligung von 33 L\u00e4ndern, darunter auch die Bundesrepublik Deutschland, im Jahr 2005 in Rio de Janeiro eine Strategie erarbeitet mit dem Ziel, in allen Teilen der Welt den St\u00e4dten und Landkreisen eine breit strukturierte Hilfe an die Hand zu geben, um eine altersfreundliche Umgebung zu schaffen. Bei ihrem Besuch in Limerick konnte eine Delegation des Vereins der K\u00fcnzelsauer Seniorinnen und Senioren feststellen, dass dieses Programm in einer ganzen Reihe irischer St\u00e4dte und Counties ganz konsequent umgesetzt wird. Beeindruckt waren die Besucher vor allem auch von der Breite des Programms, das alle Bereiche erfasst, die auch bei uns im Zusammenhang mit einer &#8222;alternden Gesellschaft&#8220; diskutiert werden. Das Strategiepapier finden Sie <a href=\"https:\/\/www.clarecoco.ie\/services\/community\/publications\/clare-age-friendly-strategy-2018-2022-28620.pdf\" target=\"_blank\" rel=\"noopener\">hier<\/a>.<\/span><\/li>\n<\/ul>\n","protected":false},"excerpt":{"rendered":"<p>Landesseniorenrat Der LSR vertritt die Interessen \u00e4lterer Menschen in Baden-W\u00fcrttemberg. Er versteht sich als eine Organisation der Meinungsbildung und des [&hellip;]<\/p>\n","protected":false},"author":7,"featured_media":0,"parent":192,"menu_order":1,"comment_status":"closed","ping_status":"closed","template":"","meta":[],"_links":{"self":[{"href":"https:\/\/lsr-bw.de\/seniorenraete\/hohenlohekreis\/wp-json\/wp\/v2\/pages\/2456"}],"collection":[{"href":"https:\/\/lsr-bw.de\/seniorenraete\/hohenlohekreis\/wp-json\/wp\/v2\/pages"}],"about":[{"href":"https:\/\/lsr-bw.de\/seniorenraete\/hohenlohekreis\/wp-json\/wp\/v2\/types\/page"}],"author":[{"embeddable":true,"href":"https:\/\/lsr-bw.de\/seniorenraete\/hohenlohekreis\/wp-json\/wp\/v2\/users\/7"}],"replies":[{"embeddable":true,"href":"https:\/\/lsr-bw.de\/seniorenraete\/hohenlohekreis\/wp-json\/wp\/v2\/comments?post=2456"}],"version-history":[{"count":5,"href":"https:\/\/lsr-bw.de\/seniorenraete\/hohenlohekreis\/wp-json\/wp\/v2\/pages\/2456\/revisions"}],"predecessor-version":[{"id":2461,"href":"https:\/\/lsr-bw.de\/seniorenraete\/hohenlohekreis\/wp-json\/wp\/v2\/pages\/2456\/revisions\/2461"}],"up":[{"embeddable":true,"href":"https:\/\/lsr-bw.de\/seniorenraete\/hohenlohekreis\/wp-json\/wp\/v2\/pages\/192"}],"wp:attachment":[{"href":"https:\/\/lsr-bw.de\/seniorenraete\/hohenlohekreis\/wp-json\/wp\/v2\/media?parent=2456"}],"curies":[{"name":"wp","href":"https:\/\/api.w.org\/{rel}","templated":true}]}}