{"id":2401,"date":"2021-08-18T22:52:34","date_gmt":"2021-08-18T21:52:34","guid":{"rendered":"https:\/\/lsr-bw.de\/seniorenraete\/hohenlohekreis\/?page_id=2401"},"modified":"2021-08-30T10:41:35","modified_gmt":"2021-08-30T09:41:35","slug":"mitgliederbriefe","status":"publish","type":"page","link":"https:\/\/lsr-bw.de\/seniorenraete\/hohenlohekreis\/mitgliederbriefe\/","title":{"rendered":"Mitgliederbriefe"},"content":{"rendered":"<p>Hier ver\u00f6ffentlichen wir Schreiben unseres Vorsitzenden an die Mitgliederorganisationen und an den Kreisseniorenrat:<\/p>\n<h4>30. Juni 2020<\/h4>\n<p>Die Einschr\u00e4nkungen wegen der Corona-Pandemie betreffen Alle. Dr. J\u00f6rger bedauert, das die Arbeit des KSR ebenso ausgebremst wird wie auch die Arbeit in den verschiedenen Organisationen. Er bittet darum, mit dem KSR Kontakt aufzunehmen, wenn irgendwo Hilfe gebraucht wird.<br \/>\nEr informiert au\u00dferdem \u00fcber terminliche \u00c4nderungen sowie \u00fcber \u00c4nderungen in der Zusammensetzung des Beirats.<br \/>\nDen genauen Wortlaut erfahren Sie <a href=\"https:\/\/lsr-bw.de\/seniorenraete\/hohenlohekreis\/wp-content\/uploads\/2021\/08\/20_07_01_Mitgl_Brief_Joerger.pdf\">hier<\/a>.<\/p>\n","protected":false},"excerpt":{"rendered":"<p>Hier ver\u00f6ffentlichen wir Schreiben unseres Vorsitzenden an die Mitgliederorganisationen und an den Kreisseniorenrat: 30. Juni 2020 Die Einschr\u00e4nkungen wegen der [&hellip;]<\/p>\n","protected":false},"author":7,"featured_media":0,"parent":0,"menu_order":2,"comment_status":"closed","ping_status":"closed","template":"","meta":[],"_links":{"self":[{"href":"https:\/\/lsr-bw.de\/seniorenraete\/hohenlohekreis\/wp-json\/wp\/v2\/pages\/2401"}],"collection":[{"href":"https:\/\/lsr-bw.de\/seniorenraete\/hohenlohekreis\/wp-json\/wp\/v2\/pages"}],"about":[{"href":"https:\/\/lsr-bw.de\/seniorenraete\/hohenlohekreis\/wp-json\/wp\/v2\/types\/page"}],"author":[{"embeddable":true,"href":"https:\/\/lsr-bw.de\/seniorenraete\/hohenlohekreis\/wp-json\/wp\/v2\/users\/7"}],"replies":[{"embeddable":true,"href":"https:\/\/lsr-bw.de\/seniorenraete\/hohenlohekreis\/wp-json\/wp\/v2\/comments?post=2401"}],"version-history":[{"count":4,"href":"https:\/\/lsr-bw.de\/seniorenraete\/hohenlohekreis\/wp-json\/wp\/v2\/pages\/2401\/revisions"}],"predecessor-version":[{"id":2495,"href":"https:\/\/lsr-bw.de\/seniorenraete\/hohenlohekreis\/wp-json\/wp\/v2\/pages\/2401\/revisions\/2495"}],"wp:attachment":[{"href":"https:\/\/lsr-bw.de\/seniorenraete\/hohenlohekreis\/wp-json\/wp\/v2\/media?parent=2401"}],"curies":[{"name":"wp","href":"https:\/\/api.w.org\/{rel}","templated":true}]}}