{"id":2376,"date":"2021-08-18T21:00:56","date_gmt":"2021-08-18T20:00:56","guid":{"rendered":"https:\/\/lsr-bw.de\/seniorenraete\/hohenlohekreis\/?page_id=2376"},"modified":"2021-08-21T20:12:59","modified_gmt":"2021-08-21T19:12:59","slug":"mitgliederversammlungen","status":"publish","type":"page","link":"https:\/\/lsr-bw.de\/seniorenraete\/hohenlohekreis\/unsere-aufgaben\/projekte-des-seniorenrats\/weitere-aktivitaeten-des-seniorenrats\/mitgliederversammlungen\/","title":{"rendered":"Mitgliederversammlungen"},"content":{"rendered":"<p>Rechenschaft zu geben \u00fcber die j\u00e4hrliche Arbeit und mit den Mitgliedsorganisationen ins Gespr\u00e4ch zu kommen, ist Aufgabe der j\u00e4hrlichen Mitgliederversammlungen. Vor allem aber sind sie Ort der Wahlen f\u00fcr all die Funktionen im Kreisseniorenrat, im Vorstand und im Beirat.<\/p>\n<p>Hier finden Sie die Berichte zu den durchgef\u00fchrten Versammlungen der letzten Jahre:<\/p>\n<p><strong>2019<\/strong>\u00a0\u00a0 <a href=\"https:\/\/lsr-bw.de\/seniorenraete\/hohenlohekreis\/wp-content\/uploads\/2021\/08\/19-10-24-Protokoll-MV34.pdf\">Im Haus an der Walk in \u00d6hringen<\/a><\/p>\n<p><strong>2018<\/strong> \u00a0 <a href=\"https:\/\/lsr-bw.de\/seniorenraete\/hohenlohekreis\/wp-content\/uploads\/2021\/08\/18_11-15_MV.pdf\">Neuwahlen im Max-Richard und Renate Hofmann-Haus in K\u00fcnzelsau<\/a><\/p>\n<p><strong>2017<\/strong>\u00a0\u00a0 <a href=\"https:\/\/lsr-bw.de\/seniorenraete\/hohenlohekreis\/wp-content\/uploads\/2021\/08\/17_10_19_MV.pdf\">Im Haus an der Walk in \u00d6hringen<\/a><\/p>\n<p>Im Jahr <strong>2020<\/strong> fand wegen Pandemie-Bestimmungen keine Mitgliederversammlung statt.<\/p>\n","protected":false},"excerpt":{"rendered":"<p>Rechenschaft zu geben \u00fcber die j\u00e4hrliche Arbeit und mit den Mitgliedsorganisationen ins Gespr\u00e4ch zu kommen, ist Aufgabe der j\u00e4hrlichen Mitgliederversammlungen. [&hellip;]<\/p>\n","protected":false},"author":7,"featured_media":0,"parent":2363,"menu_order":2,"comment_status":"closed","ping_status":"closed","template":"","meta":[],"_links":{"self":[{"href":"https:\/\/lsr-bw.de\/seniorenraete\/hohenlohekreis\/wp-json\/wp\/v2\/pages\/2376"}],"collection":[{"href":"https:\/\/lsr-bw.de\/seniorenraete\/hohenlohekreis\/wp-json\/wp\/v2\/pages"}],"about":[{"href":"https:\/\/lsr-bw.de\/seniorenraete\/hohenlohekreis\/wp-json\/wp\/v2\/types\/page"}],"author":[{"embeddable":true,"href":"https:\/\/lsr-bw.de\/seniorenraete\/hohenlohekreis\/wp-json\/wp\/v2\/users\/7"}],"replies":[{"embeddable":true,"href":"https:\/\/lsr-bw.de\/seniorenraete\/hohenlohekreis\/wp-json\/wp\/v2\/comments?post=2376"}],"version-history":[{"count":6,"href":"https:\/\/lsr-bw.de\/seniorenraete\/hohenlohekreis\/wp-json\/wp\/v2\/pages\/2376\/revisions"}],"predecessor-version":[{"id":2446,"href":"https:\/\/lsr-bw.de\/seniorenraete\/hohenlohekreis\/wp-json\/wp\/v2\/pages\/2376\/revisions\/2446"}],"up":[{"embeddable":true,"href":"https:\/\/lsr-bw.de\/seniorenraete\/hohenlohekreis\/wp-json\/wp\/v2\/pages\/2363"}],"wp:attachment":[{"href":"https:\/\/lsr-bw.de\/seniorenraete\/hohenlohekreis\/wp-json\/wp\/v2\/media?parent=2376"}],"curies":[{"name":"wp","href":"https:\/\/api.w.org\/{rel}","templated":true}]}}