{"id":2365,"date":"2021-08-18T20:29:50","date_gmt":"2021-08-18T19:29:50","guid":{"rendered":"https:\/\/lsr-bw.de\/seniorenraete\/hohenlohekreis\/?page_id=2365"},"modified":"2021-08-21T20:02:34","modified_gmt":"2021-08-21T19:02:34","slug":"aktuelles","status":"publish","type":"page","link":"https:\/\/lsr-bw.de\/seniorenraete\/hohenlohekreis\/unsere-aufgaben\/projekte-des-seniorenrats\/weitere-aktivitaeten-des-seniorenrats\/aktuelles\/","title":{"rendered":"Aktuelles"},"content":{"rendered":"<p>Zwei Initiativen, die uns \u00c4ltere in besonderer Weise betreffen, hat der Kreisseniorenrat zu Beginn der Coronakrise auf den Weg gebracht:<\/p>\n<p>Die positive Entwicklung, dass vor allem auch Seniorinnen und Senioren ihren Bewegungsradius durch den Kauf von E-Bikes zu erhalten und zu erweitern suchen, mit der Negativwirkung, dass gleichzeitig aber die Unf\u00e4lle mit diesen Fahrzeugen stark angestiegen sind, veranlasste uns, mit der Bitte um intensive Schulung an alle Firmen heranzutreten, die in unserem Bereich E-Bikes verkaufen. Den Brief an die \u201eE-Bike-H\u00e4ndler\u201c k\u00f6nnen Sie -&gt; <a href=\"https:\/\/lsr-bw.de\/seniorenraete\/hohenlohekreis\/wp-content\/uploads\/2021\/08\/20_01_15_E-Bike_Schulung.pdf\">hier herunterladen<\/a><\/p>\n<p>Die Forderung gerade auch an uns \u00c4ltere, Kontakte einzuschr\u00e4nken, um einer Verbreitung der Epidemie entgegenzuwirken, hat uns veranlasst, mit den Geldinstituten Kontakt aufzunehmen. Die Nutzung von Online-Banking kann gerade in Zeiten der Isolation sehr n\u00fctzlich sein. So haben wir die Banken und die Sparkasse gebeten, sich in besonderer Weise um ihre \u00e4lteren Kunden zu k\u00fcmmern und ihnen hilfreich zur Seite zu stehen, wenn es um die Nutzung von Online-Diensten geht. Den Brief an die Institute k\u00f6nnen Sie -&gt; <a href=\"https:\/\/lsr-bw.de\/seniorenraete\/hohenlohekreis\/wp-content\/uploads\/2021\/08\/19_11_25_Onlinebanking_Banken.pdf\">hier herunterladen<\/a><\/p>\n<p>Die Corona-Pandemie traf die Alten- und Pflegeheimen besonders stark. Die Arbeit war f\u00fcr die Pflegekr\u00e4fte fast nicht zu leisten. Zus\u00e4tzlich mit dem schon bestehenden Pflegenotstand arbeiteten die Pflegekr\u00e4fte weit \u00fcber ihre Kr\u00e4fte. Von der Politik wurden Belohnungen, bessere Arbeitsbedingungen, h\u00f6here L\u00f6hne und vieles mehr versprochen. In seinem Brief an den Landesseniorenrat bittet der Kreisseniorenrat, sich bei Landes- und Bundesregierung f\u00fcr eine gerechte Behandlung der Pflegekr\u00e4fte einzusetzen. Den Brief an den Landesseniorenrat k\u00f6nnen Sie -&gt; <a href=\"https:\/\/lsr-bw.de\/seniorenraete\/hohenlohekreis\/wp-content\/uploads\/2021\/08\/20_06_30_Coronabief-an-LSR-Brief.pdf\">hier herunterladen<\/a><\/p>\n","protected":false},"excerpt":{"rendered":"<p>Zwei Initiativen, die uns \u00c4ltere in besonderer Weise betreffen, hat der Kreisseniorenrat zu Beginn der Coronakrise auf den Weg gebracht: [&hellip;]<\/p>\n","protected":false},"author":7,"featured_media":0,"parent":2363,"menu_order":0,"comment_status":"closed","ping_status":"closed","template":"","meta":[],"_links":{"self":[{"href":"https:\/\/lsr-bw.de\/seniorenraete\/hohenlohekreis\/wp-json\/wp\/v2\/pages\/2365"}],"collection":[{"href":"https:\/\/lsr-bw.de\/seniorenraete\/hohenlohekreis\/wp-json\/wp\/v2\/pages"}],"about":[{"href":"https:\/\/lsr-bw.de\/seniorenraete\/hohenlohekreis\/wp-json\/wp\/v2\/types\/page"}],"author":[{"embeddable":true,"href":"https:\/\/lsr-bw.de\/seniorenraete\/hohenlohekreis\/wp-json\/wp\/v2\/users\/7"}],"replies":[{"embeddable":true,"href":"https:\/\/lsr-bw.de\/seniorenraete\/hohenlohekreis\/wp-json\/wp\/v2\/comments?post=2365"}],"version-history":[{"count":8,"href":"https:\/\/lsr-bw.de\/seniorenraete\/hohenlohekreis\/wp-json\/wp\/v2\/pages\/2365\/revisions"}],"predecessor-version":[{"id":2438,"href":"https:\/\/lsr-bw.de\/seniorenraete\/hohenlohekreis\/wp-json\/wp\/v2\/pages\/2365\/revisions\/2438"}],"up":[{"embeddable":true,"href":"https:\/\/lsr-bw.de\/seniorenraete\/hohenlohekreis\/wp-json\/wp\/v2\/pages\/2363"}],"wp:attachment":[{"href":"https:\/\/lsr-bw.de\/seniorenraete\/hohenlohekreis\/wp-json\/wp\/v2\/media?parent=2365"}],"curies":[{"name":"wp","href":"https:\/\/api.w.org\/{rel}","templated":true}]}}