{"id":2363,"date":"2021-08-18T20:26:58","date_gmt":"2021-08-18T19:26:58","guid":{"rendered":"https:\/\/lsr-bw.de\/seniorenraete\/hohenlohekreis\/?page_id=2363"},"modified":"2021-08-18T21:08:46","modified_gmt":"2021-08-18T20:08:46","slug":"weitere-aktivitaeten-des-seniorenrats","status":"publish","type":"page","link":"https:\/\/lsr-bw.de\/seniorenraete\/hohenlohekreis\/unsere-aufgaben\/projekte-des-seniorenrats\/weitere-aktivitaeten-des-seniorenrats\/","title":{"rendered":"Weitere Aktivit\u00e4ten des Seniorenrats"},"content":{"rendered":"<p>Hier berichtet der Seniorenrat \u00fcber seine T\u00e4tigkeiten:<\/p>\n<p><a href=\"https:\/\/lsr-bw.de\/seniorenraete\/hohenlohekreis\/unsere-aufgaben\/projekte-des-seniorenrats\/weitere-aktivitaeten-des-seniorenrats\/aktuelles\/\"><strong>Aktuelles<\/strong><\/a><\/p>\n<p><a href=\"https:\/\/lsr-bw.de\/seniorenraete\/hohenlohekreis\/?page_id=2373&amp;preview=true\"><strong>Besuche in Alten- und Pflegeheimen<\/strong><\/a><\/p>\n<p><a href=\"https:\/\/lsr-bw.de\/seniorenraete\/hohenlohekreis\/?page_id=2376&amp;preview=true\"><strong>Mitgliederversammlungen<\/strong><\/a><\/p>\n<p><a href=\"https:\/\/lsr-bw.de\/seniorenraete\/hohenlohekreis\/?page_id=2379&amp;preview=true\"><strong>Vorstandssitzungen<\/strong><\/a><\/p>\n","protected":false},"excerpt":{"rendered":"<p>Hier berichtet der Seniorenrat \u00fcber seine T\u00e4tigkeiten: Aktuelles Besuche in Alten- und Pflegeheimen Mitgliederversammlungen Vorstandssitzungen<\/p>\n","protected":false},"author":7,"featured_media":0,"parent":2041,"menu_order":0,"comment_status":"closed","ping_status":"closed","template":"","meta":[],"_links":{"self":[{"href":"https:\/\/lsr-bw.de\/seniorenraete\/hohenlohekreis\/wp-json\/wp\/v2\/pages\/2363"}],"collection":[{"href":"https:\/\/lsr-bw.de\/seniorenraete\/hohenlohekreis\/wp-json\/wp\/v2\/pages"}],"about":[{"href":"https:\/\/lsr-bw.de\/seniorenraete\/hohenlohekreis\/wp-json\/wp\/v2\/types\/page"}],"author":[{"embeddable":true,"href":"https:\/\/lsr-bw.de\/seniorenraete\/hohenlohekreis\/wp-json\/wp\/v2\/users\/7"}],"replies":[{"embeddable":true,"href":"https:\/\/lsr-bw.de\/seniorenraete\/hohenlohekreis\/wp-json\/wp\/v2\/comments?post=2363"}],"version-history":[{"count":5,"href":"https:\/\/lsr-bw.de\/seniorenraete\/hohenlohekreis\/wp-json\/wp\/v2\/pages\/2363\/revisions"}],"predecessor-version":[{"id":2381,"href":"https:\/\/lsr-bw.de\/seniorenraete\/hohenlohekreis\/wp-json\/wp\/v2\/pages\/2363\/revisions\/2381"}],"up":[{"embeddable":true,"href":"https:\/\/lsr-bw.de\/seniorenraete\/hohenlohekreis\/wp-json\/wp\/v2\/pages\/2041"}],"wp:attachment":[{"href":"https:\/\/lsr-bw.de\/seniorenraete\/hohenlohekreis\/wp-json\/wp\/v2\/media?parent=2363"}],"curies":[{"name":"wp","href":"https:\/\/api.w.org\/{rel}","templated":true}]}}