{"id":2063,"date":"2021-02-03T06:55:05","date_gmt":"2021-02-03T06:55:05","guid":{"rendered":"https:\/\/lsr-bw.de\/seniorenraete\/hohenlohekreis\/?page_id=2063"},"modified":"2021-08-21T21:37:34","modified_gmt":"2021-08-21T20:37:34","slug":"technische-hilfen-im-alltag","status":"publish","type":"page","link":"https:\/\/lsr-bw.de\/seniorenraete\/hohenlohekreis\/informationen\/technische-hilfen-im-alltag\/","title":{"rendered":"Technische Hilfen im Alltag"},"content":{"rendered":"<h2>Unterst\u00fctzung im Hohenlohekreis<\/h2>\n<p><span data-sheets-value=\"[null,2,&quot;Mit zunehmendem Alter lassen Kraft und Bewegungsf\\u00e4higkeit oft nach. Meist ist das ein schleichender Prozess: Nach und nach fallen allt\\u00e4gliche Aufgaben immer schwerer und irgendwann schafft man es nicht mehr alleine. Zum Gl\\u00fcck gibt es Hilfsmittel f\\u00fcr mehr Sicherheit und Mobilit\\u00e4t, f\\u00fcr die Pflege und K\\u00f6rperpflege usw. Dadurch k\\u00f6nnen Selbstst\\u00e4ndigkeit und Sicherheit gewonnen werden. Informationen erhalten Sie bei \\u000aPflegest\\u00fctzpunkt Hohenlohekreis \\u000aDeutsches Rotes Kreuz, Kreisverband Hohenlohe\\u000aSanit\\u00e4tsh\\u00e4user \\u000a\\u000aEine inhaltlich reiche Brosch\\u00fcre mit dem Titel \\u201eTechnik im Alter\\u201c hat das Seniorennetz \\&quot;Werra-Mei\\u00dfner\\u201c erarbeitet. Sie finden Sie hier und auf der Homepage des Seniorenennetzes unter diesem Link. \\u000a\\u000aGoldener Internet-Preis 2016\\u000aDie Bundesarbeitsgemeinschaft f\\u00fcr Seniorenorganisationen (BAGSO), die Deutsche Telekom und Google Deutschland zeichnen auch dieses Jahr eine ganze Reihe von Projekten mit dem Goldenen Internet Preis aus. Damit werden Aktivit\\u00e4ten honoriert, die sich in besonderer Weise f\\u00fcr die Teilhabe der Menschen \\u00fcber 60 an den neuen Medien einsetzen. N\\u00e4heres dazu finden Sie hier in der Pressemitteilung der BAGSO.\\u000a\\u000aTipps zum sicheren Surfen\\u000aDen \\&quot;Wegweiser durch die digitale Welt f\\u00fcr \\u00e4ltere B\\u00fcrgerinnen und B\\u00fcrger\\&quot; der Bundesarbeitsgemeinschaft der Senioren-Organsiationen (BAGSO) finden sie hier.&quot;]\" data-sheets-userformat=\"[null,null,14653,{&quot;1&quot;:0,&quot;3&quot;:1},null,{&quot;1&quot;:[{&quot;1&quot;:2,&quot;2&quot;:0,&quot;5&quot;:[null,2,0]},[null,0,0,3],[null,1,0,null,1]]},{&quot;1&quot;:[{&quot;1&quot;:2,&quot;2&quot;:0,&quot;5&quot;:[null,2,0]},[null,0,0,3],[null,1,0,null,1]]},{&quot;1&quot;:[{&quot;1&quot;:2,&quot;2&quot;:0,&quot;5&quot;:[null,2,0]},[null,0,0,3],[null,1,0,null,1]]},{&quot;1&quot;:[{&quot;1&quot;:2,&quot;2&quot;:0,&quot;5&quot;:[null,2,0]},[null,0,0,3],[null,1,0,null,1]]},null,null,4,null,null,{&quot;1&quot;:3,&quot;3&quot;:1},&quot;Arial&quot;,11]\" data-sheets-textstyleruns=\"{&quot;1&quot;:0}\uee10[null,713,[null,null,{&quot;1&quot;:3,&quot;3&quot;:1},&quot;Arial&quot;,11,1]]\uee10[null,741,[null,null,{&quot;1&quot;:3,&quot;3&quot;:1},&quot;Arial&quot;,11]]\uee10[null,1146,[null,null,{&quot;1&quot;:3,&quot;3&quot;:1},&quot;Arial&quot;,11,1]]\uee10[null,1171,[null,null,{&quot;1&quot;:3,&quot;3&quot;:1},&quot;Arial&quot;,11]]\">Mit zunehmendem Alter lassen Kraft und Bewegungsf\u00e4higkeit oft nach. Meist ist das ein schleichender Prozess: Nach und nach fallen allt\u00e4gliche Aufgaben immer schwerer und irgendwann schafft man es nicht mehr alleine. Zum Gl\u00fcck gibt es Hilfsmittel f\u00fcr mehr Sicherheit und Mobilit\u00e4t, f\u00fcr die Pflege und K\u00f6rperpflege usw. Dadurch k\u00f6nnen Selbstst\u00e4ndigkeit und Sicherheit gewonnen werden. Informationen erhalten Sie bei<br \/>\n<strong>Pflegest\u00fctzpunkt Hohenlohekreis<\/strong><br \/>\n<strong>Deutsches Rotes Kreuz, Kreisverband Hohenlohe<\/strong><br \/>\n<strong>Sanit\u00e4tsh\u00e4usern<\/strong><\/span><\/p>\n<p>&nbsp;<\/p>\n<h2>&#8222;Technik im Alter&#8220; &#8211; Seniorennetz &#8222;Werra-Mei\u00dfner&#8220;<\/h2>\n<p>Eine inhaltlich reiche Brosch\u00fcre mit dem Titel \u201eTechnik im Alter\u201c hat das Seniorennetz &#8222;Werra-Mei\u00dfner\u201c erarbeitet. Sie finden Sie hier und auf der Homepage des Seniorenennetzes <a href=\"https:\/\/www.seniorennetz-wmk.de\/wohnen\/technik-im-alter\" target=\"_blank\" rel=\"noopener\">unter diesem Link.<\/a><\/p>\n<p>&nbsp;<\/p>\n<h2>Forschungszentrum Informatik &#8222;Technische Alltagshilfen&#8220;<\/h2>\n<p>Das Forschungszentrum Informatik informiert \u00fcber die vielen Einsatzm\u00f6glichkeiten von technischen Assistenzsystemen, die \u00e4ltere oder pflegebed\u00fcrftige Menschen in ihrem Alltag unterst\u00fctzen k\u00f6nnen. Es richtet sich insbesondere an Seniorinnen und Senioren und ihre Angeh\u00f6rigen sowie an Pflegedienste und gibt auch Auskunft \u00fcber Bezugsquellen und Dienstleister. Informationen erhalten Sie -&gt; <a href=\"https:\/\/wegweiseralterundtechnik.de\/wordpress\/\">hier<\/a><\/p>\n<p><strong>FZI Forschungszentrum Informatik<\/strong><br \/>\nStiftung des b\u00fcrgerlichen Rechts, Haid-und-Neu-Str. 10-14, 76131 Karlsruhe<br \/>\nTel: +49 721 9654-0 Fax: +49 721 9654-959 E-Mail: <a href=\"mailto:fzi@fzi.de\">fzi@fzi.de<\/a><\/p>\n<p>&nbsp;<\/p>\n<h2><strong>Tipps zum sicheren Surfen im Internet<br \/>\n<\/strong><\/h2>\n<p>Den &#8222;Wegweiser durch die digitale Welt f\u00fcr \u00e4ltere B\u00fcrgerinnen und B\u00fcrger&#8220; der Bundesarbeitsgemeinschaft der Senioren-Organsiationen (BAGSO) finden sie <a href=\"https:\/\/www.bagso.de\/publikationen\/ratgeber\/wegweiser-durch-die-digitale-welt\/\" target=\"_blank\" rel=\"noopener\">hier<\/a>.<\/p>\n","protected":false},"excerpt":{"rendered":"<p>Unterst\u00fctzung im Hohenlohekreis Mit zunehmendem Alter lassen Kraft und Bewegungsf\u00e4higkeit oft nach. Meist ist das ein schleichender Prozess: Nach und [&hellip;]<\/p>\n","protected":false},"author":3,"featured_media":0,"parent":192,"menu_order":6,"comment_status":"closed","ping_status":"closed","template":"","meta":[],"_links":{"self":[{"href":"https:\/\/lsr-bw.de\/seniorenraete\/hohenlohekreis\/wp-json\/wp\/v2\/pages\/2063"}],"collection":[{"href":"https:\/\/lsr-bw.de\/seniorenraete\/hohenlohekreis\/wp-json\/wp\/v2\/pages"}],"about":[{"href":"https:\/\/lsr-bw.de\/seniorenraete\/hohenlohekreis\/wp-json\/wp\/v2\/types\/page"}],"author":[{"embeddable":true,"href":"https:\/\/lsr-bw.de\/seniorenraete\/hohenlohekreis\/wp-json\/wp\/v2\/users\/3"}],"replies":[{"embeddable":true,"href":"https:\/\/lsr-bw.de\/seniorenraete\/hohenlohekreis\/wp-json\/wp\/v2\/comments?post=2063"}],"version-history":[{"count":11,"href":"https:\/\/lsr-bw.de\/seniorenraete\/hohenlohekreis\/wp-json\/wp\/v2\/pages\/2063\/revisions"}],"predecessor-version":[{"id":2468,"href":"https:\/\/lsr-bw.de\/seniorenraete\/hohenlohekreis\/wp-json\/wp\/v2\/pages\/2063\/revisions\/2468"}],"up":[{"embeddable":true,"href":"https:\/\/lsr-bw.de\/seniorenraete\/hohenlohekreis\/wp-json\/wp\/v2\/pages\/192"}],"wp:attachment":[{"href":"https:\/\/lsr-bw.de\/seniorenraete\/hohenlohekreis\/wp-json\/wp\/v2\/media?parent=2063"}],"curies":[{"name":"wp","href":"https:\/\/api.w.org\/{rel}","templated":true}]}}