{"id":2061,"date":"2021-02-03T06:54:08","date_gmt":"2021-02-03T06:54:08","guid":{"rendered":"https:\/\/lsr-bw.de\/seniorenraete\/hohenlohekreis\/?page_id=2061"},"modified":"2021-08-21T21:24:39","modified_gmt":"2021-08-21T20:24:39","slug":"wohnen-und-mobilitaet","status":"publish","type":"page","link":"https:\/\/lsr-bw.de\/seniorenraete\/hohenlohekreis\/informationen\/wohnen-und-mobilitaet\/","title":{"rendered":"Wohnen und Mobilit\u00e4t"},"content":{"rendered":"<h2><span data-sheets-value=\"[null,2,&quot;Brosch\\u00fcre \\u201eZu Hause gut versorgt\\u201c \\u000aMit einer neuen Brosch\\u00fcre informiert die Bundesarbeitsgemeinschaft der Senioren-Organisationen (BAGSO) \\u00fcber kostenlose und kostenpflichtige Hilfsangebote f\\u00fcr \\u00e4ltere Menschen. Der 50-seitige Ratgeber, dessen Erstellung durch das Bundesministerium der Justiz und f\\u00fcr Verbraucherschutz (BMJV) erm\\u00f6glicht wurde, ist kostenfrei erh\\u00e4ltlich. \\u000aGenaueres erfahren Sie in der Pressemitteilung von BAGSO hier.\\u000a\\u000aNeu aufgelegt: KfW-Zuschuss \\u201eAltersgerecht Umbauen\\u201c\\u000aEndlich ist er wieder da, der KfW-Investitionszuschuss \\u201eAltersgerecht Umbauen\\u201c. Ab dem 1. Oktober 2014 m\\u00fcssen Eigenheimbesitzer und Mieter nicht mehr zwangsl\\u00e4ufig einen Kredit aufnehmen, wenn sie die Beseitigung von Barrieren in ihrer Wohnung nicht vom Ersparten bezahlen k\\u00f6nnen. Stattdessen k\\u00f6nnen sie einen Zuschuss bei der KfW-F\\u00f6rderbank beantragen. N\\u00e4heres dazu in der BAGSO-Pressemitteilung.\\u000a\\u000aWohnraumberatung - Musterwohnung des KVJS\\u000aIn der Werkstatt Wohnen des KVJS (Kommunalverband f\\u00fcr Jugend und Soziales) k\\u00f6nnen Interessierte praktische M\\u00f6bel begutachten, Notrufger\\u00e4te ausprobieren oder sich bauliche L\\u00f6sungen wie Treppenlifte und bodengleiche Duschen erl\\u00e4utern lassen. Zu sehen gibt es eine K\\u00fcche, zwei B\\u00e4der, einen Schlafraum, einen Heimarbeitsplatz sowie einen Hauseingang mit Sprechanlage und Kamera. Eine Rampe erschlie\\u00dft den Au\\u00dfenbereich. Der KVJS hat die R\\u00e4ume im Stuttgarter Westen mit neuester Technik eingerichtet und pr\\u00e4sentiert in Zusammenarbeit mit dem Wohlfahrtswerk f\\u00fcr Baden-W\\u00fcrttemberg Beispiele f\\u00fcr eine intelligente Wohnungssteuerung. Genauere Informationen erhalten Sie auf der Homepage des KVJS.\\u000a\\u000a\\&quot;Mobil-Aktiv-Beteiligt\\&quot;\\u000azum Fachkongress \\u201eMobil-Aktiv-Beteiligt\\u201c des Sozialministeriums, der am 6. Februar in Fellbach stattfand, liegt nun die Dokumentation vor. Sie finden sie unter www.sozialministerium-bw.de (Themenkategorie: \\u00c4ltere Menschen, Unterthema: Fachkongress \\u201eMobil \\u2013 Aktiv \\u2013 Beteiligt\\u201c 2013) \\u000a\\u000aMobil bleiben - Tipps f\\u00fcr eine klimaschonende Mobilit\\u00e4t in jedem Alter\\u000aW\\u00e4hrend im Bereich Konsum und Energie bereits viele Informationen auch auf \\u00c4ltere zugeschnitten sind, herrscht beim Thema Mobilit\\u00e4t noch Nachholbedarf. Diese L\\u00fccke schlie\\u00dft der Verkehrsclub Deutschland (VCD) mit seinen Projektpartnern, der Bundesarbeitsgemeinschaft der Senioren Organsiasationen (BAGSO) und dem Deutschen Mieterbund (DMB). Gemeinsam wurde eine Brosch\\u00fcre entwickelt, die auf 39 Seiten gut verst\\u00e4ndliche Informationen und praktische Ratschl\\u00e4ge f\\u00fcr den mobilen Alltag der Generation 60+ gibt. \\u000aGegen eine Versandkostenpauschale von 2,55 Euro kann sie per E-Mail bei mobil60plus@vcd.org mit dem Betreff \\&quot;Brosch\\u00fcre 60+\\&quot; bestellt werden. &quot;]\" data-sheets-userformat=\"[null,null,14653,{&quot;1&quot;:0,&quot;3&quot;:1},null,{&quot;1&quot;:[{&quot;1&quot;:2,&quot;2&quot;:0,&quot;5&quot;:[null,2,0]},[null,0,0,3],[null,1,0,null,1]]},{&quot;1&quot;:[{&quot;1&quot;:2,&quot;2&quot;:0,&quot;5&quot;:[null,2,0]},[null,0,0,3],[null,1,0,null,1]]},{&quot;1&quot;:[{&quot;1&quot;:2,&quot;2&quot;:0,&quot;5&quot;:[null,2,0]},[null,0,0,3],[null,1,0,null,1]]},{&quot;1&quot;:[{&quot;1&quot;:2,&quot;2&quot;:0,&quot;5&quot;:[null,2,0]},[null,0,0,3],[null,1,0,null,1]]},null,null,4,null,null,{&quot;1&quot;:3,&quot;3&quot;:1},&quot;Arial&quot;,11]\" data-sheets-textstyleruns=\"{&quot;1&quot;:0}\uee10[null,435,[null,null,{&quot;1&quot;:3,&quot;3&quot;:1},&quot;Arial&quot;,11,1]]\uee10[null,486,[null,null,{&quot;1&quot;:3,&quot;3&quot;:1},&quot;Arial&quot;,11]]\uee10[null,885,[null,null,{&quot;1&quot;:3,&quot;3&quot;:1},&quot;Arial&quot;,11,1]]\uee10[null,927,[null,null,{&quot;1&quot;:3,&quot;3&quot;:1},&quot;Arial&quot;,11]]\uee10[null,1614,[null,null,{&quot;1&quot;:3,&quot;3&quot;:1},&quot;Arial&quot;,11,1]]\uee10[null,1639,[null,null,{&quot;1&quot;:3,&quot;3&quot;:1},&quot;Arial&quot;,11]]\uee10[null,1923,[null,null,{&quot;1&quot;:3,&quot;3&quot;:1},&quot;Arial&quot;,11,1]]\uee10[null,1993,[null,null,{&quot;1&quot;:3,&quot;3&quot;:1},&quot;Arial&quot;,11]]\">Brosch\u00fcre \u201eZu Hause gut versorgt\u201c<br \/>\n<\/span><\/h2>\n<p><span data-sheets-value=\"[null,2,&quot;Brosch\\u00fcre \\u201eZu Hause gut versorgt\\u201c \\u000aMit einer neuen Brosch\\u00fcre informiert die Bundesarbeitsgemeinschaft der Senioren-Organisationen (BAGSO) \\u00fcber kostenlose und kostenpflichtige Hilfsangebote f\\u00fcr \\u00e4ltere Menschen. Der 50-seitige Ratgeber, dessen Erstellung durch das Bundesministerium der Justiz und f\\u00fcr Verbraucherschutz (BMJV) erm\\u00f6glicht wurde, ist kostenfrei erh\\u00e4ltlich. \\u000aGenaueres erfahren Sie in der Pressemitteilung von BAGSO hier.\\u000a\\u000aNeu aufgelegt: KfW-Zuschuss \\u201eAltersgerecht Umbauen\\u201c\\u000aEndlich ist er wieder da, der KfW-Investitionszuschuss \\u201eAltersgerecht Umbauen\\u201c. Ab dem 1. Oktober 2014 m\\u00fcssen Eigenheimbesitzer und Mieter nicht mehr zwangsl\\u00e4ufig einen Kredit aufnehmen, wenn sie die Beseitigung von Barrieren in ihrer Wohnung nicht vom Ersparten bezahlen k\\u00f6nnen. Stattdessen k\\u00f6nnen sie einen Zuschuss bei der KfW-F\\u00f6rderbank beantragen. N\\u00e4heres dazu in der BAGSO-Pressemitteilung.\\u000a\\u000aWohnraumberatung - Musterwohnung des KVJS\\u000aIn der Werkstatt Wohnen des KVJS (Kommunalverband f\\u00fcr Jugend und Soziales) k\\u00f6nnen Interessierte praktische M\\u00f6bel begutachten, Notrufger\\u00e4te ausprobieren oder sich bauliche L\\u00f6sungen wie Treppenlifte und bodengleiche Duschen erl\\u00e4utern lassen. Zu sehen gibt es eine K\\u00fcche, zwei B\\u00e4der, einen Schlafraum, einen Heimarbeitsplatz sowie einen Hauseingang mit Sprechanlage und Kamera. Eine Rampe erschlie\\u00dft den Au\\u00dfenbereich. Der KVJS hat die R\\u00e4ume im Stuttgarter Westen mit neuester Technik eingerichtet und pr\\u00e4sentiert in Zusammenarbeit mit dem Wohlfahrtswerk f\\u00fcr Baden-W\\u00fcrttemberg Beispiele f\\u00fcr eine intelligente Wohnungssteuerung. Genauere Informationen erhalten Sie auf der Homepage des KVJS.\\u000a\\u000a\\&quot;Mobil-Aktiv-Beteiligt\\&quot;\\u000azum Fachkongress \\u201eMobil-Aktiv-Beteiligt\\u201c des Sozialministeriums, der am 6. Februar in Fellbach stattfand, liegt nun die Dokumentation vor. Sie finden sie unter www.sozialministerium-bw.de (Themenkategorie: \\u00c4ltere Menschen, Unterthema: Fachkongress \\u201eMobil \\u2013 Aktiv \\u2013 Beteiligt\\u201c 2013) \\u000a\\u000aMobil bleiben - Tipps f\\u00fcr eine klimaschonende Mobilit\\u00e4t in jedem Alter\\u000aW\\u00e4hrend im Bereich Konsum und Energie bereits viele Informationen auch auf \\u00c4ltere zugeschnitten sind, herrscht beim Thema Mobilit\\u00e4t noch Nachholbedarf. Diese L\\u00fccke schlie\\u00dft der Verkehrsclub Deutschland (VCD) mit seinen Projektpartnern, der Bundesarbeitsgemeinschaft der Senioren Organsiasationen (BAGSO) und dem Deutschen Mieterbund (DMB). Gemeinsam wurde eine Brosch\\u00fcre entwickelt, die auf 39 Seiten gut verst\\u00e4ndliche Informationen und praktische Ratschl\\u00e4ge f\\u00fcr den mobilen Alltag der Generation 60+ gibt. \\u000aGegen eine Versandkostenpauschale von 2,55 Euro kann sie per E-Mail bei mobil60plus@vcd.org mit dem Betreff \\&quot;Brosch\\u00fcre 60+\\&quot; bestellt werden. &quot;]\" data-sheets-userformat=\"[null,null,14653,{&quot;1&quot;:0,&quot;3&quot;:1},null,{&quot;1&quot;:[{&quot;1&quot;:2,&quot;2&quot;:0,&quot;5&quot;:[null,2,0]},[null,0,0,3],[null,1,0,null,1]]},{&quot;1&quot;:[{&quot;1&quot;:2,&quot;2&quot;:0,&quot;5&quot;:[null,2,0]},[null,0,0,3],[null,1,0,null,1]]},{&quot;1&quot;:[{&quot;1&quot;:2,&quot;2&quot;:0,&quot;5&quot;:[null,2,0]},[null,0,0,3],[null,1,0,null,1]]},{&quot;1&quot;:[{&quot;1&quot;:2,&quot;2&quot;:0,&quot;5&quot;:[null,2,0]},[null,0,0,3],[null,1,0,null,1]]},null,null,4,null,null,{&quot;1&quot;:3,&quot;3&quot;:1},&quot;Arial&quot;,11]\" data-sheets-textstyleruns=\"{&quot;1&quot;:0}\uee10[null,435,[null,null,{&quot;1&quot;:3,&quot;3&quot;:1},&quot;Arial&quot;,11,1]]\uee10[null,486,[null,null,{&quot;1&quot;:3,&quot;3&quot;:1},&quot;Arial&quot;,11]]\uee10[null,885,[null,null,{&quot;1&quot;:3,&quot;3&quot;:1},&quot;Arial&quot;,11,1]]\uee10[null,927,[null,null,{&quot;1&quot;:3,&quot;3&quot;:1},&quot;Arial&quot;,11]]\uee10[null,1614,[null,null,{&quot;1&quot;:3,&quot;3&quot;:1},&quot;Arial&quot;,11,1]]\uee10[null,1639,[null,null,{&quot;1&quot;:3,&quot;3&quot;:1},&quot;Arial&quot;,11]]\uee10[null,1923,[null,null,{&quot;1&quot;:3,&quot;3&quot;:1},&quot;Arial&quot;,11,1]]\uee10[null,1993,[null,null,{&quot;1&quot;:3,&quot;3&quot;:1},&quot;Arial&quot;,11]]\">Mit einer Brosch\u00fcre informiert die Bundesarbeitsgemeinschaft der Senioren-Organisationen (BAGSO) \u00fcber kostenlose und kostenpflichtige Hilfsangebote f\u00fcr \u00e4ltere Menschen. Der 50-seitige Ratgeber, dessen Erstellung durch das Bundesministerium der Justiz und f\u00fcr Verbraucherschutz (BMJV) erm\u00f6glicht wurde, ist kostenfrei erh\u00e4ltlich.<br \/>\nGenaueres erfahren Sie in der Pressemitteilung von BAGSO <a href=\"https:\/\/www.bagso.de\/publikationen\/ratgeber\/zu-hause-gut-versorgt\/\" target=\"_blank\" rel=\"noopener\">hier<\/a>.<\/span><\/p>\n<p>&nbsp;<\/p>\n<h2><strong>Altersgerecht Umbauen<\/strong><\/h2>\n<p>Seit dem 1. Oktober 2014 m\u00fcssen Eigenheimbesitzer und Mieter nicht mehr zwangsl\u00e4ufig einen Kredit aufnehmen, wenn sie die Beseitigung von Barrieren in ihrer Wohnung nicht vom Ersparten bezahlen k\u00f6nnen. Stattdessen k\u00f6nnen sie einen Zuschuss bei der KfW-F\u00f6rderbank beantragen.<\/p>\n<p>N\u00e4heres dazu bei der <a href=\"https:\/\/www.kfw.de\/inlandsfoerderung\/Privatpersonen\/Bestehende-Immobilie\/F%C3%B6rderprodukte\/Altersgerecht-Umbauen-(159)\/\">Kreditanstalt f\u00fcr Wiederaufbau (KfW)<\/a><\/p>\n<p>&nbsp;<\/p>\n<h2><strong>Wohnraumberatung &#8211; Musterwohnung des KVJS<\/strong><\/h2>\n<p>In der Werkstatt Wohnen des KVJS (Kommunalverband f\u00fcr Jugend und Soziales) k\u00f6nnen Interessierte praktische M\u00f6bel begutachten, Notrufger\u00e4te ausprobieren oder sich bauliche L\u00f6sungen wie Treppenlifte und bodengleiche Duschen erl\u00e4utern lassen. Zu sehen gibt es eine K\u00fcche, zwei B\u00e4der, einen Schlafraum, einen Heimarbeitsplatz sowie einen Hauseingang mit Sprechanlage und Kamera. Eine Rampe erschlie\u00dft den Au\u00dfenbereich. Der KVJS hat die R\u00e4ume im Stuttgarter Westen mit neuester Technik eingerichtet und pr\u00e4sentiert in Zusammenarbeit mit dem Wohlfahrtswerk f\u00fcr Baden-W\u00fcrttemberg Beispiele f\u00fcr eine intelligente Wohnungssteuerung. Genauere Informationen erhalten Sie auf der <a href=\"https:\/\/barrierefrei-wohnen.kvjs.de\/werkstatt-wohnen\/\" target=\"_blank\" rel=\"noopener\">Homepage<\/a> des KVJS.<\/p>\n<p>&nbsp;<\/p>\n<h2><strong>&#8222;Mobil-Aktiv-Beteiligt&#8220;<\/strong><\/h2>\n<p>zum Fachkongress <a href=\"https:\/\/sozialministerium.baden-wuerttemberg.de\/de\/soziales\/aeltere-menschen\/mobilitaet\/\" target=\"_blank\" rel=\"noopener\">\u201eMobil-Aktiv-Beteiligt\u201c<\/a> des Sozialministeriums, der am 6. Februar in Fellbach stattfand, liegt nun die Dokumentation vor. Sie finden sie unter www.sozialministerium-bw.de (Themenkategorie: \u00c4ltere Menschen, Unterthema: Fachkongress \u201eMobil \u2013 Aktiv \u2013 Beteiligt\u201c 2013)<\/p>\n<p>&nbsp;<\/p>\n<h2><strong>Mobil bleiben &#8211; Tipps f\u00fcr eine klimaschonende Mobilit\u00e4t in jedem Alter<\/strong><\/h2>\n<p>W\u00e4hrend im Bereich Konsum und Energie bereits viele Informationen auch auf \u00c4ltere zugeschnitten sind, herrscht beim Thema Mobilit\u00e4t noch Nachholbedarf. Diese L\u00fccke schlie\u00dft der Verkehrsclub Deutschland (VCD) mit seinen Projektpartnern, der Bundesarbeitsgemeinschaft der Senioren Organsiasationen (BAGSO) und dem Deutschen Mieterbund (DMB). Gemeinsam wurde eine Brosch\u00fcre entwickelt, die auf 39 Seiten gut verst\u00e4ndliche Informationen und praktische Ratschl\u00e4ge f\u00fcr den mobilen Alltag der Generation 60+ gibt.<br \/>\nGegen eine Versandkostenpauschale von 2,55 Euro kann sie per E-Mail bei mobil60plus@vcd.org mit dem Betreff &#8222;Brosch\u00fcre 60+&#8220; bestellt werden.<\/p>\n<p><a href=\"https:\/\/www.bagso.de\/publikationen\/ratgeber\/mobil-bleiben\/\" target=\"_blank\" rel=\"noopener\">Ratgeber &#8222;Mobil bleiben&#8220; des BAGSO<\/a><\/p>\n","protected":false},"excerpt":{"rendered":"<p>Brosch\u00fcre \u201eZu Hause gut versorgt\u201c Mit einer Brosch\u00fcre informiert die Bundesarbeitsgemeinschaft der Senioren-Organisationen (BAGSO) \u00fcber kostenlose und kostenpflichtige Hilfsangebote f\u00fcr [&hellip;]<\/p>\n","protected":false},"author":3,"featured_media":0,"parent":192,"menu_order":5,"comment_status":"closed","ping_status":"closed","template":"","meta":[],"_links":{"self":[{"href":"https:\/\/lsr-bw.de\/seniorenraete\/hohenlohekreis\/wp-json\/wp\/v2\/pages\/2061"}],"collection":[{"href":"https:\/\/lsr-bw.de\/seniorenraete\/hohenlohekreis\/wp-json\/wp\/v2\/pages"}],"about":[{"href":"https:\/\/lsr-bw.de\/seniorenraete\/hohenlohekreis\/wp-json\/wp\/v2\/types\/page"}],"author":[{"embeddable":true,"href":"https:\/\/lsr-bw.de\/seniorenraete\/hohenlohekreis\/wp-json\/wp\/v2\/users\/3"}],"replies":[{"embeddable":true,"href":"https:\/\/lsr-bw.de\/seniorenraete\/hohenlohekreis\/wp-json\/wp\/v2\/comments?post=2061"}],"version-history":[{"count":11,"href":"https:\/\/lsr-bw.de\/seniorenraete\/hohenlohekreis\/wp-json\/wp\/v2\/pages\/2061\/revisions"}],"predecessor-version":[{"id":2463,"href":"https:\/\/lsr-bw.de\/seniorenraete\/hohenlohekreis\/wp-json\/wp\/v2\/pages\/2061\/revisions\/2463"}],"up":[{"embeddable":true,"href":"https:\/\/lsr-bw.de\/seniorenraete\/hohenlohekreis\/wp-json\/wp\/v2\/pages\/192"}],"wp:attachment":[{"href":"https:\/\/lsr-bw.de\/seniorenraete\/hohenlohekreis\/wp-json\/wp\/v2\/media?parent=2061"}],"curies":[{"name":"wp","href":"https:\/\/api.w.org\/{rel}","templated":true}]}}