{"id":2059,"date":"2021-02-03T06:52:48","date_gmt":"2021-02-03T06:52:48","guid":{"rendered":"https:\/\/lsr-bw.de\/seniorenraete\/hohenlohekreis\/?page_id=2059"},"modified":"2021-03-23T09:10:05","modified_gmt":"2021-03-23T08:10:05","slug":"versicherungsschutz-im-ehrenamt","status":"publish","type":"page","link":"https:\/\/lsr-bw.de\/seniorenraete\/hohenlohekreis\/informationen\/versicherungsschutz-im-ehrenamt\/","title":{"rendered":"Versicherungsschutz im Ehrenamt"},"content":{"rendered":"<p><span data-sheets-value=\"[null,2,&quot;Das Engagement im Verein, in der B\\u00fcrgerinitiative oder in Selbsthilfegruppen ist f\\u00fcr viele Menschen zu einer Selbstverst\\u00e4ndlichkeit geworden. Ohne dieses freiwillige Tun w\\u00e4re unsere Gesellschaft \\u00fcberhaupt nicht mehr vorstellbar.\\u000aSich zu engagieren, kann aber auch Risiken mit sich bringen. F\\u00fcr viele spielen \\u00dcberlegungen zur eigenen Absicherung im Rahmen ihrer freiwilligen Bet\\u00e4tigung oftmals keine Rolle. Umso gr\\u00f6\\u00dfer ist dann das Erschrecken, wenn es zu einem konkreten Schadensfall kam. \\u000aIm Jahr 2006 hat die Landesregierung Baden-W\\u00fcrttemberg einen Sammelversicherungsvertrag f\\u00fcr alle b\\u00fcrgerschaftlich Engagierten abgeschlossen. N\\u00e4heres dazu erfahren Sie im Flyer des BE. \\u000aZudem informieren die \\u00f6ffentlichen Versicherer \\u00fcber \\&quot;Sicherheit im Ehrenamt\\&quot; hier.&quot;]\" data-sheets-userformat=\"[null,null,14653,{&quot;1&quot;:0,&quot;3&quot;:1},null,{&quot;1&quot;:[{&quot;1&quot;:2,&quot;2&quot;:0,&quot;5&quot;:[null,2,0]},[null,0,0,3],[null,1,0,null,1]]},{&quot;1&quot;:[{&quot;1&quot;:2,&quot;2&quot;:0,&quot;5&quot;:[null,2,0]},[null,0,0,3],[null,1,0,null,1]]},{&quot;1&quot;:[{&quot;1&quot;:2,&quot;2&quot;:0,&quot;5&quot;:[null,2,0]},[null,0,0,3],[null,1,0,null,1]]},{&quot;1&quot;:[{&quot;1&quot;:2,&quot;2&quot;:0,&quot;5&quot;:[null,2,0]},[null,0,0,3],[null,1,0,null,1]]},null,null,4,null,null,{&quot;1&quot;:3,&quot;3&quot;:1},&quot;Arial&quot;,11]\">Das Engagement im Verein, in der B\u00fcrgerinitiative oder in Selbsthilfegruppen ist f\u00fcr viele Menschen zu einer Selbstverst\u00e4ndlichkeit geworden. Ohne dieses freiwillige Tun w\u00e4re unsere Gesellschaft \u00fcberhaupt nicht mehr vorstellbar.<br \/>\nSich zu engagieren, kann aber auch Risiken mit sich bringen. F\u00fcr viele spielen \u00dcberlegungen zur eigenen Absicherung im Rahmen ihrer freiwilligen Bet\u00e4tigung oftmals keine Rolle. Umso gr\u00f6\u00dfer ist dann das Erschrecken, wenn es zu einem konkreten Schadensfall kam.<br \/>\nIm Jahr 2006 hat die Landesregierung Baden-W\u00fcrttemberg einen Sammelversicherungsvertrag f\u00fcr alle b\u00fcrgerschaftlich Engagierten abgeschlossen. N\u00e4heres dazu erfahren Sie im <a href=\"https:\/\/www.landesstelle.de\/wp-content\/uploads\/2015\/06\/Versicherungsschutz.pdf\">Flyer<\/a> des BE.<\/span><\/p>\n<p><span data-sheets-value=\"[null,2,&quot;Das Engagement im Verein, in der B\\u00fcrgerinitiative oder in Selbsthilfegruppen ist f\\u00fcr viele Menschen zu einer Selbstverst\\u00e4ndlichkeit geworden. Ohne dieses freiwillige Tun w\\u00e4re unsere Gesellschaft \\u00fcberhaupt nicht mehr vorstellbar.\\u000aSich zu engagieren, kann aber auch Risiken mit sich bringen. F\\u00fcr viele spielen \\u00dcberlegungen zur eigenen Absicherung im Rahmen ihrer freiwilligen Bet\\u00e4tigung oftmals keine Rolle. Umso gr\\u00f6\\u00dfer ist dann das Erschrecken, wenn es zu einem konkreten Schadensfall kam. \\u000aIm Jahr 2006 hat die Landesregierung Baden-W\\u00fcrttemberg einen Sammelversicherungsvertrag f\\u00fcr alle b\\u00fcrgerschaftlich Engagierten abgeschlossen. N\\u00e4heres dazu erfahren Sie im Flyer des BE. \\u000aZudem informieren die \\u00f6ffentlichen Versicherer \\u00fcber \\&quot;Sicherheit im Ehrenamt\\&quot; hier.&quot;]\" data-sheets-userformat=\"[null,null,14653,{&quot;1&quot;:0,&quot;3&quot;:1},null,{&quot;1&quot;:[{&quot;1&quot;:2,&quot;2&quot;:0,&quot;5&quot;:[null,2,0]},[null,0,0,3],[null,1,0,null,1]]},{&quot;1&quot;:[{&quot;1&quot;:2,&quot;2&quot;:0,&quot;5&quot;:[null,2,0]},[null,0,0,3],[null,1,0,null,1]]},{&quot;1&quot;:[{&quot;1&quot;:2,&quot;2&quot;:0,&quot;5&quot;:[null,2,0]},[null,0,0,3],[null,1,0,null,1]]},{&quot;1&quot;:[{&quot;1&quot;:2,&quot;2&quot;:0,&quot;5&quot;:[null,2,0]},[null,0,0,3],[null,1,0,null,1]]},null,null,4,null,null,{&quot;1&quot;:3,&quot;3&quot;:1},&quot;Arial&quot;,11]\">Zudem informieren die \u00f6ffentlichen Versicherer \u00fcber <a href=\"https:\/\/www.voev.de\/ehrenamt\/\" target=\"_blank\" rel=\"noopener\">&#8222;Sicherheit im Ehrenamt&#8220;<\/a> hier.<\/span><\/p>\n","protected":false},"excerpt":{"rendered":"<p>Das Engagement im Verein, in der B\u00fcrgerinitiative oder in Selbsthilfegruppen ist f\u00fcr viele Menschen zu einer Selbstverst\u00e4ndlichkeit geworden. Ohne dieses [&hellip;]<\/p>\n","protected":false},"author":3,"featured_media":0,"parent":192,"menu_order":4,"comment_status":"closed","ping_status":"closed","template":"","meta":[],"_links":{"self":[{"href":"https:\/\/lsr-bw.de\/seniorenraete\/hohenlohekreis\/wp-json\/wp\/v2\/pages\/2059"}],"collection":[{"href":"https:\/\/lsr-bw.de\/seniorenraete\/hohenlohekreis\/wp-json\/wp\/v2\/pages"}],"about":[{"href":"https:\/\/lsr-bw.de\/seniorenraete\/hohenlohekreis\/wp-json\/wp\/v2\/types\/page"}],"author":[{"embeddable":true,"href":"https:\/\/lsr-bw.de\/seniorenraete\/hohenlohekreis\/wp-json\/wp\/v2\/users\/3"}],"replies":[{"embeddable":true,"href":"https:\/\/lsr-bw.de\/seniorenraete\/hohenlohekreis\/wp-json\/wp\/v2\/comments?post=2059"}],"version-history":[{"count":5,"href":"https:\/\/lsr-bw.de\/seniorenraete\/hohenlohekreis\/wp-json\/wp\/v2\/pages\/2059\/revisions"}],"predecessor-version":[{"id":2284,"href":"https:\/\/lsr-bw.de\/seniorenraete\/hohenlohekreis\/wp-json\/wp\/v2\/pages\/2059\/revisions\/2284"}],"up":[{"embeddable":true,"href":"https:\/\/lsr-bw.de\/seniorenraete\/hohenlohekreis\/wp-json\/wp\/v2\/pages\/192"}],"wp:attachment":[{"href":"https:\/\/lsr-bw.de\/seniorenraete\/hohenlohekreis\/wp-json\/wp\/v2\/media?parent=2059"}],"curies":[{"name":"wp","href":"https:\/\/api.w.org\/{rel}","templated":true}]}}