{"id":2057,"date":"2021-02-03T06:51:58","date_gmt":"2021-02-03T06:51:58","guid":{"rendered":"https:\/\/lsr-bw.de\/seniorenraete\/hohenlohekreis\/?page_id=2057"},"modified":"2021-03-01T12:25:42","modified_gmt":"2021-03-01T12:25:42","slug":"sicher-im-hohenlohekreis","status":"publish","type":"page","link":"https:\/\/lsr-bw.de\/seniorenraete\/hohenlohekreis\/informationen\/sicher-im-hohenlohekreis\/","title":{"rendered":"Sicher im Hohenlohekreis"},"content":{"rendered":"<h2><span data-sheets-value=\"[null,2,&quot;Der Pr\\u00e4ventionsverein \\&quot;Sicher im Hohenlohekreis\\&quot; will die Sicherheit im Landkreis erhalten und erh\\u00f6hen. \\u000aAuszug aus der Vereinssatzung: \\u000aDie Verh\\u00fctung von Gewalt, Kriminalit\\u00e4t und die Gew\\u00e4hrleistung hoher Sicherheit im Stra\\u00dfen-verkehr ist nicht nur eine staatliche (Pflicht-)Aufgabe, sondern auch Standortfaktor und wesentlicher Beitrag zur Sicherung der Lebensqualit\\u00e4t in den Kommunen und unserer Region.\\u000aDas Gef\\u00fchl, in Sicherheit zu leben, ist eines unserer wertvollsten G\\u00fcter, das gemeinsam mit den B\\u00fcrgerinnen und B\\u00fcrgern in einem institutionen\\u00fcbergreifenden Netzwerk zu erhalten und weiter zu st\\u00e4rken wir uns zum Ziel gesetzt haben. \\u000aErfahren Sie mehr \\u00fcber den Verein \\&quot;Sicher im Hohenlohekreis\\&quot;&quot;]\" data-sheets-userformat=\"[null,null,14653,{&quot;1&quot;:0,&quot;3&quot;:1},null,{&quot;1&quot;:[{&quot;1&quot;:2,&quot;2&quot;:0,&quot;5&quot;:[null,2,0]},[null,0,0,3],[null,1,0,null,1]]},{&quot;1&quot;:[{&quot;1&quot;:2,&quot;2&quot;:0,&quot;5&quot;:[null,2,0]},[null,0,0,3],[null,1,0,null,1]]},{&quot;1&quot;:[{&quot;1&quot;:2,&quot;2&quot;:0,&quot;5&quot;:[null,2,0]},[null,0,0,3],[null,1,0,null,1]]},{&quot;1&quot;:[{&quot;1&quot;:2,&quot;2&quot;:0,&quot;5&quot;:[null,2,0]},[null,0,0,3],[null,1,0,null,1]]},null,null,4,null,null,{&quot;1&quot;:3,&quot;3&quot;:1},&quot;Arial&quot;,11]\">Der Pr\u00e4ventionsverein &#8222;Sicher im Hohenlohekreis&#8220; will die Sicherheit im Landkreis erhalten und erh\u00f6hen.<\/span><\/h2>\n<p><strong>Auszug aus der Vereinssatzung:<\/strong><\/p>\n<p><span data-sheets-value=\"[null,2,&quot;Der Pr\\u00e4ventionsverein \\&quot;Sicher im Hohenlohekreis\\&quot; will die Sicherheit im Landkreis erhalten und erh\\u00f6hen. \\u000aAuszug aus der Vereinssatzung: \\u000aDie Verh\\u00fctung von Gewalt, Kriminalit\\u00e4t und die Gew\\u00e4hrleistung hoher Sicherheit im Stra\\u00dfen-verkehr ist nicht nur eine staatliche (Pflicht-)Aufgabe, sondern auch Standortfaktor und wesentlicher Beitrag zur Sicherung der Lebensqualit\\u00e4t in den Kommunen und unserer Region.\\u000aDas Gef\\u00fchl, in Sicherheit zu leben, ist eines unserer wertvollsten G\\u00fcter, das gemeinsam mit den B\\u00fcrgerinnen und B\\u00fcrgern in einem institutionen\\u00fcbergreifenden Netzwerk zu erhalten und weiter zu st\\u00e4rken wir uns zum Ziel gesetzt haben. \\u000aErfahren Sie mehr \\u00fcber den Verein \\&quot;Sicher im Hohenlohekreis\\&quot;&quot;]\" data-sheets-userformat=\"[null,null,14653,{&quot;1&quot;:0,&quot;3&quot;:1},null,{&quot;1&quot;:[{&quot;1&quot;:2,&quot;2&quot;:0,&quot;5&quot;:[null,2,0]},[null,0,0,3],[null,1,0,null,1]]},{&quot;1&quot;:[{&quot;1&quot;:2,&quot;2&quot;:0,&quot;5&quot;:[null,2,0]},[null,0,0,3],[null,1,0,null,1]]},{&quot;1&quot;:[{&quot;1&quot;:2,&quot;2&quot;:0,&quot;5&quot;:[null,2,0]},[null,0,0,3],[null,1,0,null,1]]},{&quot;1&quot;:[{&quot;1&quot;:2,&quot;2&quot;:0,&quot;5&quot;:[null,2,0]},[null,0,0,3],[null,1,0,null,1]]},null,null,4,null,null,{&quot;1&quot;:3,&quot;3&quot;:1},&quot;Arial&quot;,11]\">Die Verh\u00fctung von Gewalt, Kriminalit\u00e4t und die Gew\u00e4hrleistung hoher Sicherheit im Stra\u00dfen-verkehr ist nicht nur eine staatliche (Pflicht-)Aufgabe, sondern auch Standortfaktor und wesentlicher Beitrag zur Sicherung der Lebensqualit\u00e4t in den Kommunen und unserer Region.<br \/>\nDas Gef\u00fchl, in Sicherheit zu leben, ist eines unserer wertvollsten G\u00fcter, das gemeinsam mit den B\u00fcrgerinnen und B\u00fcrgern in einem institutionen\u00fcbergreifenden Netzwerk zu erhalten und weiter zu st\u00e4rken wir uns zum Ziel gesetzt haben.<br \/>\nErfahren Sie mehr \u00fcber den Verein <a href=\"https:\/\/www.sicherimhohenlohekreis.de\/\">&#8222;Sicher im Hohenlohekreis&#8220;<\/a><\/span><\/p>\n","protected":false},"excerpt":{"rendered":"<p>Der Pr\u00e4ventionsverein &#8222;Sicher im Hohenlohekreis&#8220; will die Sicherheit im Landkreis erhalten und erh\u00f6hen. Auszug aus der Vereinssatzung: Die Verh\u00fctung von [&hellip;]<\/p>\n","protected":false},"author":3,"featured_media":0,"parent":192,"menu_order":3,"comment_status":"closed","ping_status":"closed","template":"","meta":[],"_links":{"self":[{"href":"https:\/\/lsr-bw.de\/seniorenraete\/hohenlohekreis\/wp-json\/wp\/v2\/pages\/2057"}],"collection":[{"href":"https:\/\/lsr-bw.de\/seniorenraete\/hohenlohekreis\/wp-json\/wp\/v2\/pages"}],"about":[{"href":"https:\/\/lsr-bw.de\/seniorenraete\/hohenlohekreis\/wp-json\/wp\/v2\/types\/page"}],"author":[{"embeddable":true,"href":"https:\/\/lsr-bw.de\/seniorenraete\/hohenlohekreis\/wp-json\/wp\/v2\/users\/3"}],"replies":[{"embeddable":true,"href":"https:\/\/lsr-bw.de\/seniorenraete\/hohenlohekreis\/wp-json\/wp\/v2\/comments?post=2057"}],"version-history":[{"count":3,"href":"https:\/\/lsr-bw.de\/seniorenraete\/hohenlohekreis\/wp-json\/wp\/v2\/pages\/2057\/revisions"}],"predecessor-version":[{"id":2198,"href":"https:\/\/lsr-bw.de\/seniorenraete\/hohenlohekreis\/wp-json\/wp\/v2\/pages\/2057\/revisions\/2198"}],"up":[{"embeddable":true,"href":"https:\/\/lsr-bw.de\/seniorenraete\/hohenlohekreis\/wp-json\/wp\/v2\/pages\/192"}],"wp:attachment":[{"href":"https:\/\/lsr-bw.de\/seniorenraete\/hohenlohekreis\/wp-json\/wp\/v2\/media?parent=2057"}],"curies":[{"name":"wp","href":"https:\/\/api.w.org\/{rel}","templated":true}]}}