{"id":2053,"date":"2021-02-03T06:48:08","date_gmt":"2021-02-03T06:48:08","guid":{"rendered":"https:\/\/lsr-bw.de\/seniorenraete\/hohenlohekreis\/?page_id=2053"},"modified":"2021-08-26T16:49:57","modified_gmt":"2021-08-26T15:49:57","slug":"gesundheit-und-pflege","status":"publish","type":"page","link":"https:\/\/lsr-bw.de\/seniorenraete\/hohenlohekreis\/informationen\/gesundheit-und-pflege\/","title":{"rendered":"Gesundheit und Pflege"},"content":{"rendered":"<h2>Pflegest\u00fctzpunkt im Hohenlohekreis <img loading=\"lazy\" class=\" wp-image-2489 alignright\" src=\"https:\/\/lsr-bw.de\/seniorenraete\/hohenlohekreis\/wp-content\/uploads\/2021\/08\/2021-08-26-Logo-Pflegestuetzpunkt.jpg\" alt=\"\" width=\"219\" height=\"121\" \/><\/h2>\n<p>Pflegebed\u00fcrftig-Was nun? Der <strong>Pflegest\u00fctzpunkt<\/strong> im Hohenlohekreis bietet Rat- und Hilfesuchenden jeden Alters eine individuelle Beratung zu Fragen im Vor- und Umfeld der Pflege. Weiter Informationen erhalten Sie <a href=\"https:\/\/www.hohenlohekreis.de\/de\/buergerservice\/bereiche-von-a-z\/jugend-und-soziales\/pflegestuetzpunkt-hohenlohekreis\/\" target=\"_blank\" rel=\"noopener\">hier<\/a><\/p>\n<h2>Altenhilfefachberatung des Hohenlohekreises<\/h2>\n<p>Ansprechpartnerin f\u00fcr alle, die sich in der Seniorenarbeit und Altenhilfe engagieren, ist die <strong>Altenhilfefachberatung<\/strong> des Landratsamtes Hohenlohekreis.<br \/>\nweiter Informationen erhalten Sie <a href=\"https:\/\/www.hohenlohekreis.de\/de\/buergerservice\/bereiche-von-a-z\/jugend-und-soziales\/senioren\/altenhilfefachberatung\/\" target=\"_blank\" rel=\"noopener\">hier<\/a>.<\/p>\n<h2>Publikationen und Informationen der Bundesarbeitsgemeinschaft f\u00fcr Seniorenorganisationen (BAGSO)<\/h2>\n<p>Wertvolle Informationen zum Thema &#8222;\u00c4lter werden&#8220; finden Sie bei der BAGSO unter dem Link:<br \/>\n<a href=\"https:\/\/www.bagso.de\/publikationen\/\" target=\"_blank\" rel=\"noopener\">https:\/\/www.bagso.de\/publikationen\/<\/a><\/p>\n<p><strong>BAGSO<\/strong><br \/>\nNoeggerathstra\u00dfe 49<br \/>\n53113 Bonn<\/p>\n<p>Tel.: 02 28\/2 49 99 30<br \/>\nFax: 02 28\/24 99 93 20<br \/>\nE-Mail: kontakt@bagso.de<\/p>\n<p>Besonders empfehlenswert sind folgende Brosch\u00fcren:<\/p>\n<h4><strong><a href=\"https:\/\/www.bagso.de\/publikationen\/ratgeber\/gesund-aelter-werden\/\">Gesund \u00e4lter werden<\/a><br \/>\n<\/strong><\/h4>\n<h4><a href=\"https:\/\/www.bagso.de\/publikationen\/ratgeber\/entlastung-fuer-die-seele\/\"><strong>Entlastung f\u00fcr die Seele \u2013\u00a0 <\/strong>Ein Ratgeber f\u00fcr pflegende Angeh\u00f6rige<\/a><\/h4>\n<h2>&#8222;Mobil-Aktiv-Beteiligt&#8220;<\/h2>\n<p>Wertvolle Informationen zum Thema <a href=\"http:\/\/sozialministerium.baden-wuerttemberg.de\/fileadmin\/redaktion\/m-sm\/intern\/downloads\/Downloads_%C3%84ltere_Menschen\/Dokumentation_Kongress_mobil-aktiv-beteiligt_2013.pdf\">&#8222;Mobilit\u00e4t im Alter&#8220;<\/a> fonden Sie in der Dokumentation zu Fachkongress &#8222;Mobil-Aktiv-Beteiligt&#8220; des Sozialministeriums im Jahr 2013<\/p>\n<h2>Informationen der Bundeszentrale f\u00fcr gesundheitliche Aufkl\u00e4rung<\/h2>\n<p>Zahlreiche weitere Informationen zu gesundheitlichen Themen im Alter finden Sie auf der Homepage der<\/p>\n<p><strong>Bundeszentrale f\u00fcr gesundheitliche Aufkl\u00e4rung<\/strong><br \/>\nMaarweg 149-161<br \/>\n50825 K\u00f6ln<br \/>\nTelefon:\u00a0 0221 8992-0<br \/>\nFax:\u00a0\u00a0\u00a0\u00a0\u00a0\u00a0\u00a0\u00a0 0221 8992-300<br \/>\n<a href=\"https:\/\/www.bzga.de\/infomaterialien\/gesundheit-aelterer-menschen\" target=\"_blank\" rel=\"noopener\">https:\/\/www.bzga.de\/infomaterialien\/gesundheit-aelterer-menschen<\/a><\/p>\n<h2><strong>Gesundheitsatlas Baden-W\u00fcrttemberg<\/strong><\/h2>\n<p>Wer aktuelle Zahlen und Fakten zu wichtigen Gesundheitsthemen sucht, findet im Gesundheitsatlas ein nutzerfreundliches, interaktives Instrument.<br \/>\nDen Gesundheitsatlas finden Sie <a href=\"http:\/\/www.gesundheitsatlas-bw.de\" target=\"_blank\" rel=\"noopener\">hier<\/a>.<\/p>\n<h2><strong>Internetportal informiert \u00c4ltere und Pflegebed\u00fcrftige \u00fcber technische Alltagshilfen<\/strong><\/h2>\n<p>Die Internetseite informiert \u00fcber die vielen Einsatzm\u00f6glichkeiten von technischen Assistenzsystemen, die \u00e4ltere oder pflegebed\u00fcrftige Menschen in ihrem Alltag unterst\u00fctzen k\u00f6nnen. Das Portal <a href=\"http:\/\/www.wegweiseralterundtechnik.de\" target=\"_blank\" rel=\"noopener\">www.wegweiseralterundtechnik.de<\/a> richtet sich insbesondere an Seniorinnen und Senioren und ihre Angeh\u00f6rigen sowie an Pflegedienste und gibt auch Auskunft \u00fcber Bezugsquellen und Dienstleister.<strong>\u00a0<\/strong><\/p>\n<p>&nbsp;<\/p>\n","protected":false},"excerpt":{"rendered":"<p>Pflegest\u00fctzpunkt im Hohenlohekreis Pflegebed\u00fcrftig-Was nun? Der Pflegest\u00fctzpunkt im Hohenlohekreis bietet Rat- und Hilfesuchenden jeden Alters eine individuelle Beratung zu Fragen [&hellip;]<\/p>\n","protected":false},"author":3,"featured_media":0,"parent":192,"menu_order":0,"comment_status":"closed","ping_status":"closed","template":"","meta":[],"_links":{"self":[{"href":"https:\/\/lsr-bw.de\/seniorenraete\/hohenlohekreis\/wp-json\/wp\/v2\/pages\/2053"}],"collection":[{"href":"https:\/\/lsr-bw.de\/seniorenraete\/hohenlohekreis\/wp-json\/wp\/v2\/pages"}],"about":[{"href":"https:\/\/lsr-bw.de\/seniorenraete\/hohenlohekreis\/wp-json\/wp\/v2\/types\/page"}],"author":[{"embeddable":true,"href":"https:\/\/lsr-bw.de\/seniorenraete\/hohenlohekreis\/wp-json\/wp\/v2\/users\/3"}],"replies":[{"embeddable":true,"href":"https:\/\/lsr-bw.de\/seniorenraete\/hohenlohekreis\/wp-json\/wp\/v2\/comments?post=2053"}],"version-history":[{"count":26,"href":"https:\/\/lsr-bw.de\/seniorenraete\/hohenlohekreis\/wp-json\/wp\/v2\/pages\/2053\/revisions"}],"predecessor-version":[{"id":2491,"href":"https:\/\/lsr-bw.de\/seniorenraete\/hohenlohekreis\/wp-json\/wp\/v2\/pages\/2053\/revisions\/2491"}],"up":[{"embeddable":true,"href":"https:\/\/lsr-bw.de\/seniorenraete\/hohenlohekreis\/wp-json\/wp\/v2\/pages\/192"}],"wp:attachment":[{"href":"https:\/\/lsr-bw.de\/seniorenraete\/hohenlohekreis\/wp-json\/wp\/v2\/media?parent=2053"}],"curies":[{"name":"wp","href":"https:\/\/api.w.org\/{rel}","templated":true}]}}