{"id":2039,"date":"2021-02-02T14:19:11","date_gmt":"2021-02-02T14:19:11","guid":{"rendered":"https:\/\/lsr-bw.de\/seniorenraete\/hohenlohekreis\/?page_id=2039"},"modified":"2021-08-18T20:14:33","modified_gmt":"2021-08-18T19:14:33","slug":"leitbild","status":"publish","type":"page","link":"https:\/\/lsr-bw.de\/seniorenraete\/hohenlohekreis\/unsere-aufgaben\/leitbild\/","title":{"rendered":"Leitbild"},"content":{"rendered":"<p style=\"padding-left: 200px;\"><span data-sheets-value=\"[null,2,&quot;Mit Blick auf die Gesamtgesellschaft vertreten wir im Zusammenspiel der Generationen die Belange der \\u00e4lteren Menschen im Hohenlohekreis. \\u000aWir sind unabh\\u00e4ngig, politisch und konfessionell neutral und verfolgen ausschlie\\u00dflich gemeinn\\u00fctzige Ziele. \\u000aDer Kreisseniorenrat ist ein Netzwerk freiwilliger Zusammenschl\\u00fcsse von Verb\\u00e4nden, Organisationen und Gruppen im Hohenlohekreis. \\u000aWir wollen dabei helfen, dass sich Seniorinnen und Senioren mit ihrer Lebenserfahrung und ihren F\\u00e4higkeiten im Sinne von b\\u00fcrgerschaftlichem Engagement in die Gesellschaft einbringen. \\u000aWir wollen Anliegen und Ideen \\u00e4lterer Menschen aufgreifen und umsetzen. \\u000aWir sind ein Forum f\\u00fcr den Austausch von Erfahrungen und Meinungen. \\u000aLanglebigkeit verpflichtet, wir stehen zu dieser Aussage. &quot;]\" data-sheets-userformat=\"[null,null,14781,{&quot;1&quot;:0,&quot;3&quot;:1},null,{&quot;1&quot;:[{&quot;1&quot;:2,&quot;2&quot;:0,&quot;5&quot;:[null,2,0]},[null,0,0,3],[null,1,0,null,1]]},{&quot;1&quot;:[{&quot;1&quot;:2,&quot;2&quot;:0,&quot;5&quot;:[null,2,0]},[null,0,0,3],[null,1,0,null,1]]},{&quot;1&quot;:[{&quot;1&quot;:2,&quot;2&quot;:0,&quot;5&quot;:[null,2,0]},[null,0,0,3],[null,1,0,null,1]]},{&quot;1&quot;:[{&quot;1&quot;:2,&quot;2&quot;:0,&quot;5&quot;:[null,2,0]},[null,0,0,3],[null,1,0,null,1]]},null,1,4,null,null,{&quot;1&quot;:3,&quot;3&quot;:1},&quot;Arial&quot;,11]\">Mit Blick auf die Gesamtgesellschaft vertreten wir im Zusammenspiel der Generationen die Belange<br \/>\nder \u00e4lteren Menschen im Hohenlohekreis.<\/span><\/p>\n<p style=\"padding-left: 200px;\"><span data-sheets-value=\"[null,2,&quot;Mit Blick auf die Gesamtgesellschaft vertreten wir im Zusammenspiel der Generationen die Belange der \\u00e4lteren Menschen im Hohenlohekreis. \\u000aWir sind unabh\\u00e4ngig, politisch und konfessionell neutral und verfolgen ausschlie\\u00dflich gemeinn\\u00fctzige Ziele. \\u000aDer Kreisseniorenrat ist ein Netzwerk freiwilliger Zusammenschl\\u00fcsse von Verb\\u00e4nden, Organisationen und Gruppen im Hohenlohekreis. \\u000aWir wollen dabei helfen, dass sich Seniorinnen und Senioren mit ihrer Lebenserfahrung und ihren F\\u00e4higkeiten im Sinne von b\\u00fcrgerschaftlichem Engagement in die Gesellschaft einbringen. \\u000aWir wollen Anliegen und Ideen \\u00e4lterer Menschen aufgreifen und umsetzen. \\u000aWir sind ein Forum f\\u00fcr den Austausch von Erfahrungen und Meinungen. \\u000aLanglebigkeit verpflichtet, wir stehen zu dieser Aussage. &quot;]\" data-sheets-userformat=\"[null,null,14781,{&quot;1&quot;:0,&quot;3&quot;:1},null,{&quot;1&quot;:[{&quot;1&quot;:2,&quot;2&quot;:0,&quot;5&quot;:[null,2,0]},[null,0,0,3],[null,1,0,null,1]]},{&quot;1&quot;:[{&quot;1&quot;:2,&quot;2&quot;:0,&quot;5&quot;:[null,2,0]},[null,0,0,3],[null,1,0,null,1]]},{&quot;1&quot;:[{&quot;1&quot;:2,&quot;2&quot;:0,&quot;5&quot;:[null,2,0]},[null,0,0,3],[null,1,0,null,1]]},{&quot;1&quot;:[{&quot;1&quot;:2,&quot;2&quot;:0,&quot;5&quot;:[null,2,0]},[null,0,0,3],[null,1,0,null,1]]},null,1,4,null,null,{&quot;1&quot;:3,&quot;3&quot;:1},&quot;Arial&quot;,11]\">Wir sind unabh\u00e4ngig, politisch und konfessionell neutral und verfolgen ausschlie\u00dflich gemeinn\u00fctzige<br \/>\nZiele. <\/span><\/p>\n<p style=\"padding-left: 200px;\"><span data-sheets-value=\"[null,2,&quot;Mit Blick auf die Gesamtgesellschaft vertreten wir im Zusammenspiel der Generationen die Belange der \\u00e4lteren Menschen im Hohenlohekreis. \\u000aWir sind unabh\\u00e4ngig, politisch und konfessionell neutral und verfolgen ausschlie\\u00dflich gemeinn\\u00fctzige Ziele. \\u000aDer Kreisseniorenrat ist ein Netzwerk freiwilliger Zusammenschl\\u00fcsse von Verb\\u00e4nden, Organisationen und Gruppen im Hohenlohekreis. \\u000aWir wollen dabei helfen, dass sich Seniorinnen und Senioren mit ihrer Lebenserfahrung und ihren F\\u00e4higkeiten im Sinne von b\\u00fcrgerschaftlichem Engagement in die Gesellschaft einbringen. \\u000aWir wollen Anliegen und Ideen \\u00e4lterer Menschen aufgreifen und umsetzen. \\u000aWir sind ein Forum f\\u00fcr den Austausch von Erfahrungen und Meinungen. \\u000aLanglebigkeit verpflichtet, wir stehen zu dieser Aussage. &quot;]\" data-sheets-userformat=\"[null,null,14781,{&quot;1&quot;:0,&quot;3&quot;:1},null,{&quot;1&quot;:[{&quot;1&quot;:2,&quot;2&quot;:0,&quot;5&quot;:[null,2,0]},[null,0,0,3],[null,1,0,null,1]]},{&quot;1&quot;:[{&quot;1&quot;:2,&quot;2&quot;:0,&quot;5&quot;:[null,2,0]},[null,0,0,3],[null,1,0,null,1]]},{&quot;1&quot;:[{&quot;1&quot;:2,&quot;2&quot;:0,&quot;5&quot;:[null,2,0]},[null,0,0,3],[null,1,0,null,1]]},{&quot;1&quot;:[{&quot;1&quot;:2,&quot;2&quot;:0,&quot;5&quot;:[null,2,0]},[null,0,0,3],[null,1,0,null,1]]},null,1,4,null,null,{&quot;1&quot;:3,&quot;3&quot;:1},&quot;Arial&quot;,11]\">Der Kreisseniorenrat ist ein Netzwerk freiwilliger Zusammenschl\u00fcsse von Verb\u00e4nden,<br \/>\nOrganisationen und Gruppen im Hohenlohekreis.<\/span><\/p>\n<p style=\"padding-left: 200px;\"><span data-sheets-value=\"[null,2,&quot;Mit Blick auf die Gesamtgesellschaft vertreten wir im Zusammenspiel der Generationen die Belange der \\u00e4lteren Menschen im Hohenlohekreis. \\u000aWir sind unabh\\u00e4ngig, politisch und konfessionell neutral und verfolgen ausschlie\\u00dflich gemeinn\\u00fctzige Ziele. \\u000aDer Kreisseniorenrat ist ein Netzwerk freiwilliger Zusammenschl\\u00fcsse von Verb\\u00e4nden, Organisationen und Gruppen im Hohenlohekreis. \\u000aWir wollen dabei helfen, dass sich Seniorinnen und Senioren mit ihrer Lebenserfahrung und ihren F\\u00e4higkeiten im Sinne von b\\u00fcrgerschaftlichem Engagement in die Gesellschaft einbringen. \\u000aWir wollen Anliegen und Ideen \\u00e4lterer Menschen aufgreifen und umsetzen. \\u000aWir sind ein Forum f\\u00fcr den Austausch von Erfahrungen und Meinungen. \\u000aLanglebigkeit verpflichtet, wir stehen zu dieser Aussage. &quot;]\" data-sheets-userformat=\"[null,null,14781,{&quot;1&quot;:0,&quot;3&quot;:1},null,{&quot;1&quot;:[{&quot;1&quot;:2,&quot;2&quot;:0,&quot;5&quot;:[null,2,0]},[null,0,0,3],[null,1,0,null,1]]},{&quot;1&quot;:[{&quot;1&quot;:2,&quot;2&quot;:0,&quot;5&quot;:[null,2,0]},[null,0,0,3],[null,1,0,null,1]]},{&quot;1&quot;:[{&quot;1&quot;:2,&quot;2&quot;:0,&quot;5&quot;:[null,2,0]},[null,0,0,3],[null,1,0,null,1]]},{&quot;1&quot;:[{&quot;1&quot;:2,&quot;2&quot;:0,&quot;5&quot;:[null,2,0]},[null,0,0,3],[null,1,0,null,1]]},null,1,4,null,null,{&quot;1&quot;:3,&quot;3&quot;:1},&quot;Arial&quot;,11]\">Wir wollen dabei helfen, dass sich Seniorinnen und Senioren mit ihrer Lebenserfahrung und ihren<br \/>\nF\u00e4higkeiten im Sinne von b\u00fcrgerschaftlichem Engagement in die Gesellschaft einbringen.<\/span><\/p>\n<p style=\"padding-left: 200px;\"><span data-sheets-value=\"[null,2,&quot;Mit Blick auf die Gesamtgesellschaft vertreten wir im Zusammenspiel der Generationen die Belange der \\u00e4lteren Menschen im Hohenlohekreis. \\u000aWir sind unabh\\u00e4ngig, politisch und konfessionell neutral und verfolgen ausschlie\\u00dflich gemeinn\\u00fctzige Ziele. \\u000aDer Kreisseniorenrat ist ein Netzwerk freiwilliger Zusammenschl\\u00fcsse von Verb\\u00e4nden, Organisationen und Gruppen im Hohenlohekreis. \\u000aWir wollen dabei helfen, dass sich Seniorinnen und Senioren mit ihrer Lebenserfahrung und ihren F\\u00e4higkeiten im Sinne von b\\u00fcrgerschaftlichem Engagement in die Gesellschaft einbringen. \\u000aWir wollen Anliegen und Ideen \\u00e4lterer Menschen aufgreifen und umsetzen. \\u000aWir sind ein Forum f\\u00fcr den Austausch von Erfahrungen und Meinungen. \\u000aLanglebigkeit verpflichtet, wir stehen zu dieser Aussage. &quot;]\" data-sheets-userformat=\"[null,null,14781,{&quot;1&quot;:0,&quot;3&quot;:1},null,{&quot;1&quot;:[{&quot;1&quot;:2,&quot;2&quot;:0,&quot;5&quot;:[null,2,0]},[null,0,0,3],[null,1,0,null,1]]},{&quot;1&quot;:[{&quot;1&quot;:2,&quot;2&quot;:0,&quot;5&quot;:[null,2,0]},[null,0,0,3],[null,1,0,null,1]]},{&quot;1&quot;:[{&quot;1&quot;:2,&quot;2&quot;:0,&quot;5&quot;:[null,2,0]},[null,0,0,3],[null,1,0,null,1]]},{&quot;1&quot;:[{&quot;1&quot;:2,&quot;2&quot;:0,&quot;5&quot;:[null,2,0]},[null,0,0,3],[null,1,0,null,1]]},null,1,4,null,null,{&quot;1&quot;:3,&quot;3&quot;:1},&quot;Arial&quot;,11]\">Wir wollen Anliegen und Ideen \u00e4lterer Menschen aufgreifen und umsetzen.<\/span><\/p>\n<p style=\"padding-left: 200px;\"><span data-sheets-value=\"[null,2,&quot;Mit Blick auf die Gesamtgesellschaft vertreten wir im Zusammenspiel der Generationen die Belange der \\u00e4lteren Menschen im Hohenlohekreis. \\u000aWir sind unabh\\u00e4ngig, politisch und konfessionell neutral und verfolgen ausschlie\\u00dflich gemeinn\\u00fctzige Ziele. \\u000aDer Kreisseniorenrat ist ein Netzwerk freiwilliger Zusammenschl\\u00fcsse von Verb\\u00e4nden, Organisationen und Gruppen im Hohenlohekreis. \\u000aWir wollen dabei helfen, dass sich Seniorinnen und Senioren mit ihrer Lebenserfahrung und ihren F\\u00e4higkeiten im Sinne von b\\u00fcrgerschaftlichem Engagement in die Gesellschaft einbringen. \\u000aWir wollen Anliegen und Ideen \\u00e4lterer Menschen aufgreifen und umsetzen. \\u000aWir sind ein Forum f\\u00fcr den Austausch von Erfahrungen und Meinungen. \\u000aLanglebigkeit verpflichtet, wir stehen zu dieser Aussage. &quot;]\" data-sheets-userformat=\"[null,null,14781,{&quot;1&quot;:0,&quot;3&quot;:1},null,{&quot;1&quot;:[{&quot;1&quot;:2,&quot;2&quot;:0,&quot;5&quot;:[null,2,0]},[null,0,0,3],[null,1,0,null,1]]},{&quot;1&quot;:[{&quot;1&quot;:2,&quot;2&quot;:0,&quot;5&quot;:[null,2,0]},[null,0,0,3],[null,1,0,null,1]]},{&quot;1&quot;:[{&quot;1&quot;:2,&quot;2&quot;:0,&quot;5&quot;:[null,2,0]},[null,0,0,3],[null,1,0,null,1]]},{&quot;1&quot;:[{&quot;1&quot;:2,&quot;2&quot;:0,&quot;5&quot;:[null,2,0]},[null,0,0,3],[null,1,0,null,1]]},null,1,4,null,null,{&quot;1&quot;:3,&quot;3&quot;:1},&quot;Arial&quot;,11]\">Wir sind ein Forum f\u00fcr den Austausch von Erfahrungen und Meinungen.<\/span><\/p>\n<p style=\"padding-left: 200px;\"><span data-sheets-value=\"[null,2,&quot;Mit Blick auf die Gesamtgesellschaft vertreten wir im Zusammenspiel der Generationen die Belange der \\u00e4lteren Menschen im Hohenlohekreis. \\u000aWir sind unabh\\u00e4ngig, politisch und konfessionell neutral und verfolgen ausschlie\\u00dflich gemeinn\\u00fctzige Ziele. \\u000aDer Kreisseniorenrat ist ein Netzwerk freiwilliger Zusammenschl\\u00fcsse von Verb\\u00e4nden, Organisationen und Gruppen im Hohenlohekreis. \\u000aWir wollen dabei helfen, dass sich Seniorinnen und Senioren mit ihrer Lebenserfahrung und ihren F\\u00e4higkeiten im Sinne von b\\u00fcrgerschaftlichem Engagement in die Gesellschaft einbringen. \\u000aWir wollen Anliegen und Ideen \\u00e4lterer Menschen aufgreifen und umsetzen. \\u000aWir sind ein Forum f\\u00fcr den Austausch von Erfahrungen und Meinungen. \\u000aLanglebigkeit verpflichtet, wir stehen zu dieser Aussage. &quot;]\" data-sheets-userformat=\"[null,null,14781,{&quot;1&quot;:0,&quot;3&quot;:1},null,{&quot;1&quot;:[{&quot;1&quot;:2,&quot;2&quot;:0,&quot;5&quot;:[null,2,0]},[null,0,0,3],[null,1,0,null,1]]},{&quot;1&quot;:[{&quot;1&quot;:2,&quot;2&quot;:0,&quot;5&quot;:[null,2,0]},[null,0,0,3],[null,1,0,null,1]]},{&quot;1&quot;:[{&quot;1&quot;:2,&quot;2&quot;:0,&quot;5&quot;:[null,2,0]},[null,0,0,3],[null,1,0,null,1]]},{&quot;1&quot;:[{&quot;1&quot;:2,&quot;2&quot;:0,&quot;5&quot;:[null,2,0]},[null,0,0,3],[null,1,0,null,1]]},null,1,4,null,null,{&quot;1&quot;:3,&quot;3&quot;:1},&quot;Arial&quot;,11]\">Langlebigkeit verpflichtet, wir stehen zu dieser Aussage. <\/span><\/p>\n<p>&nbsp;<\/p>\n<p>Mit unserem Flyer k\u00f6nnen sie sich genauer \u00fcber die Aktivit\u00e4ten und Aufgabenbereiche informieren: <a href=\"https:\/\/lsr-bw.de\/seniorenraete\/hohenlohekreis\/wp-content\/uploads\/2021\/08\/KSR-Flyer-2020.pdf\">Flyer des KSR Hohenlohe<\/a><\/p>\n","protected":false},"excerpt":{"rendered":"<p>Mit Blick auf die Gesamtgesellschaft vertreten wir im Zusammenspiel der Generationen die Belange der \u00e4lteren Menschen im Hohenlohekreis. Wir sind [&hellip;]<\/p>\n","protected":false},"author":3,"featured_media":0,"parent":174,"menu_order":0,"comment_status":"closed","ping_status":"closed","template":"","meta":[],"_links":{"self":[{"href":"https:\/\/lsr-bw.de\/seniorenraete\/hohenlohekreis\/wp-json\/wp\/v2\/pages\/2039"}],"collection":[{"href":"https:\/\/lsr-bw.de\/seniorenraete\/hohenlohekreis\/wp-json\/wp\/v2\/pages"}],"about":[{"href":"https:\/\/lsr-bw.de\/seniorenraete\/hohenlohekreis\/wp-json\/wp\/v2\/types\/page"}],"author":[{"embeddable":true,"href":"https:\/\/lsr-bw.de\/seniorenraete\/hohenlohekreis\/wp-json\/wp\/v2\/users\/3"}],"replies":[{"embeddable":true,"href":"https:\/\/lsr-bw.de\/seniorenraete\/hohenlohekreis\/wp-json\/wp\/v2\/comments?post=2039"}],"version-history":[{"count":6,"href":"https:\/\/lsr-bw.de\/seniorenraete\/hohenlohekreis\/wp-json\/wp\/v2\/pages\/2039\/revisions"}],"predecessor-version":[{"id":2358,"href":"https:\/\/lsr-bw.de\/seniorenraete\/hohenlohekreis\/wp-json\/wp\/v2\/pages\/2039\/revisions\/2358"}],"up":[{"embeddable":true,"href":"https:\/\/lsr-bw.de\/seniorenraete\/hohenlohekreis\/wp-json\/wp\/v2\/pages\/174"}],"wp:attachment":[{"href":"https:\/\/lsr-bw.de\/seniorenraete\/hohenlohekreis\/wp-json\/wp\/v2\/media?parent=2039"}],"curies":[{"name":"wp","href":"https:\/\/api.w.org\/{rel}","templated":true}]}}