{"id":2023,"date":"2021-02-02T13:46:34","date_gmt":"2021-02-02T13:46:34","guid":{"rendered":"https:\/\/lsr-bw.de\/seniorenraete\/hohenlohekreis\/?page_id=2023"},"modified":"2021-08-24T18:56:00","modified_gmt":"2021-08-24T17:56:00","slug":"ueber-uns","status":"publish","type":"page","link":"https:\/\/lsr-bw.de\/seniorenraete\/hohenlohekreis\/wer-wir-sind\/ueber-uns\/","title":{"rendered":"\u00dcber uns"},"content":{"rendered":"<p style=\"padding-left: 40px;\"><span data-sheets-value=\"[null,2,&quot;15 Wohlfahrtsverb\\u00e4nde, Bildungswerke und sonstige Organisationen im Hohenlohekreis sowie 50 Stadtseniorenr\\u00e4te, Seniorenclubs und weitere Gruppen mit Angeboten f\\u00fcr \\u00e4ltere Menschen sind Mitglied im Kreisseniorenrat. Eine Liste der Mitgliedsorganisationen finden Sie hier. \\u000aDie sechs Vorstandsmitglieder unseres Kreisseniorenrates werden von der Mitgliederversammlung auf die Dauer von drei Jahren gew\\u00e4hlt. Zweimalige Wiederwahl ist m\\u00f6glich. Alle Vorstandsmitglieder arbeiten ehrenamtlich.\\u000a\\u000aEtwa alle vier Wochen findet eine Vorstandssitzung im Landratsamt oder anderen sozialen Einrichtungen statt, so dass kontinuierlich die gesteckten Ziele verfolgt werden und eine zeitnahe Bearbeitung von Anliegen gew\\u00e4hrleistet ist. \\u00dcber Frau Susanne Walz im Dezernat f\\u00fcr Familie, Bildung und Gesundheit des Landkreises f\\u00fcr die Altenhilfefachberatung und den Service f\\u00fcr aktive B\\u00fcrger (hier finden Sie genauere Informationen) zust\\u00e4ndig, finden wir eine intensive Zusammenarbeit mit den Beh\\u00f6rden des Landratsamtes als Grundlage f\\u00fcr die kreisweite T\\u00e4tigkeit unserer Arbeitsgemeinschaft. \\u000aIn zahlreichen \\u00f6ffentlichen Veranstaltungen und in \\u00fcber\\u00f6rtlichen Gremien vertritt der Vorstand die Anliegen \\u00e4lterer Menschen im Kreisgebiet. \\u000aEin Beirat, bestehend aus acht Vertretern der in der Seniorenarbeit t\\u00e4tigen Verb\\u00e4nde und Organisationen, acht Vertretern der Seniorenr\\u00e4te und Seniorenclubs sowie einem Vertreter des Landkreises, ber\\u00e4t den Vorstand, macht Vorschl\\u00e4ge und gibt Empfehlungen zur Arbeit des Vorstandes.&quot;]\" data-sheets-userformat=\"[null,null,10685,{&quot;1&quot;:0,&quot;3&quot;:1},null,{&quot;1&quot;:[{&quot;1&quot;:2,&quot;2&quot;:0,&quot;5&quot;:[null,2,0]},[null,0,0,3],[null,1,0,null,1]]},{&quot;1&quot;:[{&quot;1&quot;:2,&quot;2&quot;:0,&quot;5&quot;:[null,2,0]},[null,0,0,3],[null,1,0,null,1]]},{&quot;1&quot;:[{&quot;1&quot;:2,&quot;2&quot;:0,&quot;5&quot;:[null,2,0]},[null,0,0,3],[null,1,0,null,1]]},{&quot;1&quot;:[{&quot;1&quot;:2,&quot;2&quot;:0,&quot;5&quot;:[null,2,0]},[null,0,0,3],[null,1,0,null,1]]},null,1,4,null,null,{&quot;1&quot;:3,&quot;3&quot;:1},null,12]\">15 Wohlfahrtsverb\u00e4nde, Bildungswerke und sonstige Organisationen im Hohenlohekreis sowie 50 Stadtseniorenr\u00e4te,<br \/>\nSeniorenclubs und weitere Gruppen mit Angeboten f\u00fcr \u00e4ltere Menschen sind Mitglied im Kreisseniorenrat. Eine Liste<br \/>\nder Mitgliedsorganisationen <a href=\"https:\/\/lsr-bw.de\/seniorenraete\/hohenlohekreis\/wp-content\/uploads\/2021\/08\/21-08-24_SenTreffs_Homepage.pdf\">finden Sie hier<\/a>.<br \/>\nDie sechs Vorstandsmitglieder unseres Kreisseniorenrates werden von der Mitgliederversammlung auf die Dauer von<br \/>\ndrei Jahren gew\u00e4hlt. Zweimalige Wiederwahl ist m\u00f6glich. Alle Vorstandsmitglieder arbeiten ehrenamtlich.<\/span><\/p>\n<p style=\"padding-left: 40px;\">Etwa alle vier Wochen findet eine Vorstandssitzung im Landratsamt oder anderen sozialen Einrichtungen statt, so<br \/>\ndass kontinuierlich die gesteckten Ziele verfolgt werden und eine zeitnahe Bearbeitung von Anliegen gew\u00e4hrleistet ist.<br \/>\n\u00dcber Frau Susanne Walz im Dezernat f\u00fcr Familie, Bildung und Gesundheit des Landkreises f\u00fcr die Altenhilfefachberatung<br \/>\nund den Service f\u00fcr aktive B\u00fcrger (hier finden Sie genauere Informationen) zust\u00e4ndig, finden wir eine intensive<br \/>\nZusammenarbeit mit den Beh\u00f6rden des Landratsamtes als Grundlage f\u00fcr die kreisweite T\u00e4tigkeit unserer<br \/>\nArbeitsgemeinschaft.<\/p>\n<p style=\"padding-left: 40px;\">In zahlreichen \u00f6ffentlichen Veranstaltungen und in \u00fcber\u00f6rtlichen Gremien vertritt der Vorstand die Anliegen<br \/>\n\u00e4lterer Menschen im Kreisgebiet.<\/p>\n<p style=\"padding-left: 40px;\">Ein Beirat, bestehend aus<br \/>\n&#8211; acht Vertretern der in der Seniorenarbeit t\u00e4tigen Verb\u00e4nde und Organisationen,<br \/>\n&#8211; acht Vertretern der Seniorenr\u00e4te und Seniorenclubs sowie<br \/>\n&#8211; einem Vertreter des Landkreises,<br \/>\nber\u00e4t den Vorstand, macht Vorschl\u00e4ge und gibt Empfehlungen zur Arbeit des Vorstandes.<\/p>\n","protected":false},"excerpt":{"rendered":"<p>15 Wohlfahrtsverb\u00e4nde, Bildungswerke und sonstige Organisationen im Hohenlohekreis sowie 50 Stadtseniorenr\u00e4te, Seniorenclubs und weitere Gruppen mit Angeboten f\u00fcr \u00e4ltere Menschen [&hellip;]<\/p>\n","protected":false},"author":3,"featured_media":0,"parent":110,"menu_order":0,"comment_status":"closed","ping_status":"closed","template":"","meta":[],"_links":{"self":[{"href":"https:\/\/lsr-bw.de\/seniorenraete\/hohenlohekreis\/wp-json\/wp\/v2\/pages\/2023"}],"collection":[{"href":"https:\/\/lsr-bw.de\/seniorenraete\/hohenlohekreis\/wp-json\/wp\/v2\/pages"}],"about":[{"href":"https:\/\/lsr-bw.de\/seniorenraete\/hohenlohekreis\/wp-json\/wp\/v2\/types\/page"}],"author":[{"embeddable":true,"href":"https:\/\/lsr-bw.de\/seniorenraete\/hohenlohekreis\/wp-json\/wp\/v2\/users\/3"}],"replies":[{"embeddable":true,"href":"https:\/\/lsr-bw.de\/seniorenraete\/hohenlohekreis\/wp-json\/wp\/v2\/comments?post=2023"}],"version-history":[{"count":11,"href":"https:\/\/lsr-bw.de\/seniorenraete\/hohenlohekreis\/wp-json\/wp\/v2\/pages\/2023\/revisions"}],"predecessor-version":[{"id":2486,"href":"https:\/\/lsr-bw.de\/seniorenraete\/hohenlohekreis\/wp-json\/wp\/v2\/pages\/2023\/revisions\/2486"}],"up":[{"embeddable":true,"href":"https:\/\/lsr-bw.de\/seniorenraete\/hohenlohekreis\/wp-json\/wp\/v2\/pages\/110"}],"wp:attachment":[{"href":"https:\/\/lsr-bw.de\/seniorenraete\/hohenlohekreis\/wp-json\/wp\/v2\/media?parent=2023"}],"curies":[{"name":"wp","href":"https:\/\/api.w.org\/{rel}","templated":true}]}}