{"id":110,"date":"2020-10-19T07:11:40","date_gmt":"2020-10-19T07:11:40","guid":{"rendered":"https:\/\/lsr-bw.de\/seniorenraete\/hohenlohekreis\/?page_id=110"},"modified":"2021-08-24T18:55:24","modified_gmt":"2021-08-24T17:55:24","slug":"wer-wir-sind","status":"publish","type":"page","link":"https:\/\/lsr-bw.de\/seniorenraete\/hohenlohekreis\/wer-wir-sind\/","title":{"rendered":"Wer wir sind"},"content":{"rendered":"<h2 style=\"padding-left: 40px; text-align: left;\"><strong>Herzlich willkommen beim Kreisseniorenrat<br \/>\nim Hohenlohekreis<\/strong><\/h2>\n<p style=\"padding-left: 40px;\"><span data-sheets-value=\"[null,2,&quot;Herzlich willkommen beim Kreisseniorenrat im Hohenlohekreis Der Kreisseniorenrat im Hohenlohekreis, gegr\\u00fcndet am 21. November 1988, ist seither die Interessenvertretung der Senioren im Hohenlohekreis. Er ist ein freiwilliger Zusammenschluss von Verb\\u00e4nden, Organisationen und Gruppen im Hohenlohekreis, die sich in besonderer Weise der \\u00e4lteren Generation verpflichtet f\\u00fchlen. Ziel ist es, die Zusammenarbeit aller Gruppen im Interesse der B\\u00fcrgerinnen und B\\u00fcrger \\u00fcber 60 Jahre im Hohenlohekreis so eng wie m\\u00f6glich zu gestalten. Der Kreisseniorenrat unterst\\u00fctzt daher die in diesem Netzwerk zusammengeschlossenen Seniorenr\\u00e4te und Seniorengruppen in den Gemeinden auf sozialem, wirtschaftlichem, kulturellem und politischem Gebiet. Er verfolgt ausschlie\\u00dflich und unmittelbar gemeinn\\u00fctzige Zwecke. Der Kreisseniorenrat ist Mitglied im Landesseniorenrat Baden \\u2013 W\\u00fcrttemberg e.V.&quot;]\" data-sheets-userformat=\"[null,null,11197,{&quot;1&quot;:0},null,{&quot;1&quot;:[{&quot;1&quot;:2,&quot;2&quot;:0,&quot;5&quot;:[null,2,0]},[null,0,0,3],[null,1,0,null,1]]},{&quot;1&quot;:[{&quot;1&quot;:2,&quot;2&quot;:0,&quot;5&quot;:[null,2,0]},[null,0,0,3],[null,1,0,null,1]]},{&quot;1&quot;:[{&quot;1&quot;:2,&quot;2&quot;:0,&quot;5&quot;:[null,2,0]},[null,0,0,3],[null,1,0,null,1]]},{&quot;1&quot;:[{&quot;1&quot;:2,&quot;2&quot;:0,&quot;5&quot;:[null,2,0]},[null,0,0,3],[null,1,0,null,1]]},null,1,4,0,null,{&quot;1&quot;:3,&quot;3&quot;:1},null,12]\">Der Kreisseniorenrat im Hohenlohekreis, gegr\u00fcndet am 21. November 1988, ist seither<br \/>\ndie Interessenvertretung der Senioren im Hohenlohekreis. <\/span><\/p>\n<p style=\"padding-left: 40px;\"><span data-sheets-value=\"[null,2,&quot;Herzlich willkommen beim Kreisseniorenrat im Hohenlohekreis Der Kreisseniorenrat im Hohenlohekreis, gegr\\u00fcndet am 21. November 1988, ist seither die Interessenvertretung der Senioren im Hohenlohekreis. Er ist ein freiwilliger Zusammenschluss von Verb\\u00e4nden, Organisationen und Gruppen im Hohenlohekreis, die sich in besonderer Weise der \\u00e4lteren Generation verpflichtet f\\u00fchlen. Ziel ist es, die Zusammenarbeit aller Gruppen im Interesse der B\\u00fcrgerinnen und B\\u00fcrger \\u00fcber 60 Jahre im Hohenlohekreis so eng wie m\\u00f6glich zu gestalten. Der Kreisseniorenrat unterst\\u00fctzt daher die in diesem Netzwerk zusammengeschlossenen Seniorenr\\u00e4te und Seniorengruppen in den Gemeinden auf sozialem, wirtschaftlichem, kulturellem und politischem Gebiet. Er verfolgt ausschlie\\u00dflich und unmittelbar gemeinn\\u00fctzige Zwecke. Der Kreisseniorenrat ist Mitglied im Landesseniorenrat Baden \\u2013 W\\u00fcrttemberg e.V.&quot;]\" data-sheets-userformat=\"[null,null,11197,{&quot;1&quot;:0},null,{&quot;1&quot;:[{&quot;1&quot;:2,&quot;2&quot;:0,&quot;5&quot;:[null,2,0]},[null,0,0,3],[null,1,0,null,1]]},{&quot;1&quot;:[{&quot;1&quot;:2,&quot;2&quot;:0,&quot;5&quot;:[null,2,0]},[null,0,0,3],[null,1,0,null,1]]},{&quot;1&quot;:[{&quot;1&quot;:2,&quot;2&quot;:0,&quot;5&quot;:[null,2,0]},[null,0,0,3],[null,1,0,null,1]]},{&quot;1&quot;:[{&quot;1&quot;:2,&quot;2&quot;:0,&quot;5&quot;:[null,2,0]},[null,0,0,3],[null,1,0,null,1]]},null,1,4,0,null,{&quot;1&quot;:3,&quot;3&quot;:1},null,12]\">Er ist ein freiwilliger Zusammenschluss von Verb\u00e4nden, Organisationen und Gruppen im<br \/>\nHohenlohekreis, die sich in besonderer Weise der \u00e4lteren Generation verpflichtet f\u00fchlen.<br \/>\nZiel ist es, die Zusammenarbeit aller Gruppen im Interesse der B\u00fcrgerinnen und B\u00fcrger<br \/>\n\u00fcber 60 Jahre im Hohenlohekreis so eng wie m\u00f6glich zu gestalten. <\/span><\/p>\n<p style=\"padding-left: 40px;\"><span data-sheets-value=\"[null,2,&quot;Herzlich willkommen beim Kreisseniorenrat im Hohenlohekreis Der Kreisseniorenrat im Hohenlohekreis, gegr\\u00fcndet am 21. November 1988, ist seither die Interessenvertretung der Senioren im Hohenlohekreis. Er ist ein freiwilliger Zusammenschluss von Verb\\u00e4nden, Organisationen und Gruppen im Hohenlohekreis, die sich in besonderer Weise der \\u00e4lteren Generation verpflichtet f\\u00fchlen. Ziel ist es, die Zusammenarbeit aller Gruppen im Interesse der B\\u00fcrgerinnen und B\\u00fcrger \\u00fcber 60 Jahre im Hohenlohekreis so eng wie m\\u00f6glich zu gestalten. Der Kreisseniorenrat unterst\\u00fctzt daher die in diesem Netzwerk zusammengeschlossenen Seniorenr\\u00e4te und Seniorengruppen in den Gemeinden auf sozialem, wirtschaftlichem, kulturellem und politischem Gebiet. Er verfolgt ausschlie\\u00dflich und unmittelbar gemeinn\\u00fctzige Zwecke. Der Kreisseniorenrat ist Mitglied im Landesseniorenrat Baden \\u2013 W\\u00fcrttemberg e.V.&quot;]\" data-sheets-userformat=\"[null,null,11197,{&quot;1&quot;:0},null,{&quot;1&quot;:[{&quot;1&quot;:2,&quot;2&quot;:0,&quot;5&quot;:[null,2,0]},[null,0,0,3],[null,1,0,null,1]]},{&quot;1&quot;:[{&quot;1&quot;:2,&quot;2&quot;:0,&quot;5&quot;:[null,2,0]},[null,0,0,3],[null,1,0,null,1]]},{&quot;1&quot;:[{&quot;1&quot;:2,&quot;2&quot;:0,&quot;5&quot;:[null,2,0]},[null,0,0,3],[null,1,0,null,1]]},{&quot;1&quot;:[{&quot;1&quot;:2,&quot;2&quot;:0,&quot;5&quot;:[null,2,0]},[null,0,0,3],[null,1,0,null,1]]},null,1,4,0,null,{&quot;1&quot;:3,&quot;3&quot;:1},null,12]\">Der Kreisseniorenrat unterst\u00fctzt daher die in diesem Netzwerk zusammengeschlossenen<br \/>\nSeniorenr\u00e4te und Seniorengruppen in den Gemeinden auf sozialem, wirtschaftlichem,<br \/>\nkulturellem und politischem Gebiet. Er verfolgt ausschlie\u00dflich und unmittelbar gemeinn\u00fctzige Zwecke. <\/span><\/p>\n<p style=\"padding-left: 40px;\"><span data-sheets-value=\"[null,2,&quot;Herzlich willkommen beim Kreisseniorenrat im Hohenlohekreis Der Kreisseniorenrat im Hohenlohekreis, gegr\\u00fcndet am 21. November 1988, ist seither die Interessenvertretung der Senioren im Hohenlohekreis. Er ist ein freiwilliger Zusammenschluss von Verb\\u00e4nden, Organisationen und Gruppen im Hohenlohekreis, die sich in besonderer Weise der \\u00e4lteren Generation verpflichtet f\\u00fchlen. Ziel ist es, die Zusammenarbeit aller Gruppen im Interesse der B\\u00fcrgerinnen und B\\u00fcrger \\u00fcber 60 Jahre im Hohenlohekreis so eng wie m\\u00f6glich zu gestalten. Der Kreisseniorenrat unterst\\u00fctzt daher die in diesem Netzwerk zusammengeschlossenen Seniorenr\\u00e4te und Seniorengruppen in den Gemeinden auf sozialem, wirtschaftlichem, kulturellem und politischem Gebiet. Er verfolgt ausschlie\\u00dflich und unmittelbar gemeinn\\u00fctzige Zwecke. Der Kreisseniorenrat ist Mitglied im Landesseniorenrat Baden \\u2013 W\\u00fcrttemberg e.V.&quot;]\" data-sheets-userformat=\"[null,null,11197,{&quot;1&quot;:0},null,{&quot;1&quot;:[{&quot;1&quot;:2,&quot;2&quot;:0,&quot;5&quot;:[null,2,0]},[null,0,0,3],[null,1,0,null,1]]},{&quot;1&quot;:[{&quot;1&quot;:2,&quot;2&quot;:0,&quot;5&quot;:[null,2,0]},[null,0,0,3],[null,1,0,null,1]]},{&quot;1&quot;:[{&quot;1&quot;:2,&quot;2&quot;:0,&quot;5&quot;:[null,2,0]},[null,0,0,3],[null,1,0,null,1]]},{&quot;1&quot;:[{&quot;1&quot;:2,&quot;2&quot;:0,&quot;5&quot;:[null,2,0]},[null,0,0,3],[null,1,0,null,1]]},null,1,4,0,null,{&quot;1&quot;:3,&quot;3&quot;:1},null,12]\">Der Kreisseniorenrat ist Mitglied im Landesseniorenrat Baden \u2013 W\u00fcrttemberg e.V.<\/span><\/p>\n","protected":false},"excerpt":{"rendered":"<p>Der Landesseniorenrat Baden-W\u00fcrttemberg ist ein Zusammenschluss von Kreis- und Stadtseniorenr\u00e4ten, Seniorenverb\u00e4nden und Landesorganisationen, die auf dem Gebiet der Altenarbeit t\u00e4tig sind.<\/p>\n","protected":false},"author":3,"featured_media":0,"parent":0,"menu_order":4,"comment_status":"closed","ping_status":"closed","template":"","meta":[],"_links":{"self":[{"href":"https:\/\/lsr-bw.de\/seniorenraete\/hohenlohekreis\/wp-json\/wp\/v2\/pages\/110"}],"collection":[{"href":"https:\/\/lsr-bw.de\/seniorenraete\/hohenlohekreis\/wp-json\/wp\/v2\/pages"}],"about":[{"href":"https:\/\/lsr-bw.de\/seniorenraete\/hohenlohekreis\/wp-json\/wp\/v2\/types\/page"}],"author":[{"embeddable":true,"href":"https:\/\/lsr-bw.de\/seniorenraete\/hohenlohekreis\/wp-json\/wp\/v2\/users\/3"}],"replies":[{"embeddable":true,"href":"https:\/\/lsr-bw.de\/seniorenraete\/hohenlohekreis\/wp-json\/wp\/v2\/comments?post=110"}],"version-history":[{"count":18,"href":"https:\/\/lsr-bw.de\/seniorenraete\/hohenlohekreis\/wp-json\/wp\/v2\/pages\/110\/revisions"}],"predecessor-version":[{"id":2485,"href":"https:\/\/lsr-bw.de\/seniorenraete\/hohenlohekreis\/wp-json\/wp\/v2\/pages\/110\/revisions\/2485"}],"wp:attachment":[{"href":"https:\/\/lsr-bw.de\/seniorenraete\/hohenlohekreis\/wp-json\/wp\/v2\/media?parent=110"}],"curies":[{"name":"wp","href":"https:\/\/api.w.org\/{rel}","templated":true}]}}