{"id":2503,"date":"2022-01-17T08:00:24","date_gmt":"2022-01-17T07:00:24","guid":{"rendered":"https:\/\/lsr-bw.de\/seniorenraete\/goeppingen\/?page_id=2503"},"modified":"2022-01-17T08:02:17","modified_gmt":"2022-01-17T07:02:17","slug":"gemeinden-bei-denen-die-vorsorgemappe-des-kreisseniorenrates-erhaeltlich-ist","status":"publish","type":"page","link":"https:\/\/lsr-bw.de\/seniorenraete\/goeppingen\/unsere-aufgaben\/vorsorgemappe\/gemeinden-bei-denen-die-vorsorgemappe-des-kreisseniorenrates-erhaeltlich-ist\/","title":{"rendered":"Gemeinden bei denen die Vorsorgemappe des Kreisseniorenrates erh\u00e4ltlich ist"},"content":{"rendered":"<table>\n<tbody>\n<tr>\n<td width=\"174\"><strong>Adelberg<\/strong><\/td>\n<td width=\"287\">B\u00fcrgermeisteramt Adelberg, Vordere Hauptstra\u00dfe 2,Tel.: 07166\/91011-11<\/p>\n<p>&nbsp;<\/td>\n<td width=\"200\">Frau Barna<\/td>\n<\/tr>\n<tr>\n<td width=\"174\"><strong>Albershausen<\/strong><\/td>\n<td width=\"287\">Gemeinde Albershausen, Kirchstra\u00dfe 1, B\u00fcrgerb\u00fcro, Tel: 07161\/3093-12<\/p>\n<p>&nbsp;<\/td>\n<td width=\"200\">Frau Schmidt<\/td>\n<\/tr>\n<tr>\n<td width=\"174\"><strong>Bad Boll<\/strong><\/td>\n<td width=\"287\">B\u00fcrgermeisteramt Bad Boll,<\/p>\n<p>Hauptstra\u00dfe 94, Tel. (07164) 808-11<\/p>\n<p>&nbsp;<\/td>\n<td width=\"200\">Frau Goll<\/p>\n<p>&nbsp;<\/td>\n<\/tr>\n<tr>\n<td width=\"174\"><strong>Bad \u00dcberkingen,<br \/>\nDeggingen,<br \/>\nBad Ditzenbach,<br \/>\nM\u00fchlhausen,<\/strong><strong>Gruibingen,<br \/>\nWiesensteig,<br \/>\nDrackenstein<br \/>\nHohenstadt<\/strong><strong>\u00a0<\/strong><\/td>\n<td width=\"287\">Seniorengemeinschaft Ober Fils e.V. (Segofils), B\u00fcro: Seniorenwohnanlage, Bergwiesenstr. 2, 73342 Bad Ditzenbach, Tel.: 07334\/9219770<\/td>\n<td width=\"200\">Sprechzeiten B\u00fcro:<\/p>\n<p>Montag: 9:00 \u2013 11:00<\/p>\n<p>Mittwoch: 9:00 -11:00<\/p>\n<p>Freitag: 14:00 \u2013 16:00<\/td>\n<\/tr>\n<tr>\n<td width=\"174\"><strong>B\u00f6rtlingen<\/strong><\/td>\n<td width=\"287\">B\u00fcrgermeisteramt B\u00f6rtlingen, Hauptstra\u00dfe 54, Tel.: 07161\/95331-11<\/p>\n<p>&nbsp;<\/td>\n<td width=\"200\">Frau Petter<\/td>\n<\/tr>\n<tr>\n<td width=\"174\"><strong>Donzdorf<\/strong><\/td>\n<td width=\"287\">Stadtseniorenrat,<\/td>\n<td width=\"200\">monatliche Sprechstunde, Donzdorf, Stadthallen-restaurant, Email:\u00a0<a href=\"mailto:guenter@simnacher.com\">guenter@simnacher.com<\/a><\/p>\n<p>&nbsp;<\/td>\n<\/tr>\n<tr>\n<td width=\"174\"><strong>Donzdorf <\/strong><\/td>\n<td width=\"287\">Sozialstation St. Martinus, Donzdorf, Hauptstra\u00dfe 60<\/p>\n<p>Tel.: 07162\/ 912 230<\/p>\n<p>&nbsp;<\/td>\n<td width=\"200\"><\/td>\n<\/tr>\n<tr>\n<td width=\"174\"><strong>D\u00fcrnau<\/strong><\/td>\n<td width=\"287\">B\u00fcrgermeisteramt D\u00fcrnau, VHS-Au\u00dfenstelle D\u00fcrnau-Gammelshausen, Hauptstra\u00dfe 16, Tel.: 07164\/91010-12<\/p>\n<p>&nbsp;<\/td>\n<td width=\"200\">Frau Pikisch<\/td>\n<\/tr>\n<tr>\n<td width=\"174\"><strong>Eschenbach<\/strong><\/td>\n<td width=\"287\"><a href=\"http:\/\/www.gemeinde-eschenbach.de\/\">Gemeinde Eschenbach,<\/a><\/p>\n<p>Lotenbergstra\u00dfe 6, Tel.: 07161 94040-15<\/p>\n<p>&nbsp;<\/td>\n<td width=\"200\">Frau Senft<\/td>\n<\/tr>\n<tr>\n<td width=\"174\"><strong>G\u00f6ppingen<\/strong><\/td>\n<td width=\"287\">Stadtseniorenrat, B\u00fcrgerhaus, Kirchstra\u00dfe 11, Tel: 07161 650-5261<\/td>\n<td width=\"200\">Sprechstunden jeden Mittwoch: 9.30-11.30 UhrVoranmeldung notwendig<\/p>\n<p>&nbsp;<\/p>\n<p>&nbsp;<\/td>\n<\/tr>\n<tr>\n<td width=\"174\"><strong>Gruibingen<\/strong><\/td>\n<td width=\"287\">B\u00fcrgermeisteramt Gruibingen, Hauptstra\u00dfe 18<\/p>\n<p>Tel.: 07335\/960014<\/p>\n<p>&nbsp;<\/p>\n<p>&nbsp;<\/td>\n<td width=\"200\">Frau Eckardt<\/td>\n<\/tr>\n<tr>\n<td width=\"174\"><strong>Heiningen<\/strong><\/td>\n<td width=\"287\">B\u00fcrgermeisteramt Heiningen, Hauptstra\u00dfe 30, Telefon: 07161 4034-35<\/p>\n<p>&nbsp;<\/td>\n<td width=\"200\">Frau Walter<\/td>\n<\/tr>\n<tr>\n<td width=\"174\"><strong>Lauterstein<\/strong><\/td>\n<td width=\"287\">Stadt Lauterstein, Hauptstr. 75, 73111 Lauterstein, Tel. 07332\/ 9669-12<\/td>\n<td width=\"200\">Frau Ziller<\/td>\n<\/tr>\n<tr>\n<td width=\"174\"><strong>Salach\u00a0 <\/strong><\/p>\n<p><strong>\u00a0<\/strong><\/td>\n<td width=\"287\">Gemeinde Salach, Rathausplatz 1,<\/p>\n<p>Frau Sch\u00e4fer, Tel.: 07162\/4008-62<\/td>\n<td width=\"200\">Frau Sch\u00e4fer<\/td>\n<\/tr>\n<tr>\n<td width=\"174\"><strong>Schlierbach<\/strong><\/td>\n<td width=\"287\">Gemeindeverwaltung Schlierbach, H\u00f6lzerstra\u00dfe 1,\u00a0 Telefon 07021\/97006-13<\/td>\n<td width=\"200\">Frau Deuschle<\/td>\n<\/tr>\n<tr>\n<td width=\"174\"><strong>S\u00fc\u00dfen<\/strong><\/td>\n<td width=\"287\">Stadtverwaltung S\u00fc\u00dfen, B\u00fcrgerb\u00fcro, Tel. 07162\/9616-27<\/p>\n<p>&nbsp;<\/td>\n<td width=\"200\">Frau Eberhardt<\/td>\n<\/tr>\n<tr>\n<td width=\"174\"><strong>Uhingen<\/strong><\/td>\n<td width=\"287\">Stadtverwaltung Uhingen, Kirchstra\u00dfe 2, Tel.: 07161.9380-105<\/p>\n<p>&nbsp;<\/td>\n<td width=\"200\">Frau Fl\u00f6ter, Sozialamt<\/td>\n<\/tr>\n<\/tbody>\n<\/table>\n","protected":false},"excerpt":{"rendered":"<p>Adelberg B\u00fcrgermeisteramt Adelberg, Vordere Hauptstra\u00dfe 2,Tel.: 07166\/91011-11 &nbsp; Frau Barna Albershausen Gemeinde Albershausen, Kirchstra\u00dfe 1, B\u00fcrgerb\u00fcro, Tel: 07161\/3093-12 &nbsp; Frau [&hellip;]<\/p>\n","protected":false},"author":9,"featured_media":0,"parent":2269,"menu_order":0,"comment_status":"closed","ping_status":"closed","template":"","meta":[],"_links":{"self":[{"href":"https:\/\/lsr-bw.de\/seniorenraete\/goeppingen\/wp-json\/wp\/v2\/pages\/2503"}],"collection":[{"href":"https:\/\/lsr-bw.de\/seniorenraete\/goeppingen\/wp-json\/wp\/v2\/pages"}],"about":[{"href":"https:\/\/lsr-bw.de\/seniorenraete\/goeppingen\/wp-json\/wp\/v2\/types\/page"}],"author":[{"embeddable":true,"href":"https:\/\/lsr-bw.de\/seniorenraete\/goeppingen\/wp-json\/wp\/v2\/users\/9"}],"replies":[{"embeddable":true,"href":"https:\/\/lsr-bw.de\/seniorenraete\/goeppingen\/wp-json\/wp\/v2\/comments?post=2503"}],"version-history":[{"count":4,"href":"https:\/\/lsr-bw.de\/seniorenraete\/goeppingen\/wp-json\/wp\/v2\/pages\/2503\/revisions"}],"predecessor-version":[{"id":2510,"href":"https:\/\/lsr-bw.de\/seniorenraete\/goeppingen\/wp-json\/wp\/v2\/pages\/2503\/revisions\/2510"}],"up":[{"embeddable":true,"href":"https:\/\/lsr-bw.de\/seniorenraete\/goeppingen\/wp-json\/wp\/v2\/pages\/2269"}],"wp:attachment":[{"href":"https:\/\/lsr-bw.de\/seniorenraete\/goeppingen\/wp-json\/wp\/v2\/media?parent=2503"}],"curies":[{"name":"wp","href":"https:\/\/api.w.org\/{rel}","templated":true}]}}