{"id":2276,"date":"2021-03-19T09:30:27","date_gmt":"2021-03-19T08:30:27","guid":{"rendered":"https:\/\/lsr-bw.de\/seniorenraete\/goeppingen\/unsere-aufgaben\/service-plus\/"},"modified":"2022-01-20T09:58:22","modified_gmt":"2022-01-20T08:58:22","slug":"service-plus","status":"publish","type":"page","link":"https:\/\/lsr-bw.de\/seniorenraete\/goeppingen\/unsere-aufgaben\/service-plus\/","title":{"rendered":"Service Plus"},"content":{"rendered":"<p><strong>Ein Gemeinschaftsprojekt vom Kreisseniorenrat, der Kreishandwerkerschaft sowie der Wohnberatung vom Deutschen Roten Kreuz.<\/strong><\/p>\n<h2>Neue vorgesehene Schulungen im Fr\u00fchjahr 2022 entfallen leider aus Corona-Gr\u00fcnden.<\/h2>\n<h2>Die Wohnung \u2013 Mittelpunkt des Lebens<\/h2>\n<figure id=\"attachment_2496\" aria-describedby=\"caption-attachment-2496\" style=\"width: 410px\" class=\"wp-caption alignleft\"><img loading=\"lazy\" class=\"wp-image-2496\" src=\"https:\/\/lsr-bw.de\/seniorenraete\/goeppingen\/wp-content\/uploads\/2022\/01\/pexels-pixabay-34761-300x199.jpg\" alt=\"\u00a9 Pixabay\" width=\"410\" height=\"272\" srcset=\"https:\/\/lsr-bw.de\/seniorenraete\/goeppingen\/wp-content\/uploads\/2022\/01\/pexels-pixabay-34761-300x199.jpg 300w, https:\/\/lsr-bw.de\/seniorenraete\/goeppingen\/wp-content\/uploads\/2022\/01\/pexels-pixabay-34761-1024x678.jpg 1024w, https:\/\/lsr-bw.de\/seniorenraete\/goeppingen\/wp-content\/uploads\/2022\/01\/pexels-pixabay-34761-768x509.jpg 768w, https:\/\/lsr-bw.de\/seniorenraete\/goeppingen\/wp-content\/uploads\/2022\/01\/pexels-pixabay-34761-1536x1017.jpg 1536w, https:\/\/lsr-bw.de\/seniorenraete\/goeppingen\/wp-content\/uploads\/2022\/01\/pexels-pixabay-34761-2048x1356.jpg 2048w\" sizes=\"(max-width: 410px) 100vw, 410px\" \/><figcaption id=\"caption-attachment-2496\" class=\"wp-caption-text\">\u00a9 Pixabay<\/figcaption><\/figure>\n<p>Viele \u00c4ltere und Menschen mit Einschr\u00e4nkungen m\u00f6chten m\u00f6glichst lange in Ihrer eigenen Wohnung und bekannten Umgebung bleiben. Ganz besonders, wenn die Mobilit\u00e4t nachl\u00e4sst und die gewohnten vier W\u00e4nde zum Mittelpunkt des Lebens werden.<\/p>\n<p><a href=\"https:\/\/serviceplus-bw.de\" target=\"_blank\" rel=\"noopener\">ServicePlus geschulte und zertifizierte Betriebe aus Handwerk und Dienstleistung<\/a> bieten zus\u00e4tzlich zu Ihrer Fachkompetenz, Beratung im Hinblick auf die besonderen Anforderungen und Bed\u00fcrfnisse \u00e4lterer Menschen und Menschen mit k\u00f6rperlichen Einschr\u00e4nkungen. Sie beraten, unterst\u00fctzen und f\u00fchren Umbauma\u00dfnahmen sowie Wohnungsanpassungen durch. Sie geben au\u00dferdem Ratschl\u00e4ge \u00fcber weitere Ma\u00dfnahmen und Hilfen.<\/p>\n<h2>Die Bedingungen f\u00fcr die ServicePlus Zertifizierung<\/h2>\n<h4>1. Geschulter Fachbetrieb ServicePlus<\/h4>\n<p>Die Kreisseniorenr\u00e4te Reutlingen, Esslingen, G\u00f6ppingen und Rems-Murr vergeben mit Ihren Partnern das Zertifikat \u201eGeschulter Fachbetrieb ServicePlus\u201c. Damit sollen besonders seniorenfreundliche Service-Leistungen sowie spezielle Kenntnisse des Betriebs \u00fcber den Bedarf von Senioren und von Menschen, die mit Einschr\u00e4nkungen leben m\u00fcssen gew\u00fcrdigt und in der \u00d6ffentlichkeit bekannt gemacht werden. Die Laufzeit des Zertifikats betr\u00e4gt drei Jahre und kann bei Vorliegen der Voraussetzungen verl\u00e4ngert werden. Eine Verl\u00e4ngerung Ist vom Besuch von zwei angebotenen Fortbildungen innerhalb von drei Jahren abh\u00e4ngig.<\/p>\n<p><a href=\"https:\/\/serviceplus-bw.de\" target=\"_blank\" rel=\"noopener\"><img loading=\"lazy\" class=\"wp-image-2622 alignnone\" src=\"https:\/\/lsr-bw.de\/seniorenraete\/goeppingen\/wp-content\/uploads\/2022\/01\/Logo_ServicePlus_HighRes-300x94.png\" alt=\"\" width=\"410\" height=\"129\" srcset=\"https:\/\/lsr-bw.de\/seniorenraete\/goeppingen\/wp-content\/uploads\/2022\/01\/Logo_ServicePlus_HighRes-300x94.png 300w, https:\/\/lsr-bw.de\/seniorenraete\/goeppingen\/wp-content\/uploads\/2022\/01\/Logo_ServicePlus_HighRes-1024x322.png 1024w, https:\/\/lsr-bw.de\/seniorenraete\/goeppingen\/wp-content\/uploads\/2022\/01\/Logo_ServicePlus_HighRes-768x242.png 768w, https:\/\/lsr-bw.de\/seniorenraete\/goeppingen\/wp-content\/uploads\/2022\/01\/Logo_ServicePlus_HighRes.png 1071w\" sizes=\"(max-width: 410px) 100vw, 410px\" \/><\/a><\/p>\n<h4>2. Grundschulung<\/h4>\n<p>An der Grundschulung nehmen vor allem Unternehmer und Mitarbeiter teil, die Kundenkontakt haben. Es ist erw\u00fcnscht, dass m\u00f6glichst viele Mitarbeiter des Betriebes die Grundschulung besuchen. Die Kreisseniorenr\u00e4te erwarten, dass die Inhalte der Grundschulung im Unternehmen bekannt gemacht werden und die Vorgesetzten die Verantwortung f\u00fcr die Einhaltung der Zertifizierungsbedingungen \u00fcbernehmen.<\/p>\n<p>Wir im Landkreis G\u00f6ppingen f\u00fchrten im Januar 2015 unsere 3. Grundschulung durch. Zur Zeit haben im Landkreis ca. 50 Handwerksbetriebe das<a href=\"https:\/\/www.serviceplus-bw.de\/index.php?action=unternehmen_liste&amp;Kreis=GP\" target=\"_blank\" rel=\"noopener\"> Zertifikat ServicePlus<\/a>.<\/p>\n<p>Eine erste Fortbildung fand im Landkreis G\u00f6ppingen \u00fcber das Thema \u201eFinanzierung von Umbauma\u00dfnahmen\u201c statt. Die Referentin war hier Frau Seitz-Sorg von der DRK-Wohnberatung.\u00a0Eine weitere Fortbildung fand im Landkreis \u00fcber das Thema Marketing statt. Hier wurden die Teilnehmer von einem Fachmann \u00fcber das Thema Marketing geschult.<\/p>\n<p>Hauptthema war, wie die Betriebe das ServicePlus Logo am besten vermarkten beziehungsweise mit in die eigene Werbung integrieren k\u00f6nnen.\u00a0Nach diesen Ausf\u00fchrungen durch Gerhard Sannwald wurden die anwesenden Mitglieder aufgefordert, bei Ihren Handwerkern zur Teilnahme bei ServicePlus zu werben. Ferner wurde auf die ausliegenden <a href=\"https:\/\/serviceplus-bw.de\/wp-content\/uploads\/2022\/01\/Serviceplus_Flyer_Goepp_RZ_1118-1.pdf\" target=\"_blank\" rel=\"noopener\">Flyer \u00fcber\u00a0ServicePlus\u00a0<\/a>hingewiesen.<\/p>\n<h3><\/h3>\n","protected":false},"excerpt":{"rendered":"<p>Ein Gemeinschaftsprojekt vom Kreisseniorenrat, der Kreishandwerkerschaft sowie der Wohnberatung vom Deutschen Roten Kreuz. Neue vorgesehene Schulungen im Fr\u00fchjahr 2022 entfallen [&hellip;]<\/p>\n","protected":false},"author":3,"featured_media":0,"parent":174,"menu_order":1,"comment_status":"closed","ping_status":"closed","template":"","meta":[],"_links":{"self":[{"href":"https:\/\/lsr-bw.de\/seniorenraete\/goeppingen\/wp-json\/wp\/v2\/pages\/2276"}],"collection":[{"href":"https:\/\/lsr-bw.de\/seniorenraete\/goeppingen\/wp-json\/wp\/v2\/pages"}],"about":[{"href":"https:\/\/lsr-bw.de\/seniorenraete\/goeppingen\/wp-json\/wp\/v2\/types\/page"}],"author":[{"embeddable":true,"href":"https:\/\/lsr-bw.de\/seniorenraete\/goeppingen\/wp-json\/wp\/v2\/users\/3"}],"replies":[{"embeddable":true,"href":"https:\/\/lsr-bw.de\/seniorenraete\/goeppingen\/wp-json\/wp\/v2\/comments?post=2276"}],"version-history":[{"count":9,"href":"https:\/\/lsr-bw.de\/seniorenraete\/goeppingen\/wp-json\/wp\/v2\/pages\/2276\/revisions"}],"predecessor-version":[{"id":2513,"href":"https:\/\/lsr-bw.de\/seniorenraete\/goeppingen\/wp-json\/wp\/v2\/pages\/2276\/revisions\/2513"}],"up":[{"embeddable":true,"href":"https:\/\/lsr-bw.de\/seniorenraete\/goeppingen\/wp-json\/wp\/v2\/pages\/174"}],"wp:attachment":[{"href":"https:\/\/lsr-bw.de\/seniorenraete\/goeppingen\/wp-json\/wp\/v2\/media?parent=2276"}],"curies":[{"name":"wp","href":"https:\/\/api.w.org\/{rel}","templated":true}]}}