{"id":2077,"date":"2021-02-03T08:01:43","date_gmt":"2021-02-03T08:01:43","guid":{"rendered":"https:\/\/lsr-bw.de\/seniorenraete\/goeppingen\/?page_id=2077"},"modified":"2021-05-11T13:01:32","modified_gmt":"2021-05-11T12:01:32","slug":"impressum","status":"publish","type":"page","link":"https:\/\/lsr-bw.de\/seniorenraete\/goeppingen\/impressum\/","title":{"rendered":"Impressum"},"content":{"rendered":"<h2><strong>Postanschrift des Kreisseniorenrates G\u00f6ppingen<\/strong><\/h2>\n<p><strong>Kreisseniorenrat G\u00f6ppingen<\/strong><br \/>\nPostfach 668<br \/>\n73006 G\u00f6ppingen<\/p>\n<p><strong>Vorsitzender:<\/strong> Friedrich Kauderer<br \/>\nStruttweg 8<br \/>\n73092 Heiningen<\/p>\n<p>Telefon: 0 71 61 \/ 4 99 35<br \/>\nE-Mail: mf.kauderer (at) web.de<\/p>\n<p>2. Vorsitzender: Gerhard Sannwald<br \/>\nHeinrich-Reinemer-Weg 5<br \/>\n73312 Geislingen<br \/>\nTelefon:0 73 31 \/ 62 86 9<br \/>\nE-Mail: gerhard.sannwald\u00a0(at)\u00a0kabelbw.de<\/p>\n<h2>Inhaltlich Verantwortlicher gem\u00e4\u00df \u00a7 6 Mediendienste-Staatsvertrag (MDStV):<\/h2>\n<p>Friedrich Kauderer<br \/>\nStruttweg 8<br \/>\n73092 Heiningen<\/p>\n<h2>Rechtliches<\/h2>\n<h3>Ausgebrachte Verweise und Links<\/h3>\n<p>Mit Urteil vom 12. Mai 1998 hat das Landgericht Hamburg entschieden, dass man durch die Ausbringung eines Links die Inhalte der gelinkten Seite ggf. mit zu verantworten hat. Dies kann &#8211; so das LG &#8211; nur dadurch verhindert werden, dass man sich ausdr\u00fccklich von diesen Inhalten distanziert. Der LSR hat auf verschiedenen Seiten dieser Website Links zu anderen Seiten im Internet gelegt und erkl\u00e4rt ausdr\u00fccklich, dass zum Zeitpunkt einer Linksetzung die entsprechenden verlinkten Seiten frei von illegalen Inhalten waren.<\/p>\n<p><strong>F\u00fcr alle gesetzten Links gilt:<\/strong><\/p>\n<p>Der LSR betont ausdr\u00fccklich, dass er keinerlei Einfluss auf die Gestaltung und die Inhalte der gelinkten Seiten hat. Deshalb distanziert sich der LSR hiermit ausdr\u00fccklich von allen Inhalten aller gelinkten Seiten auf dieser Website und macht sich diese Inhalte nicht zueigen. Diese Erkl\u00e4rung gilt f\u00fcr alle auf dieser Website ausgebrachten Links. Der LSR tr\u00e4gt keine Verantwortung f\u00fcr die Art, wie die hier zur Verf\u00fcgung gestellten Informationen genutzt werden.<\/p>\n<p>Der Kreisseniorenrat G\u00f6ppingen \u00fcbernimmt keine Haftung oder Garantie f\u00fcr die Aktualit\u00e4t, Richtigkeit und Vollst\u00e4ndigkeit der zur Verf\u00fcgung gestellten Informationen. Die Vervielf\u00e4ltigung und Verbreitung von Informationen oder Daten, insbesondere die Verwendung von Texten, Textteilen oder Bildmaterial, bedarf der Einwilligung des Kreisseniorenrat G\u00f6ppingen.<\/p>\n<p><a href=\"https:\/\/lsr-bw.de\/seniorenraete\/goeppingen\/wp-admin\" target=\"_blank\" rel=\"noopener\">Login f\u00fcr Redaktion<\/a><\/p>\n","protected":false},"excerpt":{"rendered":"<p>Postanschrift des Kreisseniorenrates G\u00f6ppingen Kreisseniorenrat G\u00f6ppingen Postfach 668 73006 G\u00f6ppingen Vorsitzender: Friedrich Kauderer Struttweg 8 73092 Heiningen Telefon: 0 71 [&hellip;]<\/p>\n","protected":false},"author":3,"featured_media":0,"parent":0,"menu_order":5,"comment_status":"closed","ping_status":"closed","template":"","meta":[],"_links":{"self":[{"href":"https:\/\/lsr-bw.de\/seniorenraete\/goeppingen\/wp-json\/wp\/v2\/pages\/2077"}],"collection":[{"href":"https:\/\/lsr-bw.de\/seniorenraete\/goeppingen\/wp-json\/wp\/v2\/pages"}],"about":[{"href":"https:\/\/lsr-bw.de\/seniorenraete\/goeppingen\/wp-json\/wp\/v2\/types\/page"}],"author":[{"embeddable":true,"href":"https:\/\/lsr-bw.de\/seniorenraete\/goeppingen\/wp-json\/wp\/v2\/users\/3"}],"replies":[{"embeddable":true,"href":"https:\/\/lsr-bw.de\/seniorenraete\/goeppingen\/wp-json\/wp\/v2\/comments?post=2077"}],"version-history":[{"count":6,"href":"https:\/\/lsr-bw.de\/seniorenraete\/goeppingen\/wp-json\/wp\/v2\/pages\/2077\/revisions"}],"predecessor-version":[{"id":2379,"href":"https:\/\/lsr-bw.de\/seniorenraete\/goeppingen\/wp-json\/wp\/v2\/pages\/2077\/revisions\/2379"}],"wp:attachment":[{"href":"https:\/\/lsr-bw.de\/seniorenraete\/goeppingen\/wp-json\/wp\/v2\/media?parent=2077"}],"curies":[{"name":"wp","href":"https:\/\/api.w.org\/{rel}","templated":true}]}}